{"id":97,"date":"2018-12-03T10:42:59","date_gmt":"2018-12-03T10:42:59","guid":{"rendered":"http:\/\/boagk.se.preview.binero.se\/?page_id=97"},"modified":"2026-04-13T15:46:30","modified_gmt":"2026-04-13T15:46:30","slug":"tavlingar","status":"publish","type":"page","link":"https:\/\/boagk.se\/en\/banan\/tavlingar\/","title":{"rendered":"Competitions"},"content":{"rendered":"<div class='av-hotspot-image-container avia_animate_when_almost_visible   av-hotspot-numbered av-mobile-fallback-active    av-non-fullwidth-hotspot-image'  itemprop=\"ImageObject\" itemscope=\"itemscope\" itemtype=\"https:\/\/schema.org\/ImageObject\"  ><div class='av-hotspot-container'><div class='av-hotspot-container-inner-cell'><div class='av-hotspot-container-inner-wrap'><img class='avia_image' src='https:\/\/boagk.se\/wp-content\/uploads\/2019\/01\/T\u00e4vlingar-Boa-GK.jpg' alt='' title=''  height=\"450\"width=\"1200\"  itemprop=\"thumbnailUrl\"  \/><\/div><\/div><\/div><\/div>\n<section class=\"av_textblock_section\"  itemscope=\"itemscope\" itemtype=\"https:\/\/schema.org\/CreativeWork\" ><div class='avia_textblock'   itemprop=\"text\" ><\/div><\/section>\n<div class=\"flex_column av_one_full  flex_column_div av-zero-column-padding first\" style='border-radius:0px; '><p><div style='padding-bottom:10px; font-size:24px;' class='av-special-heading av-special-heading-h1  blockquote modern-quote modern-centered   av-inherit-size'><h1 class='av-special-heading-tag'  itemprop=\"headline\"  >T\u00e4vlings- och arrangemangskalender 2026<\/h1><div class='special-heading-border'><div class='special-heading-inner-border' ><\/div><\/div><\/div><br \/>\n<section class=\"av_textblock_section\"  itemscope=\"itemscope\" itemtype=\"https:\/\/schema.org\/CreativeWork\" ><div class='avia_textblock'   itemprop=\"text\" ><p style=\"text-align: center;\"><span class=\"color_25\"><a href=\"https:\/\/mingolf.golf.se\/tavling\/?selectedDateFrom=2026-03-21&amp;selectedDateTo=2026-09-30&amp;selectedClubIds=1b34add9-1c98-4ac8-969b-3fb2d041323a&amp;selectedOtherOptions=gameType_2%2CgameType_1%2CgameComposition_1%2CgameComposition_2%2CgameComposition_3%2Cgender_0%2Cgender_1%2Cgender_3%2CopenFor_2%2CopenFor_1%2CopenFor_3&amp;selectedOnlyWeekends=false&amp;selectedOnlyFollowed=false&amp;searchPhrase=&amp;onlyShowScratchCompetitions=false&amp;page=1&amp;sortColumn=date\">T\u00e4vlingsanm\u00e4lan och resultat hittar du h\u00e4r.<\/a><br \/>\nT\u00e4vlingsanm\u00e4lan ska g\u00f6ras senast 12:00 tv\u00e5 dagar f\u00f6re t\u00e4vling, om inget annat ansl\u00e5s<br \/>\n<\/span><a href=\"https:\/\/boagk.se\/wp-content\/uploads\/2025\/09\/TAVLINGSBESTAMMELSER-BoaGK-2025.docx\">T\u00c4VLINGSBEST\u00c4MMELSER BoaGK 2025<\/a><\/p>\n<p style=\"text-align: center;\">Vi beh\u00f6ver alltid din hj\u00e4p! I \u00e5r s\u00f6ker vi funktion\u00e4rer till Junior Div 3 den 30 juli. Starters, forecaddie p\u00e5 13, 16 och eventuellt h\u00e5l 5. Inga som helst f\u00f6rkunskaper kr\u00e4vs, du f\u00e5r all information f\u00f6re t\u00e4vling i ett gemensamt uppstartsm\u00f6te. Fika och mat f\u00e5r du ocks\u00e5 s\u00e5 du orkar.<\/p>\n<p style=\"text-align: center;\">Har du n\u00e5gra som helst fr\u00e5gor om t\u00e4vlingar p\u00e5 Boa s\u00e5 maila till tavling@boagk.se<\/p>\n<\/div><\/section><br \/>\n<div class='avia-data-table-wrap avia_responsive_table'><table class='avia-table avia-data-table avia-table-1  avia_pricing_minimal'  itemscope=\"itemscope\" itemtype=\"https:\/\/schema.org\/Table\" ><tbody><tr class='avia-heading-row'><th class=''>April<\/th><th class=''>T\u00e4vling<\/th><th class=''>Start<\/th><th class=''>Startf\u00f6rbud<\/th><th class=''>Spelform<\/th><th class=''>Sponsor<\/th><\/tr><tr class=''><td class=''>15\/4<\/td><td class=''>Onsdagsgolfen<\/td><td class=''>09:00<\/td><td class=''><\/td><td class=''><\/td><td class=''><\/td><\/tr><tr class=''><td class=''>Flyttas lite fram\u00e5t i tiden. <\/td><td class=''>Regelkv\u00e4ll<\/td><td class=''>Information kommer<\/td><td class=''><\/td><td class=''><\/td><td class=''><\/td><\/tr><tr class=''><td class=''>18\/4<\/td><td class=''>Extra st\u00e4ddag. Ta med krattor och hj\u00e4lp oss att st\u00e4da efter stormen. <\/td><td class=''><\/td><td class=''><\/td><td class=''><\/td><td class=''><\/td><\/tr><tr class=''><td class=''>19\/4<\/td><td class=''>Avrostningst\u00e4vling<\/td><td class=''>11:00<\/td><td class=''>10.50-12.30<\/td><td class=''>9 h\u00e5l Scramble &amp; 9 h\u00e5l b\u00e4stboll<\/td><td class=''><\/td><\/tr><tr class=''><td class=''>22\/4<\/td><td class=''>Onsdagsgolfen<\/td><td class=''>09:00<\/td><td class=''><\/td><td class=''><\/td><td class=''><\/td><\/tr><tr class=''><td class=''>29\/4<\/td><td class=''>Onsdagsgolfen<\/td><td class=''>09:00<\/td><td class=''><\/td><td class=''><\/td><td class=''><\/td><\/tr><\/tbody><\/table><\/div><style type='text\/css'>.avia-table-1 td:nth-of-type(1):before { content: 'April'; } .avia-table-1 td:nth-of-type(2):before { content: 'T\u00e4vling'; } .avia-table-1 td:nth-of-type(3):before { content: 'Start'; } .avia-table-1 td:nth-of-type(4):before { content: 'Startf\u00f6rbud'; } .avia-table-1 td:nth-of-type(5):before { content: 'Spelform'; } .avia-table-1 td:nth-of-type(6):before { content: 'Sponsor'; } <\/style><br \/>\n<div class='avia-data-table-wrap avia_responsive_table'><table class='avia-table avia-data-table avia-table-2  avia_pricing_minimal'  itemscope=\"itemscope\" itemtype=\"https:\/\/schema.org\/Table\" ><tbody><tr class='avia-heading-row'><th class=''>Maj<\/th><th class=''>T\u00e4vling<\/th><th class=''>Start<\/th><th class=''>Startf\u00f6rbud<\/th><th class=''>Spelform<\/th><th class=''>Sponsor<\/th><\/tr><tr class=''><td class=''>2\/5<\/td><td class=''>Grepp- och bytardag<\/td><td class=''><\/td><td class=''><\/td><td class=''><\/td><td class=''><\/td><\/tr><tr class=''><td class=''>6\/5<\/td><td class=''>Onsdagsgolfen<\/td><td class=''>09:00<\/td><td class=''><\/td><td class=''><\/td><td class=''><\/td><\/tr><tr class=''><td class=''>10\/5<\/td><td class=''>D22\/D50\/H22 Seriespel Blekinge <\/td><td class=''>11:00<\/td><td class=''>10:30-15:00<\/td><td class=''>Singel scratch<\/td><td class=''><\/td><\/tr><tr class=''><td class=''>13\/5<\/td><td class=''>Onsdagsgolfen<\/td><td class=''>09:00<\/td><td class=''><\/td><td class=''><\/td><td class=''><\/td><\/tr><tr class=''><td class=''>20\/5<\/td><td class=''>Med Cress om robotar banan och maskiner<\/td><td class=''>Kv\u00e4ll<br \/>\nInformation kommer<\/td><td class=''><\/td><td class=''><\/td><td class=''><\/td><\/tr><tr class=''><td class=''>20\/5<\/td><td class=''>Onsdagsgolfen<\/td><td class=''>09:00<\/td><td class=''><\/td><td class=''><\/td><td class=''><\/td><\/tr><tr class=''><td class=''>27\/5<\/td><td class=''>Onsdagsgolfen<\/td><td class=''>09:00<\/td><td class=''><\/td><td class=''><\/td><td class=''><\/td><\/tr><tr class=''><td class=''>16\/5<\/td><td class=''>Stora bytardagen!<br \/>\nByta grepp och klubbor eller utrustning. Information kommer p\u00e5 v\u00e5ra sociala medier. <\/td><td class=''><\/td><td class=''><\/td><td class=''><\/td><td class=''><\/td><\/tr><\/tbody><\/table><\/div><style type='text\/css'>.avia-table-2 td:nth-of-type(1):before { content: 'Maj'; } .avia-table-2 td:nth-of-type(2):before { content: 'T\u00e4vling'; } .avia-table-2 td:nth-of-type(3):before { content: 'Start'; } .avia-table-2 td:nth-of-type(4):before { content: 'Startf\u00f6rbud'; } .avia-table-2 td:nth-of-type(5):before { content: 'Spelform'; } .avia-table-2 td:nth-of-type(6):before { content: 'Sponsor'; } <\/style><br \/>\n<div class='avia-data-table-wrap avia_responsive_table'><table class='avia-table avia-data-table avia-table-3  avia_pricing_minimal'  itemscope=\"itemscope\" itemtype=\"https:\/\/schema.org\/Table\" ><tbody><tr class='avia-heading-row'><th class=''>Juni<\/th><th class=''>T\u00e4vling<\/th><th class=''>Start<\/th><th class=''>Startf\u00f6rbud<\/th><th class=''>Spelform<\/th><th class=''>Sponsor<\/th><\/tr><tr class=''><td class=''>1\/6<\/td><td class=''>H55+ Blekinge Senior Tour<\/td><td class=''>10.00<\/td><td class=''>04:00-15:00<\/td><td class=''>Slaggolf<\/td><td class=''><\/td><\/tr><tr class=''><td class=''>3\/6<\/td><td class=''>Onsdagsgolfen<\/td><td class=''>09:00<\/td><td class=''><\/td><td class=''><\/td><td class=''><\/td><\/tr><tr class=''><td class=''>6\/6<\/td><td class=''>Flaggt\u00e4vling<\/td><td class=''>09:00<\/td><td class=''>6.00-14:00<\/td><td class=''>Singel,Slaggolf<\/td><td class=''><\/td><\/tr><tr class=''><td class=''>10\/6<\/td><td class=''>Onsdagsgolfen<\/td><td class=''>09:00<\/td><td class=''><\/td><td class=''><\/td><td class=''><\/td><\/tr><tr class=''><td class=''>10\/6<\/td><td class=''>Putt\u00e4vling p\u00e5 puttinggreen<\/td><td class=''>17:00<\/td><td class=''><\/td><td class=''><\/td><td class=''><\/td><\/tr><tr class=''><td class=''>13\/6<\/td><td class=''>Under Par Challange p\u00e5 Boa GK by Golfamore &amp; Out of Bounds<\/td><td class=''>9:30<\/td><td class=''>5.00-15.30<\/td><td class=''>Part\u00e4vling, scramble<\/td><td class=''>Golfamore<\/td><\/tr><tr class=''><td class=''>17\/6<\/td><td class=''>Onsdagsgolfen<\/td><td class=''>09:00<\/td><td class=''><\/td><td class=''><\/td><td class=''><\/td><\/tr><tr class=''><td class=''>24\/6<\/td><td class=''>Onsdagsgolfen<\/td><td class=''>09:00<\/td><td class=''><\/td><td class=''><\/td><td class=''><\/td><\/tr><tr class=''><td class=''>27\/6<\/td><td class=''>Boaslaget<\/td><td class=''>08:30<\/td><td class=''>06:00-11:00<\/td><td class=''>Singelt\u00e4vling<\/td><td class=''><\/td><\/tr><\/tbody><\/table><\/div><style type='text\/css'>.avia-table-3 td:nth-of-type(1):before { content: 'Juni'; } .avia-table-3 td:nth-of-type(2):before { content: 'T\u00e4vling'; } .avia-table-3 td:nth-of-type(3):before { content: 'Start'; } .avia-table-3 td:nth-of-type(4):before { content: 'Startf\u00f6rbud'; } .avia-table-3 td:nth-of-type(5):before { content: 'Spelform'; } .avia-table-3 td:nth-of-type(6):before { content: 'Sponsor'; } <\/style><br \/>\n<div class='avia-data-table-wrap avia_responsive_table'><table class='avia-table avia-data-table avia-table-4  avia_pricing_minimal'  itemscope=\"itemscope\" itemtype=\"https:\/\/schema.org\/Table\" ><tbody><tr class='avia-heading-row'><th class=''>Juli<\/th><th class=''>T\u00e4vling<\/th><th class=''>Start<\/th><th class=''>Startf\u00f6rbud<\/th><th class=''>Spelform<\/th><th class=''>Sponsor<\/th><\/tr><tr class=''><td class=''>1\/7<\/td><td class=''>Onsdagsgolfen<\/td><td class=''>09:00<\/td><td class=''><\/td><td class=''><\/td><td class=''><\/td><\/tr><tr class=''><td class=''>4\/7<\/td><td class=''>Cobra Puma<\/td><td class=''><br \/>\n09:00<\/td><td class=''>05:00-15:00<\/td><td class=''>Part\u00e4vling, scramble<\/td><td class=''>Cobra Puma &amp; Boa GK<\/td><\/tr><tr class=''><td class=''>8\/7<\/td><td class=''>Onsdagsgolfen<\/td><td class=''><br \/>\n09:00<\/td><td class=''><\/td><td class=''><\/td><td class=''><\/td><\/tr><tr class=''><td class=''>15\/7<\/td><td class=''>Onsdagsgolfen<\/td><td class=''><br \/>\n09:00<\/td><td class=''><\/td><td class=''><\/td><td class=''><\/td><\/tr><tr class=''><td class=''>22\/7<\/td><td class=''>Onsdagsgolfen<\/td><td class=''><br \/>\n09:00<\/td><td class=''><\/td><td class=''><\/td><td class=''><\/td><\/tr><tr class=''><td class=''>29\/7<\/td><td class=''>Onsdagsgolfen<\/td><td class=''><br \/>\n09:00<\/td><td class=''><\/td><td class=''><\/td><td class=''><\/td><\/tr><tr class=''><td class=''>30\/7<\/td><td class=''>Svenska Junior Touren Div 3, 36 h\u00e5l<\/td><td class=''><\/td><td class=''>Hela dagen<\/td><td class=''>Singel, scratch<\/td><td class=''><\/td><\/tr><\/tbody><\/table><\/div><style type='text\/css'>.avia-table-4 td:nth-of-type(1):before { content: 'Juli'; } .avia-table-4 td:nth-of-type(2):before { content: 'T\u00e4vling'; } .avia-table-4 td:nth-of-type(3):before { content: 'Start'; } .avia-table-4 td:nth-of-type(4):before { content: 'Startf\u00f6rbud'; } .avia-table-4 td:nth-of-type(5):before { content: 'Spelform'; } .avia-table-4 td:nth-of-type(6):before { content: 'Sponsor'; } <\/style><br \/>\n<div class='avia-data-table-wrap avia_responsive_table'><table class='avia-table avia-data-table avia-table-5  avia_pricing_minimal'  itemscope=\"itemscope\" itemtype=\"https:\/\/schema.org\/Table\" ><tbody><tr class='avia-heading-row'><th class=''>Augusti<\/th><th class=''>T\u00e4vling<\/th><th class=''>Start<\/th><th class=''>Startf\u00f6rbud<\/th><th class=''>Spelform<\/th><th class=''>Sponsor<\/th><\/tr><tr class=''><td class=''>1-2\/8<\/td><td class=''>Klubbm\u00e4sterskap<\/td><td class=''>08:30<\/td><td class=''>05:00-11:00 b\u00e5da dagarna<\/td><td class=''>Singel, scratch och slaggolf<\/td><td class=''><\/td><\/tr><tr class=''><td class=''>3\/8<\/td><td class=''>D50+ Blekinge Seniortour <\/td><td class=''>10:00 Shotgun<\/td><td class=''>05:00-15:00<\/td><td class=''>Slaggolf <\/td><td class=''><\/td><\/tr><tr class=''><td class=''>5\/8<\/td><td class=''>Onsdagsgolfen<\/td><td class=''><\/td><td class=''><\/td><td class=''><\/td><td class=''><\/td><\/tr><tr class=''><td class=''>9\/8<\/td><td class=''>Golfamore Trophy p\u00e5 BoaGK &#8211; powered by Wilson<\/td><td class=''>09.30 Shotgun <\/td><td class=''>05:00-15:00<\/td><td class=''>Greensome Part\u00e4vling<\/td><td class=''>Golfamore och Wilson<\/td><\/tr><tr class=''><td class=''>12\/8<\/td><td class=''>Onsdagsgolfen<\/td><td class=''><\/td><td class=''><\/td><td class=''><\/td><td class=''><\/td><\/tr><tr class=''><td class=''>15\/8<\/td><td class=''>OIBK Open<\/td><td class=''>08:30 Shotgun<\/td><td class=''>6.00-13.00<\/td><td class=''>Scramble<\/td><td class=''>OIBK<\/td><\/tr><tr class=''><td class=''>19\/8<\/td><td class=''>Onsdagsgolfen<\/td><td class=''><\/td><td class=''><\/td><td class=''><\/td><td class=''><\/td><\/tr><tr class=''><td class=''>22\/8<\/td><td class=''>EBP Open<\/td><td class=''>10:00 Shotgun<\/td><td class=''>05:00-15:00<\/td><td class=''><\/td><td class=''><\/td><\/tr><tr class=''><td class=''>26\/8<\/td><td class=''>Onsdagsgolfen<\/td><td class=''><\/td><td class=''><\/td><td class=''><\/td><td class=''><\/td><\/tr><\/tbody><\/table><\/div><style type='text\/css'>.avia-table-5 td:nth-of-type(1):before { content: 'Augusti'; } .avia-table-5 td:nth-of-type(2):before { content: 'T\u00e4vling'; } .avia-table-5 td:nth-of-type(3):before { content: 'Start'; } .avia-table-5 td:nth-of-type(4):before { content: 'Startf\u00f6rbud'; } .avia-table-5 td:nth-of-type(5):before { content: 'Spelform'; } .avia-table-5 td:nth-of-type(6):before { content: 'Sponsor'; } <\/style><br \/>\n<div class='avia-data-table-wrap avia_responsive_table'><table class='avia-table avia-data-table avia-table-6  avia_pricing_minimal'  itemscope=\"itemscope\" itemtype=\"https:\/\/schema.org\/Table\" ><tbody><tr class='avia-heading-row'><th class=''>September<\/th><th class=''>T\u00e4vling<\/th><th class=''>Start<\/th><th class=''>Startf\u00f6rbud<\/th><th class=''>Spelform<\/th><th class=''>Sponsor<\/th><\/tr><tr class=''><td class=''>2\/9<\/td><td class=''>Onsdagsgolfen<\/td><td class=''>09:00<\/td><td class=''><\/td><td class=''><\/td><td class=''><\/td><\/tr><tr class=''><td class=''>5\/9 Prelimin\u00e4rt<\/td><td class=''>J\u00e4msh\u00f6gs IF Open<\/td><td class=''>10.00<\/td><td class=''>05:00-15:00<\/td><td class=''>Greensome<\/td><td class=''>J\u00e4msh\u00f6gs IF mfl<\/td><\/tr><tr class=''><td class=''>9\/9<\/td><td class=''>Onsdagsgolfen<\/td><td class=''>09:00<\/td><td class=''><\/td><td class=''><\/td><td class=''><\/td><\/tr><tr class=''><td class=''>16\/9<\/td><td class=''>Onsdagsgolfen<\/td><td class=''>09:00<\/td><td class=''><\/td><td class=''><\/td><td class=''><\/td><\/tr><tr class=''><td class=''>18\/9<\/td><td class=''>H60\/H70 Blekingeserien<\/td><td class=''>09:00 H70<br \/>\n13:00 H60<\/td><td class=''>08:30-11:00<br \/>\n12:30-15:00<\/td><td class=''>Singel, scratch<\/td><td class=''><\/td><\/tr><tr class=''><td class=''>23\/9<\/td><td class=''>Onsdagsgolfen<\/td><td class=''>09:00<\/td><td class=''><\/td><td class=''><\/td><td class=''><\/td><\/tr><\/tbody><\/table><\/div><style type='text\/css'>.avia-table-6 td:nth-of-type(1):before { content: 'September'; } .avia-table-6 td:nth-of-type(2):before { content: 'T\u00e4vling'; } .avia-table-6 td:nth-of-type(3):before { content: 'Start'; } .avia-table-6 td:nth-of-type(4):before { content: 'Startf\u00f6rbud'; } .avia-table-6 td:nth-of-type(5):before { content: 'Spelform'; } .avia-table-6 td:nth-of-type(6):before { content: 'Sponsor'; } <\/style><br \/>\n<div class='avia-data-table-wrap avia_responsive_table'><table class='avia-table avia-data-table avia-table-7  avia_pricing_minimal'  itemscope=\"itemscope\" itemtype=\"https:\/\/schema.org\/Table\" ><tbody><tr class='avia-heading-row'><th class=''>Oktober<\/th><th class=''>T\u00e4vling<\/th><th class=''>Start<\/th><th class=''>Startf\u00f6rbud<\/th><th class=''>Spelform<\/th><th class=''>Sponsor<\/th><\/tr><\/tbody><\/table><\/div><style type='text\/css'>.avia-table-7 td:nth-of-type(1):before { content: 'Oktober'; } .avia-table-7 td:nth-of-type(2):before { content: 'T\u00e4vling'; } .avia-table-7 td:nth-of-type(3):before { content: 'Start'; } .avia-table-7 td:nth-of-type(4):before { content: 'Startf\u00f6rbud'; } .avia-table-7 td:nth-of-type(5):before { content: 'Spelform'; } .avia-table-7 td:nth-of-type(6):before { content: 'Sponsor'; } <\/style><br \/>\n<section class=\"av_textblock_section\"  itemscope=\"itemscope\" itemtype=\"https:\/\/schema.org\/CreativeWork\" ><div class='avia_textblock'   itemprop=\"text\" ><p style=\"text-align: center;\"><a href=\"https:\/\/mingolf.golf.se\/Competition\/Search\">https:\/\/mingolf.golf.se\/Competition\/Search<\/a><\/p>\n<\/div><\/section><\/p><\/div><\/div><\/div><\/div><!-- close content main div --><\/div><\/div><div id='av_section_1' class='avia-section main_color avia-section-default avia-no-border-styling avia-bg-style-scroll   container_wrap fullsize' style = 'background-color: #dbdbdb; background-image: '  ><div class='container' ><div class='template-page content  av-content-full alpha units'><div class='post-entry post-entry-type-page post-entry-97'><div class='entry-content-wrapper clearfix'>\n<div style='padding-bottom:10px; font-size:28px;' class='av-special-heading av-special-heading-h1  blockquote modern-quote modern-centered   av-inherit-size'><h1 class='av-special-heading-tag'  itemprop=\"headline\"  >Startavgift<\/h1><div class='special-heading-border'><div class='special-heading-inner-border' ><\/div><\/div><\/div>\n<div class='avia-data-table-wrap avia_responsive_table'><table class='avia-table avia-data-table avia-table-8  avia_pricing_minimal'  itemscope=\"itemscope\" itemtype=\"https:\/\/schema.org\/Table\" ><tbody><tr class='avia-heading-row'><th class=''><\/th><th class=''>Hela s\u00e4songen<\/th><\/tr><tr class=''><td class=''>T\u00e4vlingsavgift normalt<\/td><td class=''>175 kr \/ person<\/td><\/tr><tr class=''><td class=''>T\u00e4vlingsavgiften f\u00f6r sponsrade t\u00e4vlingar och t\u00e4vlingar arrangerade av andra \u00e4n Boa GK hittar du i t\u00e4vlingsinformationen p\u00e5 MinGolf.<\/td><td class=''><\/td><\/tr><\/tbody><\/table><\/div><style type='text\/css'>.avia-table-8 td:nth-of-type(1):before { content: ''; } .avia-table-8 td:nth-of-type(2):before { content: 'Hela s\u00e4songen'; } <\/style>\n<div  class='hr hr-short hr-center'><span class='hr-inner' ><span class='hr-inner-style'><\/span><\/span><\/div>\n<\/p>\n<div style='padding-bottom:10px; font-size:28px;' class='av-special-heading av-special-heading-h1  blockquote modern-quote modern-centered   av-inherit-size'><h1 class='av-special-heading-tag'  itemprop=\"headline\"  >Greenfee Competition<\/h1><div class='special-heading-border'><div class='special-heading-inner-border' ><\/div><\/div><\/div>\n<div class='avia-data-table-wrap avia_responsive_table'><table class='avia-table avia-data-table avia-table-9  avia_pricing_minimal'  itemscope=\"itemscope\" itemtype=\"https:\/\/schema.org\/Table\" ><tbody><tr class='avia-heading-row'><th class=''><\/th><th class=''>Hela s\u00e4songen<\/th><\/tr><tr class=''><td class=''>Senior<\/td><td class=''>275 kr<\/td><\/tr><tr class=''><td class=''>Junior<\/td><td class=''>150 kr<\/td><\/tr><\/tbody><\/table><\/div><style type='text\/css'>.avia-table-9 td:nth-of-type(1):before { content: ''; } .avia-table-9 td:nth-of-type(2):before { content: 'Hela s\u00e4songen'; } <\/style>\n<\/div><\/div><\/div><!-- close content main div --><\/div><\/div><div id='av_section_2' class='avia-section main_color avia-section-default avia-no-border-styling avia-bg-style-scroll   container_wrap fullsize' style = 'background-color: #dbdbdb; background-image: '  ><div class='container' ><div class='template-page content  av-content-full alpha units'><div class='post-entry post-entry-type-page post-entry-97'><div class='entry-content-wrapper clearfix'>\n<div style='padding-bottom:10px; font-size:28px;' class='av-special-heading av-special-heading-h1  blockquote modern-quote modern-centered   av-inherit-size'><h1 class='av-special-heading-tag'  itemprop=\"headline\"  >L\u00f6pande under s\u00e4songen<\/h1><div class='special-heading-border'><div class='special-heading-inner-border' ><\/div><\/div><\/div>\n<div class='avia-data-table-wrap avia_responsive_table'><table class='avia-table avia-data-table avia-table-10  avia_pricing_minimal'  itemscope=\"itemscope\" itemtype=\"https:\/\/schema.org\/Table\" ><tbody><tr class='avia-heading-row'><th class=''>T\u00e4vling<\/th><th class=''><\/th><th class=''>T\u00e4vlingsform<\/th><\/tr><\/tbody><\/table><\/div><style type='text\/css'>.avia-table-10 td:nth-of-type(1):before { content: 'T\u00e4vling'; } .avia-table-10 td:nth-of-type(2):before { content: ''; } .avia-table-10 td:nth-of-type(3):before { content: 'T\u00e4vlingsform'; } <\/style>\n<section class=\"av_textblock_section\"  itemscope=\"itemscope\" itemtype=\"https:\/\/schema.org\/CreativeWork\" ><div class='avia_textblock'   itemprop=\"text\" ><\/div><\/section>\n\n<\/div><\/div><\/div><!-- close content main div --><\/div><\/div><div id='av_section_3' class='avia-section main_color avia-section-default avia-no-border-styling avia-bg-style-scroll   container_wrap fullsize' style = 'background-color: #dbdbdb; background-image: '  ><div class='container' ><div class='template-page content  av-content-full alpha units'><div class='post-entry post-entry-type-page post-entry-97'><div class='entry-content-wrapper clearfix'>\n<div style='padding-bottom:10px; font-size:28px;' class='av-special-heading av-special-heading-h1  blockquote modern-quote modern-centered   av-inherit-size'><h1 class='av-special-heading-tag'  itemprop=\"headline\"  >Dessutom varje vecka<\/h1><div class='special-heading-border'><div class='special-heading-inner-border' ><\/div><\/div><\/div>\n<div class='avia-data-table-wrap avia_responsive_table'><table class='avia-table avia-data-table avia-table-11  avia_pricing_minimal'  itemscope=\"itemscope\" itemtype=\"https:\/\/schema.org\/Table\" ><tbody><tr class='avia-heading-row'><th class=''>T\u00e4vling<\/th><th class=''>Start<\/th><th class=''>Deltagare<\/th><\/tr><tr class=''><td class=''>Damernas Tisdagsgolf &amp; Torsdagsgolf<\/td><td class=''>Tisdagar kl. 10:00<br \/>\nTorsdagar kl. 16:30<\/td><td class=''>\u00d6ppen f\u00f6r alla damer<\/td><\/tr><tr class=''><td class=''>Onsdagsgolf<\/td><td class=''>09:00 <\/td><td class=''>\u00d6ppen f\u00f6r alla seniorer (+55)<\/td><\/tr><tr class=''><td class=''>Torsdagsgolf<\/td><td class=''>17:00 (Umg\u00e4nge och spel)<\/td><td class=''>\u00d6ppen f\u00f6r nyb\u00f6rjare och dig som saknar spels\u00e4llskap<\/td><\/tr><tr class=''><td class=''>Fredags 12:an<\/td><td class=''>09:00<\/td><td class=''>\u00d6ppen f\u00f6r alla damer och seniorer (+55)<\/td><\/tr><\/tbody><\/table><\/div><style type='text\/css'>.avia-table-11 td:nth-of-type(1):before { content: 'T\u00e4vling'; } .avia-table-11 td:nth-of-type(2):before { content: 'Start'; } .avia-table-11 td:nth-of-type(3):before { content: 'Deltagare'; } <\/style>\n<div  class='hr hr-short hr-center'><span class='hr-inner' ><span class='hr-inner-style'><\/span><\/span><\/div>\n\n<div style='height:30px' class='hr hr-invisible'><span class='hr-inner' ><span class='hr-inner-style'><\/span><\/span><\/div>\n<\/div><\/div><\/div><!-- close content main div --><\/div><\/div><div id='av_section_4' class='avia-section main_color avia-section-default avia-no-border-styling avia-bg-style-scroll   container_wrap fullsize' style = 'background-color: #dbdbdb; background-image: '  ><div class='container' ><div class='template-page content  av-content-full alpha units'><div class='post-entry post-entry-type-page post-entry-97'><div class='entry-content-wrapper clearfix'>\n<div style='padding-bottom:10px; ' class='av-special-heading av-special-heading-h1  blockquote modern-quote modern-centered'><h1 class='av-special-heading-tag'  itemprop=\"headline\"  >Klubbm\u00e4stare 2018 &#8211; 2025<\/h1><div class='special-heading-border'><div class='special-heading-inner-border' ><\/div><\/div><\/div>\n<section class=\"av_textblock_section\"  itemscope=\"itemscope\" itemtype=\"https:\/\/schema.org\/CreativeWork\" ><div class='avia_textblock'   itemprop=\"text\" ><p style=\"text-align: left;\">2018:\u00a0<strong>Dennis \u00c5kesson <\/strong>76-76 = 152 slag (36 h\u00e5l &#8211; Vit tee)<\/p>\n<p style=\"text-align: left;\">2019: <strong>Dennis \u00c5kesson <\/strong>77-35 = 112 slag (27 h\u00e5l &#8211; Vit tee)<\/p>\n<p>2020:<strong> Niklas Persson<\/strong> 71-76 <strong>=<\/strong> 147 slag 36 h\u00e5l (Vit tee)<\/p>\n<p>2021: <strong>Dennis \u00c5kesson<\/strong> 81-75= 156 slag 36 h\u00e5l (Vit tee)<\/p>\n<p>2022: <strong>Dennis \u00c5kesson<\/strong> 80-76= 156 slag 36 h\u00e5l (Vit tee)<\/p>\n<p>2023: <strong>Adis Music <\/strong>81-80= 161 slag 36 h\u00e5l (Vit tee)<\/p>\n<p>2024: <strong>Sigge Svensson<\/strong> 77-82= 159 slag 36 h\u00e5l (Vit tee)<\/p>\n<p>2025: <strong>Sigge Svensson<\/strong> 73-77= 150 slag 36 h\u00e5l (Vit tee)<\/p>\n<\/div><\/section>","protected":false},"excerpt":{"rendered":"","protected":false},"author":1,"featured_media":0,"parent":20,"menu_order":0,"comment_status":"closed","ping_status":"closed","template":"","meta":{"_exactmetrics_skip_tracking":false,"_exactmetrics_sitenote_active":false,"_exactmetrics_sitenote_note":"","_exactmetrics_sitenote_category":0,"footnotes":""},"class_list":["post-97","page","type-page","status-publish","hentry"],"_links":{"self":[{"href":"https:\/\/boagk.se\/en\/wp-json\/wp\/v2\/pages\/97","targetHints":{"allow":["GET"]}}],"collection":[{"href":"https:\/\/boagk.se\/en\/wp-json\/wp\/v2\/pages"}],"about":[{"href":"https:\/\/boagk.se\/en\/wp-json\/wp\/v2\/types\/page"}],"author":[{"embeddable":true,"href":"https:\/\/boagk.se\/en\/wp-json\/wp\/v2\/users\/1"}],"replies":[{"embeddable":true,"href":"https:\/\/boagk.se\/en\/wp-json\/wp\/v2\/comments?post=97"}],"version-history":[{"count":182,"href":"https:\/\/boagk.se\/en\/wp-json\/wp\/v2\/pages\/97\/revisions"}],"predecessor-version":[{"id":11824,"href":"https:\/\/boagk.se\/en\/wp-json\/wp\/v2\/pages\/97\/revisions\/11824"}],"up":[{"embeddable":true,"href":"https:\/\/boagk.se\/en\/wp-json\/wp\/v2\/pages\/20"}],"wp:attachment":[{"href":"https:\/\/boagk.se\/en\/wp-json\/wp\/v2\/media?parent=97"}],"curies":[{"name":"wp","href":"https:\/\/api.w.org\/{rel}","templated":true}]}}