{"id":95,"date":"2018-12-03T10:42:43","date_gmt":"2018-12-03T10:42:43","guid":{"rendered":"http:\/\/boagk.se.preview.binero.se\/?page_id=95"},"modified":"2026-04-11T15:08:20","modified_gmt":"2026-04-11T15:08:20","slug":"lokala-regler","status":"publish","type":"page","link":"https:\/\/boagk.se\/en\/banan\/lokala-regler\/","title":{"rendered":"Local Rules"},"content":{"rendered":"<div class='av-hotspot-image-container avia_animate_when_almost_visible   av-hotspot-numbered av-mobile-fallback-active    av-non-fullwidth-hotspot-image'  itemprop=\"ImageObject\" itemscope=\"itemscope\" itemtype=\"https:\/\/schema.org\/ImageObject\"  ><div class='av-hotspot-container'><div class='av-hotspot-container-inner-cell'><div class='av-hotspot-container-inner-wrap'><img class='avia_image' src='https:\/\/boagk.se\/wp-content\/uploads\/2019\/01\/lokala-regler.jpg' alt='' title='lokala regler'  height=\"450\"width=\"1200\"  itemprop=\"thumbnailUrl\"  \/><\/div><\/div><\/div><\/div>\n<div class=\"flex_column av_one_full  flex_column_div av-zero-column-padding first\" style='border-radius:0px; '><p><div style='padding-bottom:10px; ' class='av-special-heading av-special-heading-h1  blockquote modern-quote modern-centered'><h1 class='av-special-heading-tag'  itemprop=\"headline\"  >Lokala regler Boa GK Olofstr\u00f6m<\/h1><div class='special-heading-border'><div class='special-heading-inner-border' ><\/div><\/div><\/div><br \/>\n<section class=\"av_textblock_section\"  itemscope=\"itemscope\" itemtype=\"https:\/\/schema.org\/CreativeWork\" ><div class='avia_textblock'   itemprop=\"text\" ><p><strong>LOKALA REGLER 2026 F\u00d6R BOA OLOFSTR\u00d6MS GOLFKLUBB <\/strong><\/p>\n<p>Golf spelas enligt g\u00e4llande Regler f\u00f6r Golfspel. Spel- och t\u00e4vlingshandboken kapitel 1, handicapreglerna och amat\u00f6rreglerna samt f\u00f6ljande Lokala regler:<\/p>\n<p><strong>LOKALA REGLER OCH TILLF\u00c4LLIGA LOKALA REGLER<\/strong><\/p>\n<p>Tillf\u00e4lliga lokala regler finns anslagna p\u00e5 xxx och p\u00e5 hemsidan (www.boagk.se).<br \/>\nD\u00e4rut\u00f6ver g\u00e4ller f\u00f6ljande lokala regler <u>f\u00f6r allt spel<\/u> p\u00e5 klubben s\u00e5vida inget annat anges i samband med en enskild t\u00e4vling. F\u00f6r den fullst\u00e4ndiga svenska texten till en lokal regel d\u00e4r h\u00e4nvisning \u00e4r till Modell f\u00f6r lokal regel, se R&amp;A app Regler f\u00f6r golfspel, Committee Procedures Kap 8 eller Spel och t\u00e4vlingsinfobanken p\u00e5 SGF:s hemsida under Lokala regler.<\/p>\n<p><strong>PLIKT F\u00d6R BROTT MOT LOKAL REGEL (om inget annat s\u00e4gs i den lokala regeln):<br \/>\n<\/strong><strong><em>Allm\u00e4n plikt <\/em><\/strong>(f\u00f6rlust av h\u00e5l i matchspel eller tv\u00e5 slags plikt i slagspel).<\/p>\n<p><strong>1. Onormala banf\u00f6rh\u00e5llanden (Regel 16) och integrerade f\u00f6rem\u00e5l<\/strong><\/p>\n<p><strong>a) Mark under arbete<br \/>\n<\/strong><\/p>\n<ol>\n<li>Alla omr\u00e5den som identifieras av bl\u00e5 pinnar eller p\u00e5 annat s\u00e4tt angetts som <em>mark under arbete<\/em>.<\/li>\n<li>Ett omr\u00e5de definierat av bl\u00e5 pinnar med gr\u00f6n topp \u00e4r en <em>spelf\u00f6rbudszon<\/em> som ska behandlas som<em> mark under arbete<\/em>. L\u00e4ttnad utan plikt f\u00f6r st\u00f6rande inverkan av <em>spelf\u00f6rbudszonen<\/em> m\u00e5ste tas enligt Regel 16.1f.<\/li>\n<li>Vit spraylinje runt om ett omr\u00e5de definierar gr\u00e4nsen f\u00f6r <em>mark under arbete<\/em>.<\/li>\n<li>Omr\u00e5den i <em>bunkrar<\/em> d\u00e4r sand har f\u00f6rts bort av rinnande vatten vilket gett upphov till djupa f\u00e5ror genom sanden.<\/li>\n<li>Myrstackar p\u00e5 <em>banan<\/em> \u00e4r, enligt spelarens val, <em>l\u00f6sa naturf\u00f6rem\u00e5l <\/em>som f\u00e5r tas bort enligt Regel 15.1 eller <em>mark under arbete<\/em> fr\u00e5n vilket l\u00e4ttnad utan plikt \u00e4r till\u00e5ten enligt Regel 16.1.<\/li>\n<\/ol>\n<p><strong>b) Oflyttbara tillverkade f\u00f6rem\u00e5l<\/strong><\/p>\n<ol>\n<li>Omr\u00e5den vars gr\u00e4ns definieras av vita spraylinjer som ansluter till omr\u00e5den definierade som oflyttbara tillverkade f\u00f6rem\u00e5l har samma status som det tillverkade f\u00f6rem\u00e5let.<\/li>\n<li>Avst\u00e5ndsplattor i marken.<\/li>\n<li>Den asfalterade k\u00f6rv\u00e4gen genom golfbanan och v\u00e4gen mellan h\u00e5l 13 och 14.<\/li>\n<li>Stillast\u00e5ende robotgr\u00e4sklippare, l\u00e4ttnad kan f\u00e5s enligt regel 16.1 om st\u00f6rande inverkan finns p\u00e5 omr\u00e5det f\u00f6r avsedd stans och sving.<\/li>\n<\/ol>\n<p><strong>c) Integrerade f\u00f6rem\u00e5l<\/strong><\/p>\n<ol>\n<li>Steng\u00e4rsg\u00e5rdar \u00e4r en integrerad del av spelf\u00e4ltet<\/li>\n<li>Samtliga v\u00e4gar och stigar, utom den asfalterade k\u00f6rv\u00e4gen genom golfbanan<br \/>\noch v\u00e4gen mellan h\u00e5l 13 och 14, \u00e4r en integrerad del av spelf\u00e4ltet<br \/>\n<strong><br \/>\n3. Begr\u00e4nsningar i att anv\u00e4nda speciell utrustning<\/strong><\/li>\n<\/ol>\n<p><strong>a) F\u00f6rbjuden anv\u00e4ndning av motoriserad f\u00f6rflyttning<\/strong><\/p>\n<ol>\n<li>Under en t\u00e4vlings<em>rond<\/em> f\u00e5r en spelare eller dennes <em>caddie<\/em> inte \u00e5ka med n\u00e5gon form av motoriserat transportmedel med undantag f\u00f6r n\u00e4r det godk\u00e4nts eller senare till\u00e5tits av <em>t\u00e4vlingsledningen<\/em>. En spelare som ska spela eller har spelat med plikt av <em>slag och distans<\/em> har alltid r\u00e4tt att vid det tillf\u00e4llet \u00e5ka med motoriserat transportmedel.<\/li>\n<\/ol>\n<p><em><strong>Undantag: Deltagare med tillst\u00e5nd fr\u00e5n sin hemmaklubb eller tillst\u00e5nd fr\u00e5n SGF f\u00e5r anv\u00e4nda transportmedel.<\/strong><\/em><\/p>\n<p><strong>Plikt f\u00f6r brott mot den lokala regeln<\/strong>: Spelaren f\u00e5r den allm\u00e4nna plikten f\u00f6r varje h\u00e5l p\u00e5 vilket denna lokala regel bryts. Om \u00f6vertr\u00e4delsen sker mellan tv\u00e5 h\u00e5l l\u00e4ggs plikten p\u00e5 n\u00e4sta h\u00e5l.<\/p>\n<ol start=\"3\">\n<li><strong> F\u00f6rfarandet <\/strong><strong>vid d\u00e5ligt v\u00e4der och avbrott i spelet<br \/>\n<\/strong><strong>a) S\u00e4tt att avbryta och \u00e5teruppta spelet<br \/>\n<\/strong>1, Ett avbrott i spelet p\u00e5 grund av en farlig situation kommer att signaleras med en l\u00e5ng signal. Alla andra avbrott kommer att signaleras med tre signaler (upprepade g\u00e5nger). I b\u00e5da fallen kommer \u00e5terupptagande av spelet att signaleras med tv\u00e5 signaler (upprepade g\u00e5nger). Plikt se Regel 5.7b.<\/li>\n<\/ol>\n<p>Anm\u00e4rkning: N\u00e4r spelet \u00e4r stoppat p\u00e5 grund av en farlig situation \u00e4r alla \u00f6vningsomr\u00e5den ocks\u00e5 st\u00e4ngda.<\/p>\n<ol start=\"4\">\n<li><strong> Scorekortsansvar<br \/>\n<\/strong>1. Regel 3.3b(2) har modifierats p\u00e5 detta s\u00e4tt:<br \/>\nOm en spelare vid en t\u00e4vlingsrond l\u00e4mnar in ett <em>scorekort<\/em> utan att h\u00e5lresultaten har intygats antingen av spelaren, <em>mark\u00f6ren<\/em> eller b\u00e5da, f\u00e5r spelaren den <strong>allm\u00e4nna plikten (tv\u00e5 slag). <\/strong>Plikten l\u00e4ggs p\u00e5 det sista h\u00e5let av spelarens <em>rond<\/em>.<\/li>\n<\/ol>\n<p><em>Beslutade av Boa GK:s styrelse 2026-04-09<\/em><\/p>\n<\/div><\/section><\/p><\/div><\/div><\/div><\/div><!-- close content main div --><\/div><\/div><div id='av_section_1' class='avia-section main_color avia-section-default avia-no-border-styling avia-bg-style-scroll   container_wrap fullsize' style = 'background-color: #dbdbdb; background-image: '  ><div class='container' ><div class='template-page content  av-content-full alpha units'><div class='post-entry post-entry-type-page post-entry-95'><div class='entry-content-wrapper clearfix'>\n<div style='height:10px' class='hr hr-invisible'><span class='hr-inner' ><span class='hr-inner-style'><\/span><\/span><\/div>\n<div class='avia-data-table-wrap avia_responsive_table'><table class='avia-table avia-data-table avia-table-1  avia_pricing_default'  itemscope=\"itemscope\" itemtype=\"https:\/\/schema.org\/Table\" ><tbody><tr class='avia-heading-row'><th class='avia-desc-col'>H\u00e4r finns information<\/th><th class=''>om Golfreglerna 2019<\/th><\/tr><tr class=''><th class='avia-desc-col'>Regler f\u00f6r golfspel<\/th><td class=''>Finns att k\u00f6pa i kansliet f\u00f6r 30 kr<\/td><\/tr><tr class=''><th class='avia-desc-col'>Digitala golfregler<\/th><td class=''><a href=\"https:\/\/www.randa.org\/sv-se\/rog\/2019\/pages\/the-rules-of-golf\" target=\"_blank\" rel=\"noopener\">Read more<\/a><br \/>\n<\/td><\/tr><tr class=''><th class='avia-desc-col'>Mobilapp Android<\/th><td class=''><a href=\"https:\/\/play.google.com\/store\/apps\/details?id=com.randa.android\" target=\"_blank\" rel=\"noopener\">Read more<\/a><\/td><\/tr><tr class=''><th class='avia-desc-col'>Mobilapp iPhone<\/th><td class=''><a href=\"https:\/\/itunes.apple.com\/ro\/app\/rules-of-golf-2019\/id1435204099?mt=\" target=\"_blank\" rel=\"noopener\"> Read more<\/a><\/td><\/tr><tr class=''><th class='avia-desc-col'>Youtube<\/th><td class=''><a href=\"https:\/\/www.youtube.com\/playlist?list=PLKaPDBMLBJMJVeRVB_DnevYLg20FmnUkX\" target=\"_blank\" rel=\"noopener\"> Read more<\/a><\/td><\/tr><tr class=''><th class='avia-desc-col'>Spotify<\/th><td class=''><a href=\"https:\/\/open.spotify.com\/show\/7iaxpXYV73fCC57XH0nlAf\" target=\"_blank\" rel=\"noopener\"> Read more<\/a><\/td><\/tr><tr class=''><th class='avia-desc-col'>iTunes<\/th><td class=''><a href=\"https:\/\/itunes.apple.com\/se\/podcast\/regelpodden\/id1446847684?mt=2\" target=\"_blank\" rel=\"noopener\"> Read more<\/a><\/td><\/tr><tr class=''><th class='avia-desc-col'>Acast<\/th><td class=''><a href=\"https:\/\/play.acast.com\/s\/regelpodden\" target=\"_blank\" rel=\"noopener\">Read more<\/a><\/td><\/tr><\/tbody><\/table><\/div><style type='text\/css'>.avia-table-1 td:nth-of-type(0):before { content: 'H\u00e4r finns information'; } .avia-table-1 td:nth-of-type(1):before { content: 'om Golfreglerna 2019'; } <\/style>\n<section class=\"av_textblock_section\"  itemscope=\"itemscope\" itemtype=\"https:\/\/schema.org\/CreativeWork\" ><div class='avia_textblock'   itemprop=\"text\" ><p style=\"text-align: center;\"><em>Fastst\u00e4llt 2021-04-14.<\/em><\/p>\n<\/div><\/section>\n<\/p>","protected":false},"excerpt":{"rendered":"","protected":false},"author":1,"featured_media":0,"parent":20,"menu_order":0,"comment_status":"closed","ping_status":"closed","template":"","meta":{"_exactmetrics_skip_tracking":false,"_exactmetrics_sitenote_active":false,"_exactmetrics_sitenote_note":"","_exactmetrics_sitenote_category":0,"footnotes":""},"class_list":["post-95","page","type-page","status-publish","hentry"],"_links":{"self":[{"href":"https:\/\/boagk.se\/en\/wp-json\/wp\/v2\/pages\/95","targetHints":{"allow":["GET"]}}],"collection":[{"href":"https:\/\/boagk.se\/en\/wp-json\/wp\/v2\/pages"}],"about":[{"href":"https:\/\/boagk.se\/en\/wp-json\/wp\/v2\/types\/page"}],"author":[{"embeddable":true,"href":"https:\/\/boagk.se\/en\/wp-json\/wp\/v2\/users\/1"}],"replies":[{"embeddable":true,"href":"https:\/\/boagk.se\/en\/wp-json\/wp\/v2\/comments?post=95"}],"version-history":[{"count":35,"href":"https:\/\/boagk.se\/en\/wp-json\/wp\/v2\/pages\/95\/revisions"}],"predecessor-version":[{"id":11815,"href":"https:\/\/boagk.se\/en\/wp-json\/wp\/v2\/pages\/95\/revisions\/11815"}],"up":[{"embeddable":true,"href":"https:\/\/boagk.se\/en\/wp-json\/wp\/v2\/pages\/20"}],"wp:attachment":[{"href":"https:\/\/boagk.se\/en\/wp-json\/wp\/v2\/media?parent=95"}],"curies":[{"name":"wp","href":"https:\/\/api.w.org\/{rel}","templated":true}]}}