{"id":93,"date":"2018-12-03T10:42:27","date_gmt":"2018-12-03T10:42:27","guid":{"rendered":"http:\/\/boagk.se.preview.binero.se\/?page_id=93"},"modified":"2025-11-17T11:37:56","modified_gmt":"2025-11-17T11:37:56","slug":"hole-in-one","status":"publish","type":"page","link":"https:\/\/boagk.se\/en\/banan\/hole-in-one\/","title":{"rendered":"Hole In One"},"content":{"rendered":"<div class='av-hotspot-image-container avia_animate_when_almost_visible   av-hotspot-numbered av-mobile-fallback-active    av-non-fullwidth-hotspot-image'  itemprop=\"ImageObject\" itemscope=\"itemscope\" itemtype=\"https:\/\/schema.org\/ImageObject\"  ><div class='av-hotspot-container'><div class='av-hotspot-container-inner-cell'><div class='av-hotspot-container-inner-wrap'><img class='avia_image' src='https:\/\/boagk.se\/wp-content\/uploads\/2018\/12\/hole-in-one-p\u00e5-boa-gk-olofstr\u00f6m.png' alt='' title=''  height=\"450\"width=\"1200\"  itemprop=\"thumbnailUrl\"  \/><\/div><\/div><\/div><\/div>\n<div class=\"tabcontainer   top_tab\">\n\n<section class=\"av_tab_section\"  itemscope=\"itemscope\" itemtype=\"https:\/\/schema.org\/CreativeWork\" >    <div data-fake-id=\"#tab-id-1\" class=\"tab\"  itemprop=\"headline\" >1991<\/div>\n    <div id=\"tab-id-1-container\" class=\"tab_content\">\n        <div class=\"tab_inner_content invers-color\"  itemprop=\"text\" >\n<ul>\n<li class=\"font_8\">1991-08-09 \/\/ Onni Peltari, h\u00e5l 8 (11)<\/li>\n<li class=\"font_8\">1991-08-05 \/\/ Petri H\u00e4kkinen , h\u00e5l 8 (11)<\/li>\n<\/ul>\n\n        <\/div>\n    <\/div>\n<\/section>\n\n<section class=\"av_tab_section\"  itemscope=\"itemscope\" itemtype=\"https:\/\/schema.org\/CreativeWork\" >    <div data-fake-id=\"#tab-id-2\" class=\"tab\"  itemprop=\"headline\" >1992<\/div>\n    <div id=\"tab-id-2-container\" class=\"tab_content\">\n        <div class=\"tab_inner_content invers-color\"  itemprop=\"text\" >\n<ul>\n<li class=\"font_8\">1992-07-14 \/\/ Christian Cornmark, h\u00e5l 11<\/li>\n<li class=\"font_8\">1992-08-08 \/\/ Inga Bergdahl, h\u00e5l 3<\/li>\n<li class=\"font_8\">1992-09-10 \/\/ Jonas Hall, h\u00e5l 11<\/li>\n<\/ul>\n\n        <\/div>\n    <\/div>\n<\/section>\n\n<section class=\"av_tab_section\"  itemscope=\"itemscope\" itemtype=\"https:\/\/schema.org\/CreativeWork\" >    <div data-fake-id=\"#tab-id-3\" class=\"tab\"  itemprop=\"headline\" >1993<\/div>\n    <div id=\"tab-id-3-container\" class=\"tab_content\">\n        <div class=\"tab_inner_content invers-color\"  itemprop=\"text\" >\n<ul>\n<li class=\"font_8\">1993-08-18 \/\/ Mona Olsson, h\u00e5l 3<\/li>\n<li class=\"font_8\">1993-08-05 \/\/ Christian Gebauer, h\u00e5l 11<\/li>\n<li class=\"font_8\">1993-08-05 \/\/ Nadine Raab, h\u00e5l 11<\/li>\n<li class=\"font_8\">1993-05-15 \/\/ Samuel Ekeblom, h\u00e5l 3<\/li>\n<\/ul>\n\n        <\/div>\n    <\/div>\n<\/section>\n\n<section class=\"av_tab_section\"  itemscope=\"itemscope\" itemtype=\"https:\/\/schema.org\/CreativeWork\" >    <div data-fake-id=\"#tab-id-4\" class=\"tab\"  itemprop=\"headline\" >1994<\/div>\n    <div id=\"tab-id-4-container\" class=\"tab_content\">\n        <div class=\"tab_inner_content invers-color\"  itemprop=\"text\" >\n<ul>\n<li class=\"font_8\">1994-10-16 \/\/ Marcus Malo, h\u00e5l 11<\/li>\n<li class=\"font_8\">1994-10-02 \/\/ Ulf Clang, h\u00e5l 8<\/li>\n<li class=\"font_8\">1994-08-28 \/\/ Per-Ola Johnsson, h\u00e5l 3<\/li>\n<li class=\"font_8\">1994-08-17 \/\/ Jerry Mattsson, h\u00e5l 8<\/li>\n<li class=\"font_8\">1994-04-22 \/\/ Anders Appelros, h\u00e5l 3<\/li>\n<li class=\"font_8\">1994-04-07 \/\/ Joakim Persson, h\u00e5l 3<\/li>\n<li class=\"font_8\">1994-04-03 \/\/ Petri H\u00e4kkinen, h\u00e5l 3<\/li>\n<\/ul>\n\n        <\/div>\n    <\/div>\n<\/section>\n\n<section class=\"av_tab_section\"  itemscope=\"itemscope\" itemtype=\"https:\/\/schema.org\/CreativeWork\" >    <div data-fake-id=\"#tab-id-5\" class=\"tab\"  itemprop=\"headline\" >1995<\/div>\n    <div id=\"tab-id-5-container\" class=\"tab_content\">\n        <div class=\"tab_inner_content invers-color\"  itemprop=\"text\" >\n<ul>\n<li class=\"font_8\">1995-07-01 \/\/ Paul Stenstr\u00f6m, h\u00e5l 11<\/li>\n<li class=\"font_8\">1995-07-13 \/\/ Marcus Malo, h\u00e5l 11<\/li>\n<\/ul>\n\n        <\/div>\n    <\/div>\n<\/section>\n\n<section class=\"av_tab_section\"  itemscope=\"itemscope\" itemtype=\"https:\/\/schema.org\/CreativeWork\" >    <div data-fake-id=\"#tab-id-6\" class=\"tab\"  itemprop=\"headline\" >1996<\/div>\n    <div id=\"tab-id-6-container\" class=\"tab_content\">\n        <div class=\"tab_inner_content invers-color\"  itemprop=\"text\" >\n<ul>\n<li class=\"font_8\">1996-10-26 \/\/ Bengt Svensson, h\u00e5l 8<\/li>\n<li class=\"font_8\">1996-10-06 \/\/ Kim Persson, h\u00e5l 11<\/li>\n<li class=\"font_8\">1996-08-17 \/\/ Maggie Nilsson, h\u00e5l 11<\/li>\n<li class=\"font_8\">1996-08-16 \/\/ Mats Pettersson, h\u00e5l 11<\/li>\n<\/ul>\n\n        <\/div>\n    <\/div>\n<\/section>\n\n<section class=\"av_tab_section\"  itemscope=\"itemscope\" itemtype=\"https:\/\/schema.org\/CreativeWork\" >    <div data-fake-id=\"#tab-id-7\" class=\"tab\"  itemprop=\"headline\" >1997<\/div>\n    <div id=\"tab-id-7-container\" class=\"tab_content\">\n        <div class=\"tab_inner_content invers-color\"  itemprop=\"text\" >\n<ul>\n<li class=\"font_8\">1997-12-28 \/\/ Mathias Gre\u00e9n, h\u00e5l 8<\/li>\n<li class=\"font_8\">1997-09-10 \/\/ Conny Karlsson, h\u00e5l 11<\/li>\n<li class=\"font_8\">1997-08-10 \/\/ Jonas Samuelsson, h\u00e5l 8<\/li>\n<li class=\"font_8\">1997-07-20 \/\/ Peter Palmqvist, h\u00e5l 3<\/li>\n<li class=\"font_8\">1997-07-08 \/\/ Martin Malo, h\u00e5l 3<\/li>\n<li class=\"font_8\">1997-05-25 \/\/ Roger Stigsson, h\u00e5l 3<\/li>\n<li class=\"font_8\">1997-05-09 \/\/ Margareta Sternryd, h\u00e5l 11<\/li>\n<\/ul>\n\n        <\/div>\n    <\/div>\n<\/section>\n\n<section class=\"av_tab_section\"  itemscope=\"itemscope\" itemtype=\"https:\/\/schema.org\/CreativeWork\" >    <div data-fake-id=\"#tab-id-8\" class=\"tab\"  itemprop=\"headline\" >1998<\/div>\n    <div id=\"tab-id-8-container\" class=\"tab_content\">\n        <div class=\"tab_inner_content invers-color\"  itemprop=\"text\" >\n<ul>\n<li class=\"font_8\">1998-08-10 \/\/ Michael Bengtsson, h\u00e5l 17<\/li>\n<li class=\"font_8\">1998-07-13 \/\/ Britt Eriksson, h\u00e5l 3<\/li>\n<li class=\"font_8\">1998-07-12 \/\/ Doris Ingels\u00e4ter, h\u00e5l 3<\/li>\n<li class=\"font_8\">1998-06-06 \/\/ Sten Gustafsson, h\u00e5l 3<\/li>\n<li class=\"font_8\">1998-05-05 \/\/ Carl-Eric Jur\u00e9n, h\u00e5l 3<\/li>\n<\/ul>\n\n        <\/div>\n    <\/div>\n<\/section>\n\n<section class=\"av_tab_section\"  itemscope=\"itemscope\" itemtype=\"https:\/\/schema.org\/CreativeWork\" >    <div data-fake-id=\"#tab-id-9\" class=\"tab\"  itemprop=\"headline\" >1999<\/div>\n    <div id=\"tab-id-9-container\" class=\"tab_content\">\n        <div class=\"tab_inner_content invers-color\"  itemprop=\"text\" >\n<ul>\n<li>1999-11-13 \/\/ Lennart Bengtsson, h\u00e5l 3<\/li>\n<\/ul>\n\n        <\/div>\n    <\/div>\n<\/section>\n\n<section class=\"av_tab_section\"  itemscope=\"itemscope\" itemtype=\"https:\/\/schema.org\/CreativeWork\" >    <div data-fake-id=\"#tab-id-10\" class=\"tab\"  itemprop=\"headline\" >2000<\/div>\n    <div id=\"tab-id-10-container\" class=\"tab_content\">\n        <div class=\"tab_inner_content invers-color\"  itemprop=\"text\" >\n<ul>\n<li class=\"font_8\">2000-09-30 \/\/ Bo Jansson, h\u00e5l 3<\/li>\n<li class=\"font_8\">2000-08-19 \/\/ Patrik L\u00f6fstedt, h\u00e5l 8<\/li>\n<li class=\"font_8\">2000-07-30 \/\/ Anders Wassb\u00e4ck, h\u00e5l 3<\/li>\n<li class=\"font_8\">2000-06-21 \/\/ Mattias Karlsson, h\u00e5l 11<\/li>\n<li class=\"font_8\">2000-05-28 \/\/ Paul Stenstr\u00f6m, h\u00e5l 11<\/li>\n<li class=\"font_8\">2000-05-20 \/\/ Asko Peltoniemi, h\u00e5l 11<\/li>\n<li class=\"font_8\">2000-05-06 \/\/ H\u00e5kan Samuelsson, h\u00e5l 3<\/li>\n<li class=\"font_8\">2000-04-22 \/\/ Rolf Svantesson, h\u00e5l 11<\/li>\n<\/ul>\n\n        <\/div>\n    <\/div>\n<\/section>\n\n<section class=\"av_tab_section\"  itemscope=\"itemscope\" itemtype=\"https:\/\/schema.org\/CreativeWork\" >    <div data-fake-id=\"#tab-id-11\" class=\"tab\"  itemprop=\"headline\" >2001<\/div>\n    <div id=\"tab-id-11-container\" class=\"tab_content\">\n        <div class=\"tab_inner_content invers-color\"  itemprop=\"text\" >\n<ul>\n<li class=\"font_8\">2001-09-01 \/\/ Oskar Jonassen, h\u00e5l 11<\/li>\n<li class=\"font_8\">2001-08-30 \/\/ Lennart Bengtsson, h\u00e5l 17<\/li>\n<li class=\"font_8\">2001-08-20 \/\/ Carl-Gustaf Bergdahl, h\u00e5l 3<\/li>\n<\/ul>\n\n        <\/div>\n    <\/div>\n<\/section>\n\n<section class=\"av_tab_section\"  itemscope=\"itemscope\" itemtype=\"https:\/\/schema.org\/CreativeWork\" >    <div data-fake-id=\"#tab-id-12\" class=\"tab\"  itemprop=\"headline\" >2002<\/div>\n    <div id=\"tab-id-12-container\" class=\"tab_content\">\n        <div class=\"tab_inner_content invers-color\"  itemprop=\"text\" >\n<ul>\n<li class=\"font_8\">2002-06-07 \/\/ Thomas Svensson, h\u00e5l 8<\/li>\n<li class=\"font_8\">2002-07-12 \/\/ Gullbritt Petersson, h\u00e5l 11<\/li>\n<li class=\"font_8\">2002-07-04 \/\/ Kejo Mehtola, h\u00e5l 11<\/li>\n<li class=\"font_8\">2002-07-04 \/\/ Sven Larsson, h\u00e5l 11<\/li>\n<li class=\"font_8\">2002-06-15 \/\/ Hans Smed\u00e5, h\u00e5l 11<\/li>\n<li class=\"font_8\">2002-05-25 \/\/ Eva Holm-Wiberg, h\u00e5l 11<\/li>\n<\/ul>\n\n        <\/div>\n    <\/div>\n<\/section>\n\n<section class=\"av_tab_section\"  itemscope=\"itemscope\" itemtype=\"https:\/\/schema.org\/CreativeWork\" >    <div data-fake-id=\"#tab-id-13\" class=\"tab\"  itemprop=\"headline\" >2003<\/div>\n    <div id=\"tab-id-13-container\" class=\"tab_content\">\n        <div class=\"tab_inner_content invers-color\"  itemprop=\"text\" >\n<ul>\n<li class=\"font_8\">2003-10-29 \/\/ Carl-Gustaf Bergdahl, h\u00e5l 8<\/li>\n<li class=\"font_8\">2003-09-12 \/\/ Andy Maaidment, h\u00e5l 17<\/li>\n<li class=\"font_8\">2003-06-15 \/\/ Gunilla Bj\u00f6rnsson, h\u00e5l 3<\/li>\n<li class=\"font_8\">2003-06-13 \/\/ Gunilla Nilsson, h\u00e5l 3<\/li>\n<li class=\"font_8\">2003-06-07 \/\/ Peter Palmqvist, h\u00e5l 3<\/li>\n<li class=\"font_8\">2003-06-05 \/\/ Anna Karlsson, h\u00e5l 3<\/li>\n<li class=\"font_8\">2003-05-11 \/\/ Magnus Svensson, h\u00e5l 11<\/li>\n<li class=\"font_8\">2003-05-01 \/\/ Majaliisa H\u00e4kkinen, h\u00e5l 3<\/li>\n<\/ul>\n\n        <\/div>\n    <\/div>\n<\/section>\n\n<section class=\"av_tab_section\"  itemscope=\"itemscope\" itemtype=\"https:\/\/schema.org\/CreativeWork\" >    <div data-fake-id=\"#tab-id-14\" class=\"tab\"  itemprop=\"headline\" >2004<\/div>\n    <div id=\"tab-id-14-container\" class=\"tab_content\">\n        <div class=\"tab_inner_content invers-color\"  itemprop=\"text\" >\n<ul>\n<li class=\"font_8\">2004-09-30 \/\/ Ronnie Qvarford, h\u00e5l 11<\/li>\n<li class=\"font_8\">2004-10-09 \/\/ Fredrik Bj\u00f6rk, h\u00e5l 3<\/li>\n<li class=\"font_8\">2004-07-19 \/\/ Tony Persson, h\u00e5l 3<\/li>\n<li class=\"font_8\">2004-04-18 \/\/ Johan Aronsson, h\u00e5l 4<\/li>\n<li class=\"font_8\">2004-04-16 \/\/ Carl-Gustaf Bergdahl, h\u00e5l 11<\/li>\n<\/ul>\n\n        <\/div>\n    <\/div>\n<\/section>\n\n<section class=\"av_tab_section\"  itemscope=\"itemscope\" itemtype=\"https:\/\/schema.org\/CreativeWork\" >    <div data-fake-id=\"#tab-id-15\" class=\"tab\"  itemprop=\"headline\" >2005<\/div>\n    <div id=\"tab-id-15-container\" class=\"tab_content\">\n        <div class=\"tab_inner_content invers-color\"  itemprop=\"text\" >\n<ul>\n<li class=\"font_8\">2005-07-15 \/\/ Roger J\u00f6nsson, h\u00e5l 11<\/li>\n<li class=\"font_8\">2005-06-25 \/\/ Michael Karlsson, h\u00e5l 3<\/li>\n<li class=\"font_8\">2005-06-16 \/\/ Joakim Rosenhed-Hantoft, h\u00e5l 8<\/li>\n<li class=\"font_8\">2005-06-11 \/\/ Carl-Gustaf Bergdahl, h\u00e5l 11<\/li>\n<\/ul>\n\n        <\/div>\n    <\/div>\n<\/section>\n\n<section class=\"av_tab_section\"  itemscope=\"itemscope\" itemtype=\"https:\/\/schema.org\/CreativeWork\" >    <div data-fake-id=\"#tab-id-16\" class=\"tab\"  itemprop=\"headline\" >2006<\/div>\n    <div id=\"tab-id-16-container\" class=\"tab_content\">\n        <div class=\"tab_inner_content invers-color\"  itemprop=\"text\" >\n<ul>\n<li class=\"font_8\">2006-12-30 \/\/\u00a0\u00a0 Mari Masch, h\u00e5l 11<\/li>\n<li class=\"font_8\">2006-07-01 \/\/ Jeremy Roberts, h\u00e5l 8<\/li>\n<li class=\"font_8\">2006-06-09 \/\/\u00a0 Jonas Darte, h\u00e5l 3<\/li>\n<li class=\"font_8\">2006-06-02 \/\/ Fredrk Svanberg, h\u00e5l 3<\/li>\n<li class=\"font_8\">2006-05-28 \/\/\u00a0 Gunn-Britt Persson, h\u00e5l 3<\/li>\n<li class=\"font_8\">2006-05-20 \/\/\u00a0\u00a0 Sven Persson, h\u00e5l 11<\/li>\n<li class=\"font_8\">2006-05-05 \/\/ Bertil M\u00e5nsson, h\u00e5l 8<\/li>\n<\/ul>\n\n        <\/div>\n    <\/div>\n<\/section>\n\n<section class=\"av_tab_section\"  itemscope=\"itemscope\" itemtype=\"https:\/\/schema.org\/CreativeWork\" >    <div data-fake-id=\"#tab-id-17\" class=\"tab\"  itemprop=\"headline\" >2007<\/div>\n    <div id=\"tab-id-17-container\" class=\"tab_content\">\n        <div class=\"tab_inner_content invers-color\"  itemprop=\"text\" >\n<ul>\n<li class=\"font_8\">2007-07-13 \/\/ Roland Porshammar, h\u00e5l 11<\/li>\n<li class=\"font_8\">2007-05-20 \/\/\u00a0 Bj\u00f6rn Karlsson, h\u00e5l 3<\/li>\n<li class=\"font_8\">2007-04-28 \/\/ Johnny Forsman, h\u00e5l 11<\/li>\n<\/ul>\n\n        <\/div>\n    <\/div>\n<\/section>\n\n<section class=\"av_tab_section\"  itemscope=\"itemscope\" itemtype=\"https:\/\/schema.org\/CreativeWork\" >    <div data-fake-id=\"#tab-id-18\" class=\"tab\"  itemprop=\"headline\" >2008<\/div>\n    <div id=\"tab-id-18-container\" class=\"tab_content\">\n        <div class=\"tab_inner_content invers-color\"  itemprop=\"text\" >\n<ul>\n<li class=\"font_8\">\u00a02008-09-28 \/\/ Kjell-\u00c5ke Karlsson, h\u00e5l 17<\/li>\n<li class=\"font_8\">2008-09-14 \/\/\u00a0 H\u00e5kan Bengtsson, h\u00e5l 3<\/li>\n<li class=\"font_8\">2008-08-21 \/\/ Dennis \u00c5kesson, h\u00e5l 11<\/li>\n<li class=\"font_8\">2008-07-23 \/\/\u00a0 Kjell-\u00c5ke Karlsson, h\u00e5l 11<\/li>\n<li class=\"font_8\">2008-07-16 \/\/ Jan Stenberg, h\u00e5l 3<\/li>\n<li class=\"font_8\">2008-05-07 \/\/ Anton Lennartsson, h\u00e5l 11<\/li>\n<li class=\"font_8\">2008-02-19 \/\/\u00a0 Antero Koskela, h\u00e5l 11<\/li>\n<li class=\"font_8\">2008-02-17 \/\/ Katri Lantto, h\u00e5l 3<\/li>\n<\/ul>\n\n        <\/div>\n    <\/div>\n<\/section>\n\n<section class=\"av_tab_section\"  itemscope=\"itemscope\" itemtype=\"https:\/\/schema.org\/CreativeWork\" >    <div data-fake-id=\"#tab-id-19\" class=\"tab\"  itemprop=\"headline\" >2009<\/div>\n    <div id=\"tab-id-19-container\" class=\"tab_content\">\n        <div class=\"tab_inner_content invers-color\"  itemprop=\"text\" >\n<ul>\n<li class=\"font_8\">\u00a02009-08-25 \/\/ Claes Adler, h\u00e5l 3<\/li>\n<li class=\"font_8\">2009-08-15 \/\/ \u00c5ke Sj\u00f6blom, h\u00e5l 11<\/li>\n<li class=\"font_8\">2009-06-13 \/\/\u00a0 Monica Olandersson, h\u00e5l 11<\/li>\n<li class=\"font_8\">2009-04-10 \/\/\u00a0 Jesper Dellheden, h\u00e5l 11<\/li>\n<\/ul>\n\n        <\/div>\n    <\/div>\n<\/section>\n\n<section class=\"av_tab_section\"  itemscope=\"itemscope\" itemtype=\"https:\/\/schema.org\/CreativeWork\" >    <div data-fake-id=\"#tab-id-20\" class=\"tab\"  itemprop=\"headline\" >2010<\/div>\n    <div id=\"tab-id-20-container\" class=\"tab_content\">\n        <div class=\"tab_inner_content invers-color\"  itemprop=\"text\" >\n<ul>\n<li class=\"font_8\">2010-10-29 \/\/ Rolf Samuelsson, h\u00e5l 3<\/li>\n<li class=\"font_8\">2010-08-29 \/\/ Lars Henriksson, h\u00e5l 8<\/li>\n<li class=\"font_8\">2010-08-24 \/\/ Joakim Persson, h\u00e5l 11<\/li>\n<li class=\"font_8\">2010-07-31 \/\/ Lars Gunnarsson, h\u00e5l 11<\/li>\n<\/ul>\n\n        <\/div>\n    <\/div>\n<\/section>\n\n<section class=\"av_tab_section\"  itemscope=\"itemscope\" itemtype=\"https:\/\/schema.org\/CreativeWork\" >    <div data-fake-id=\"#tab-id-21\" class=\"tab\"  itemprop=\"headline\" >2011<\/div>\n    <div id=\"tab-id-21-container\" class=\"tab_content\">\n        <div class=\"tab_inner_content invers-color\"  itemprop=\"text\" >\n<ul>\n<li class=\"font_8\">\u00a02011-10-16 \/\/ Johan Svensson, h\u00e5l 11<\/li>\n<li class=\"font_8\">2011-08-03 \/\/ Kenneth Brodin, h\u00e5l 11<\/li>\n<li class=\"font_8\">2011-07-03 \/\/ Margareta Lundmark, h\u00e5l 11<\/li>\n<li>2011-05-14 \/\/ Rickard Ohlin, h\u00e5l 11<\/li>\n<li class=\"font_8\">2011-04-23 \/\/ Lennart Bengtsson, h\u00e5l 3<\/li>\n<\/ul>\n\n        <\/div>\n    <\/div>\n<\/section>\n\n<section class=\"av_tab_section\"  itemscope=\"itemscope\" itemtype=\"https:\/\/schema.org\/CreativeWork\" >    <div data-fake-id=\"#tab-id-22\" class=\"tab\"  itemprop=\"headline\" >2012<\/div>\n    <div id=\"tab-id-22-container\" class=\"tab_content\">\n        <div class=\"tab_inner_content invers-color\"  itemprop=\"text\" >\n<ul>\n<li class=\"font_8\">\u00a02012-09-23 \/\/ Hannes Andersson, h\u00e5l 11<\/li>\n<li class=\"font_8\">2012-08-28 \/\/ Villy Knudsen, h\u00e5l 11<\/li>\n<li class=\"font_8\">2012-05-16 \/\/ Seppo Autio, h\u00e5l 3<\/li>\n<\/ul>\n<p>Albatross:<\/p>\n<ul>\n<li>\u00a02012-06-10\/\/ Kenny Stenfors, h\u00e5l 13<\/li>\n<\/ul>\n\n        <\/div>\n    <\/div>\n<\/section>\n\n<section class=\"av_tab_section\"  itemscope=\"itemscope\" itemtype=\"https:\/\/schema.org\/CreativeWork\" >    <div data-fake-id=\"#tab-id-23\" class=\"tab\"  itemprop=\"headline\" >2013<\/div>\n    <div id=\"tab-id-23-container\" class=\"tab_content\">\n        <div class=\"tab_inner_content invers-color\"  itemprop=\"text\" >\n<ul>\n<li class=\"font_8\">2013-08-18\/\/ Tony Helenius, h\u00e5l 11<\/li>\n<li class=\"font_8\">2013-06-08 \/\/ Steve Holmstr\u00f6m, h\u00e5l 3<\/li>\n<\/ul>\n\n        <\/div>\n    <\/div>\n<\/section>\n\n<section class=\"av_tab_section\"  itemscope=\"itemscope\" itemtype=\"https:\/\/schema.org\/CreativeWork\" >    <div data-fake-id=\"#tab-id-24\" class=\"tab\"  itemprop=\"headline\" >2014<\/div>\n    <div id=\"tab-id-24-container\" class=\"tab_content\">\n        <div class=\"tab_inner_content invers-color\"  itemprop=\"text\" >\n<ul>\n<li class=\"font_8\">2014-06-15\/\/ Marin Kardum, h\u00e5l 8<\/li>\n<li class=\"font_8\">2014-06-04\/\/ Olle Persson, h\u00e5l 11<\/li>\n<li class=\"font_8\">2014-04-21\/\/ Robin Mouruj\u00e4rvi, h\u00e5l 8<\/li>\n<\/ul>\n\n        <\/div>\n    <\/div>\n<\/section>\n\n<section class=\"av_tab_section\"  itemscope=\"itemscope\" itemtype=\"https:\/\/schema.org\/CreativeWork\" >    <div data-fake-id=\"#tab-id-25\" class=\"tab\"  itemprop=\"headline\" >2015<\/div>\n    <div id=\"tab-id-25-container\" class=\"tab_content\">\n        <div class=\"tab_inner_content invers-color\"  itemprop=\"text\" >\n<ul>\n<li class=\"font_8\">2015-10-18\/\/ Willy Cardell, h\u00e5l 3<\/li>\n<li class=\"font_8\">2015-07-06\/\/ Per-Olof Ekdala, h\u00e5l 8<\/li>\n<li class=\"font_8\">2015-07-01\/\/ Ingmar Bj\u00f6rnsson, h\u00e5l 11<\/li>\n<li class=\"font_8\">2015-04-10\/\/ Jonas Lindkvist, h\u00e5l 3<\/li>\n<\/ul>\n\n        <\/div>\n    <\/div>\n<\/section>\n\n<section class=\"av_tab_section\"  itemscope=\"itemscope\" itemtype=\"https:\/\/schema.org\/CreativeWork\" >    <div data-fake-id=\"#tab-id-26\" class=\"tab\"  itemprop=\"headline\" >2016<\/div>\n    <div id=\"tab-id-26-container\" class=\"tab_content\">\n        <div class=\"tab_inner_content invers-color\"  itemprop=\"text\" >\n<ul>\n<li class=\"font_8\">\u00a02016-09-07\/\/ Leif Kronberg, h\u00e5l 17<\/li>\n<li class=\"font_8\">2016-09-04\/\/ Bo Jansson, h\u00e5l 11<\/li>\n<li class=\"font_8\">2016-09-01\/\/ Eva Peter, h\u00e5l 17<\/li>\n<li class=\"font_8\">2016-07-01\/\/ Filip H\u00f6gqvist, h\u00e5l 11<\/li>\n<\/ul>\n\n        <\/div>\n    <\/div>\n<\/section>\n\n<section class=\"av_tab_section\"  itemscope=\"itemscope\" itemtype=\"https:\/\/schema.org\/CreativeWork\" >    <div data-fake-id=\"#tab-id-27\" class=\"tab\"  itemprop=\"headline\" >2017<\/div>\n    <div id=\"tab-id-27-container\" class=\"tab_content\">\n        <div class=\"tab_inner_content invers-color\"  itemprop=\"text\" >\n<ul>\n<li class=\"font_8\">2017-08-18\/\/ Mika Mikkonen, h\u00e5l 11<\/li>\n<li class=\"font_8\">2017-04-30\/\/ Peter Royson, h\u00e5l 11<\/li>\n<li class=\"font_8\">2017-04-29\/\/ Claus Krogh Hansen, h\u00e5l 8<\/li>\n<\/ul>\n\n        <\/div>\n    <\/div>\n<\/section>\n\n<section class=\"av_tab_section\"  itemscope=\"itemscope\" itemtype=\"https:\/\/schema.org\/CreativeWork\" >    <div data-fake-id=\"#tab-id-28\" class=\"tab\"  itemprop=\"headline\" >2018<\/div>\n    <div id=\"tab-id-28-container\" class=\"tab_content\">\n        <div class=\"tab_inner_content invers-color\"  itemprop=\"text\" >\n<ul>\n<li class=\"font_8\">2018-11-22\/\/ Jesper Karlsson, h\u00e5l 11<\/li>\n<li class=\"font_8\">2018-08-08\/\/ Markus Svensson, h\u00e5l 11<\/li>\n<li class=\"font_8\">2018-08-06\/\/ Kurt-\u00c5ke Karlsson, h\u00e5l 3<\/li>\n<li class=\"font_8\">2018-05-30\/\/ Bo-Anders Gustafsson, h\u00e5l 8<\/li>\n<li class=\"font_8\">2018-05-09\/\/ Bengt Larsson, h\u00e5l 3<\/li>\n<\/ul>\n<p><span style=\"color: #ffffff;\">.<\/span> \u00a0 \u00a0\u00a0 Albatross:<\/p>\n<ul>\n<li class=\"font_8\">2018-08-20\/\/ Hampus Danielsson, h\u00e5l 13<\/li>\n<\/ul>\n\n        <\/div>\n    <\/div>\n<\/section>\n\n<section class=\"av_tab_section\"  itemscope=\"itemscope\" itemtype=\"https:\/\/schema.org\/CreativeWork\" >    <div data-fake-id=\"#tab-id-29\" class=\"tab\"  itemprop=\"headline\" >2019<\/div>\n    <div id=\"tab-id-29-container\" class=\"tab_content\">\n        <div class=\"tab_inner_content invers-color\"  itemprop=\"text\" >\n<ul>\n<li class=\"font_8\">2019-04-21\/\/ Bj\u00f6rn Olofsson, h\u00e5l 11<\/li>\n<li>2019-05-13\/\/ Ann Reeder, h\u00e5l 3<\/li>\n<li>2019-06-21\/\/ Terry Samwel, h\u00e5l 3<\/li>\n<li>2019-07-17\/\/ Jeanette Dahlquist h\u00e5l 11<\/li>\n<\/ul>\n\n        <\/div>\n    <\/div>\n<\/section>\n\n<section class=\"av_tab_section\"  itemscope=\"itemscope\" itemtype=\"https:\/\/schema.org\/CreativeWork\" >    <div data-fake-id=\"#tab-id-30\" class=\"tab active_tab\"  itemprop=\"headline\" >2020<\/div>\n    <div id=\"tab-id-30-container\" class=\"tab_content active_tab_content\">\n        <div class=\"tab_inner_content invers-color\"  itemprop=\"text\" >\n<ul>\n<li>2020-05-09\/\/ Jan Stenberg, h\u00e5l 8<\/li>\n<li>2020-06-12\/\/ Eva Peter, h\u00e5l 17<\/li>\n<li>2020-07-17\/\/ Karin Ljungkvist, h\u00e5l 3<\/li>\n<li>2020-07-28\/\/ Ingelise Fjeldstad, h\u00e5l 11<\/li>\n<li>2020-08-08\/\/ Bo Jansson, h\u00e5l 17<\/li>\n<li>2020-08-17\/\/ Terry Samwel, h\u00e5l 11<\/li>\n<li>2020-09-24\/\/ Lars Strahl, h\u00e5l 3<\/li>\n<li>2020-10-23\/\/ Salomon \u00c5berg, h\u00e5l 11<\/li>\n<\/ul>\n\n        <\/div>\n    <\/div>\n<\/section>\n\n<section class=\"av_tab_section\"  itemscope=\"itemscope\" itemtype=\"https:\/\/schema.org\/CreativeWork\" >    <div data-fake-id=\"#tab-id-31\" class=\"tab\"  itemprop=\"headline\" >2021<\/div>\n    <div id=\"tab-id-31-container\" class=\"tab_content\">\n        <div class=\"tab_inner_content invers-color\"  itemprop=\"text\" >\n<ul>\n<li>2021-06-11\/\/ Dan Hermansson, h\u00e5l 11<\/li>\n<li>2021-06-20\/\/ Kent Jakobsson, h\u00e5l 3<\/li>\n<li>2021-07-12\/\/ Lowe Knoester, h\u00e5l 8<\/li>\n<li>2021-09-01\/\/ Ingmar Bj\u00f6rnsson, h\u00e5l 11<\/li>\n<\/ul>\n\n        <\/div>\n    <\/div>\n<\/section>\n\n<section class=\"av_tab_section\"  itemscope=\"itemscope\" itemtype=\"https:\/\/schema.org\/CreativeWork\" >    <div data-fake-id=\"#tab-id-32\" class=\"tab\"  itemprop=\"headline\" >2022<\/div>\n    <div id=\"tab-id-32-container\" class=\"tab_content\">\n        <div class=\"tab_inner_content invers-color\"  itemprop=\"text\" >\n<ul>\n<li>2022-06-17\/\/ Mikael Hofflander, h\u00e5l 11<\/li>\n<li>2022-07-15\/\/ Kerstin Mattisson, h\u00e5l 3<\/li>\n<li>2022-07-21\/\/ Jukka Soini, h\u00e5l 11<\/li>\n<li>2022-07-26\/\/ Ulf Johansson, h\u00e5l 8<\/li>\n<li>2022-08-22\/\/ Pernilla Westberg, h\u00e5l 11<\/li>\n<li>2022-08-21\/\/ Mona Eskilsson, h\u00e5l 11<\/li>\n<\/ul>\n\n        <\/div>\n    <\/div>\n<\/section>\n\n<section class=\"av_tab_section\"  itemscope=\"itemscope\" itemtype=\"https:\/\/schema.org\/CreativeWork\" >    <div data-fake-id=\"#tab-id-33\" class=\"tab\"  itemprop=\"headline\" >2023<\/div>\n    <div id=\"tab-id-33-container\" class=\"tab_content\">\n        <div class=\"tab_inner_content invers-color\"  itemprop=\"text\" >\n<ul>\n<li>2023-08-16\/\/ Inger S\u00e4terhaug, h\u00e5l 11<\/li>\n<li>2023-10-14\/\/ Paavo Kultanen, h\u00e5l\u00a0 3<\/li>\n<\/ul>\n\n        <\/div>\n    <\/div>\n<\/section>\n\n<section class=\"av_tab_section\"  itemscope=\"itemscope\" itemtype=\"https:\/\/schema.org\/CreativeWork\" >    <div data-fake-id=\"#tab-id-34\" class=\"tab\"  itemprop=\"headline\" >2024<\/div>\n    <div id=\"tab-id-34-container\" class=\"tab_content\">\n        <div class=\"tab_inner_content invers-color\"  itemprop=\"text\" >\n<ul>\n<li>2024-08-08\/\/ Linus Berntsson, h\u00e5l 3<\/li>\n<li>2024-08-11 \/\/\u00a0 Christer Freij, h\u00e5l 17<\/li>\n<\/ul>\n\n        <\/div>\n    <\/div>\n<\/section>\n\n<section class=\"av_tab_section\"  itemscope=\"itemscope\" itemtype=\"https:\/\/schema.org\/CreativeWork\" >    <div data-fake-id=\"#tab-id-35\" class=\"tab\"  itemprop=\"headline\" >2025<\/div>\n    <div id=\"tab-id-35-container\" class=\"tab_content\">\n        <div class=\"tab_inner_content invers-color\"  itemprop=\"text\" >\n<ul>\n<li>2025-05-31\/\/ Roger J\u00f6nsson, h\u00e5l 11<\/li>\n<li>2025-07-21\/\/ Ditte Carlsson, h\u00e5l 17<\/li>\n<li>2025-07-23\/\/ Norry Samwel, h\u00e5l 11<\/li>\n<li>2025-10-31\/\/ Ingvar Borgqvist, h\u00e5l 3<\/li>\n<\/ul>\n\n        <\/div>\n    <\/div>\n<\/section>\n\n<\/div>","protected":false},"excerpt":{"rendered":"","protected":false},"author":1,"featured_media":0,"parent":20,"menu_order":0,"comment_status":"closed","ping_status":"closed","template":"","meta":{"_exactmetrics_skip_tracking":false,"_exactmetrics_sitenote_active":false,"_exactmetrics_sitenote_note":"","_exactmetrics_sitenote_category":0,"footnotes":""},"class_list":["post-93","page","type-page","status-publish","hentry"],"_links":{"self":[{"href":"https:\/\/boagk.se\/en\/wp-json\/wp\/v2\/pages\/93","targetHints":{"allow":["GET"]}}],"collection":[{"href":"https:\/\/boagk.se\/en\/wp-json\/wp\/v2\/pages"}],"about":[{"href":"https:\/\/boagk.se\/en\/wp-json\/wp\/v2\/types\/page"}],"author":[{"embeddable":true,"href":"https:\/\/boagk.se\/en\/wp-json\/wp\/v2\/users\/1"}],"replies":[{"embeddable":true,"href":"https:\/\/boagk.se\/en\/wp-json\/wp\/v2\/comments?post=93"}],"version-history":[{"count":44,"href":"https:\/\/boagk.se\/en\/wp-json\/wp\/v2\/pages\/93\/revisions"}],"predecessor-version":[{"id":11647,"href":"https:\/\/boagk.se\/en\/wp-json\/wp\/v2\/pages\/93\/revisions\/11647"}],"up":[{"embeddable":true,"href":"https:\/\/boagk.se\/en\/wp-json\/wp\/v2\/pages\/20"}],"wp:attachment":[{"href":"https:\/\/boagk.se\/en\/wp-json\/wp\/v2\/media?parent=93"}],"curies":[{"name":"wp","href":"https:\/\/api.w.org\/{rel}","templated":true}]}}