{"id":9069,"date":"2022-05-27T10:24:48","date_gmt":"2022-05-27T10:24:48","guid":{"rendered":"http:\/\/boagk.se\/?page_id=9069"},"modified":"2026-02-25T19:59:31","modified_gmt":"2026-02-25T19:59:31","slug":"klubbens-organisationsform","status":"publish","type":"page","link":"https:\/\/boagk.se\/en\/medlem\/klubbens-organisationsform\/","title":{"rendered":"Klubbens organisationsform"},"content":{"rendered":"<p><strong>ORGANISATION 2026<\/strong><\/p>\n<p>Boa Golfklubb Olofstr\u00f6m (bolag och klubb)<\/p>\n<p>Boa Golfklubb Olofstr\u00f6m \u00e4r en ideell f\u00f6rening (Boa GK Olofstr\u00f6m) som \u00e4ger ett bolag (Boa GK Drift AB)<br \/>\nvilket ansvarar f\u00f6r driften av klubbens anl\u00e4ggning inklusive shop och Driving Range mm.<\/p>\n<p>Hur styrs Boa GK Olofstr\u00f6m?<\/p>\n<p>Klubben ska verka i enlighet med klubbens stadgar. Den leds av en styrelse. Styrelsen v\u00e4ljs av<br \/>\nmedlemmarna vid klubbens \u00c5rsm\u00f6te.<\/p>\n<p>Boa GK Drift AB ska verka enligt Aktiebolagslagen och sin bolagsordning. Det leds av en styrelse och en verkst\u00e4llande direkt\u00f6r.<br \/>\nStyrelsen utses av bolagsst\u00e4mman och verkst\u00e4llande direkt\u00f6ren utses av bolagets styrelse.<\/p>\n<p>Klubben \u00e4ger samtliga aktier i Boa GK Drift AB. Klubbens ordf\u00f6rande f\u00f6retr\u00e4der aktie\u00e4garna med<br \/>\nsamtliga 10 000 r\u00f6ster vid bolagets st\u00e4mma.<\/p>\n<p>Medlemmarna i klubben f\u00e5r insyn i bolaget genom den sammanslagna budget f\u00f6r bolag och klubb som presenteras och diskuteras p\u00e5 klubbens \u00e5rsm\u00f6te samt de dokument som finns lagrade p\u00e5 klubbens hemsida. (Intern medlemsinformation). Budgeten skall f\u00f6re \u00e5rsm\u00f6tet vara behandlad i klubbens och bolagets styrelser.<\/p>\n<p>Det \u00e4r en uppgift f\u00f6r klubbens styrelse att se till att bolaget agerar i enlighet med \u00c5rsm\u00f6tets<br \/>\nintentioner. Det sker genom att aktuella fr\u00e5gor diskuteras i styrelsen f\u00f6r klubben och att de f\u00f6ljs upp med formella beslut i bolaget.<br \/>\nOmv\u00e4nt g\u00e4ller f\u00f6r styrelsen i bolaget att h\u00e5lla klubbens styrelse informerad om sin verksamhet samt att vid behov f\u00f6rankra beslut i klubbens styrelse. Detta f\u00f6rfaringss\u00e4tt underl\u00e4ttas av att klubbens ordinarie styrelseledam\u00f6ter \u00e4r samma personer som ledam\u00f6terna i bolagsstyrelsen.<br \/>\nYtterligare ledam\u00f6ter fr\u00e5n medlemmar kan ocks\u00e5 f\u00f6rekomma i bolagets styrelse, detta \u00e4r dock inget krav.<\/p>\n<p>Svenska golff\u00f6rbundets och Riksidrottsf\u00f6rbundets stadgar omfattar idrottslig verksamhet, inte anl\u00e4ggningar.<br \/>\nBoa Golfklubb Olofstr\u00f6m och dess driftsbolags verksamheter regleras av stadgar respektive bolagsordning.<\/p>\n<p>I bolagsstyrelsen ing\u00e5r:<\/p>\n<ul>\n<li>Leif J\u00f6nsson VD<\/li>\n<li>Lars Johansson Ledamot<\/li>\n<li>Jan \u00c5kesson Ledamot<\/li>\n<li>Leif Winberg Ledamot<\/li>\n<li>Steve Holmstr\u00f6m Ledamot<\/li>\n<li>P\u00e4r Persson Ledamot<\/li>\n<li>Thomas Andersson Ledamot<\/li>\n<li>Manu Lindgren Ledamot<\/li>\n<\/ul>\n<p>&nbsp;<\/p>\n<p>I ideella f\u00f6reningens styrelse ing\u00e5r:<\/p>\n<ul>\n<li>Leif J\u00f6nsson Ordf\u00f6rande<\/li>\n<li>Lars Johansson Ledamot<\/li>\n<li>Jan \u00c5kesson Ledamot<\/li>\n<li>Leif Winberg Ledamot<\/li>\n<li>Steve Holmstr\u00f6m Ledamot<\/li>\n<li>P\u00e4r Persson Ledamot<\/li>\n<li>Thomas Andersson Ledamot<\/li>\n<li>Manu Lindgren Ledamot<\/li>\n<li>Anders Larsson Suppleant<\/li>\n<li>Sigge Carlstr\u00f6m Suppleant<\/li>\n<li>P\u00e4r Himberg Banchef och klubbchef (adjungerad)<\/li>\n<\/ul>","protected":false},"excerpt":{"rendered":"<p>ORGANISATION 2026 Boa Golfklubb Olofstr\u00f6m (bolag och klubb) Boa Golfklubb Olofstr\u00f6m \u00e4r en ideell f\u00f6rening (Boa GK Olofstr\u00f6m) som \u00e4ger ett bolag (Boa GK Drift AB) vilket ansvarar f\u00f6r driften av klubbens anl\u00e4ggning inklusive shop och Driving Range mm. Hur styrs Boa GK Olofstr\u00f6m? Klubben ska verka i enlighet med klubbens stadgar. Den leds av [&hellip;]<\/p>","protected":false},"author":11,"featured_media":0,"parent":18,"menu_order":0,"comment_status":"closed","ping_status":"closed","template":"","meta":{"_exactmetrics_skip_tracking":false,"_exactmetrics_sitenote_active":false,"_exactmetrics_sitenote_note":"","_exactmetrics_sitenote_category":0,"footnotes":""},"class_list":["post-9069","page","type-page","status-publish","hentry"],"_links":{"self":[{"href":"https:\/\/boagk.se\/en\/wp-json\/wp\/v2\/pages\/9069","targetHints":{"allow":["GET"]}}],"collection":[{"href":"https:\/\/boagk.se\/en\/wp-json\/wp\/v2\/pages"}],"about":[{"href":"https:\/\/boagk.se\/en\/wp-json\/wp\/v2\/types\/page"}],"author":[{"embeddable":true,"href":"https:\/\/boagk.se\/en\/wp-json\/wp\/v2\/users\/11"}],"replies":[{"embeddable":true,"href":"https:\/\/boagk.se\/en\/wp-json\/wp\/v2\/comments?post=9069"}],"version-history":[{"count":9,"href":"https:\/\/boagk.se\/en\/wp-json\/wp\/v2\/pages\/9069\/revisions"}],"predecessor-version":[{"id":11707,"href":"https:\/\/boagk.se\/en\/wp-json\/wp\/v2\/pages\/9069\/revisions\/11707"}],"up":[{"embeddable":true,"href":"https:\/\/boagk.se\/en\/wp-json\/wp\/v2\/pages\/18"}],"wp:attachment":[{"href":"https:\/\/boagk.se\/en\/wp-json\/wp\/v2\/media?parent=9069"}],"curies":[{"name":"wp","href":"https:\/\/api.w.org\/{rel}","templated":true}]}}