{"id":8600,"date":"2021-09-28T09:04:25","date_gmt":"2021-09-28T09:04:25","guid":{"rendered":"http:\/\/boagk.se\/?page_id=8600"},"modified":"2021-09-28T09:04:25","modified_gmt":"2021-09-28T09:04:25","slug":"grattis","status":"publish","type":"page","link":"https:\/\/boagk.se\/en\/grattis\/","title":{"rendered":"Grattis!!!!"},"content":{"rendered":"<p>Vi gratulerar Stina Svensson till vinst i sin klass i Blekingetourens sista omg\u00e5ng, som spelades p\u00e5 Niklastorps GK<\/p>\n<p>Bra k\u00e4mpat \u00f6vriga Boajuniorer som var med i t\u00e4vlingen.<\/p>","protected":false},"excerpt":{"rendered":"<p>Vi gratulerar Stina Svensson till vinst i sin klass i Blekingetourens sista omg\u00e5ng, som spelades p\u00e5 Niklastorps GK Bra k\u00e4mpat \u00f6vriga Boajuniorer som var med i t\u00e4vlingen.<\/p>","protected":false},"author":1,"featured_media":0,"parent":0,"menu_order":0,"comment_status":"closed","ping_status":"closed","template":"","meta":{"_exactmetrics_skip_tracking":false,"_exactmetrics_sitenote_active":false,"_exactmetrics_sitenote_note":"","_exactmetrics_sitenote_category":0,"footnotes":""},"class_list":["post-8600","page","type-page","status-publish","hentry"],"_links":{"self":[{"href":"https:\/\/boagk.se\/en\/wp-json\/wp\/v2\/pages\/8600","targetHints":{"allow":["GET"]}}],"collection":[{"href":"https:\/\/boagk.se\/en\/wp-json\/wp\/v2\/pages"}],"about":[{"href":"https:\/\/boagk.se\/en\/wp-json\/wp\/v2\/types\/page"}],"author":[{"embeddable":true,"href":"https:\/\/boagk.se\/en\/wp-json\/wp\/v2\/users\/1"}],"replies":[{"embeddable":true,"href":"https:\/\/boagk.se\/en\/wp-json\/wp\/v2\/comments?post=8600"}],"version-history":[{"count":2,"href":"https:\/\/boagk.se\/en\/wp-json\/wp\/v2\/pages\/8600\/revisions"}],"predecessor-version":[{"id":10926,"href":"https:\/\/boagk.se\/en\/wp-json\/wp\/v2\/pages\/8600\/revisions\/10926"}],"wp:attachment":[{"href":"https:\/\/boagk.se\/en\/wp-json\/wp\/v2\/media?parent=8600"}],"curies":[{"name":"wp","href":"https:\/\/api.w.org\/{rel}","templated":true}]}}