{"id":75,"date":"2018-12-03T10:38:52","date_gmt":"2018-12-03T10:38:52","guid":{"rendered":"http:\/\/boagk.se.preview.binero.se\/?page_id=75"},"modified":"2023-01-17T11:14:03","modified_gmt":"2023-01-17T11:14:03","slug":"pro","status":"publish","type":"page","link":"https:\/\/boagk.se\/en\/medlem\/pro\/","title":{"rendered":"Pro"},"content":{"rendered":"<div class='av-hotspot-image-container avia_animate_when_almost_visible   av-hotspot-numbered av-mobile-fallback-active    av-non-fullwidth-hotspot-image'  itemprop=\"ImageObject\" itemscope=\"itemscope\" itemtype=\"https:\/\/schema.org\/ImageObject\"  ><div class='av-hotspot-container'><div class='av-hotspot-container-inner-cell'><div class='av-hotspot-container-inner-wrap'><img class='avia_image' src='https:\/\/boagk.se\/wp-content\/uploads\/2019\/01\/pro.jpg' alt='' title='pro'  height=\"450\"width=\"1200\"  itemprop=\"thumbnailUrl\"  \/><\/div><\/div><\/div><\/div>\n<div class=\"flex_column av_one_full  flex_column_div av-zero-column-padding first\" style='border-radius:0px; '><\/div>\n<div class=\"flex_column av_one_half  flex_column_div av-zero-column-padding first\" style='border-radius:0px; '><p><div style='padding-bottom:10px; ' class='av-special-heading av-special-heading-h1  blockquote modern-quote'><h1 class='av-special-heading-tag'  itemprop=\"headline\"  >Hej!<\/h1><div class='special-heading-border'><div class='special-heading-inner-border' ><\/div><\/div><\/div><br \/>\n<section class=\"av_textblock_section\"  itemscope=\"itemscope\" itemtype=\"https:\/\/schema.org\/CreativeWork\" ><div class='avia_textblock'   itemprop=\"text\" ><p style=\"text-align: left;\">Dennis \u00c5kesson heter jag och \u00e4r sedan 2011 tr\u00e4nare p\u00e5 Boa GK Olofstr\u00f6m. Under s\u00e4songen h\u00e5ller jag i Gr\u00f6nt Kort-utbildningar, juniortr\u00e4ningar och kan erbjuda privat eller grupplektioner. Om intresse finns f\u00f6r lektioner s\u00e5 kontakta mig p\u00e5 holjegolf@gmail.com f\u00f6r att boka tid.<\/p>\n<p style=\"text-align: left;\">Fr\u00e5n och med 2018 har ni m\u00f6jligheten att anv\u00e4nda ert friskv\u00e5rdsbidrag till lektioner. Jag tar emot friskv\u00e5rdskuponger fr\u00e5n ePassi MinFriskv\u00e5rd (som exempelvis Volvo anv\u00e4nder).<\/p>\n<p style=\"text-align: left;\">Mitt m\u00e5l med varje lektion \u00e4r att ge er kunskapen och gl\u00e4djen att kunna f\u00f6rb\u00e4ttra n\u00e4sta slag, runda eller tr\u00e4ningspass s\u00e5 er golfs\u00e4song blir den b\u00e4sta hittills!<\/p>\n<p style=\"text-align: left;\"><strong>Erfarenheter som instrukt\u00f6r\/spelare:<\/strong><\/p>\n<ul>\n<li style=\"text-align: left;\">&#8211; PGA &amp; SGF\u2019s h\u00f6gre grundtr\u00e4narutbildning 2009-2012<\/li>\n<li style=\"text-align: left;\">&#8211; Deltar regelbundet i utbildningar anordnade av PGA of Sweden och Svenska Golff\u00f6rbundet<\/li>\n<li style=\"text-align: left;\">&#8211; PGA Professional Borre Golfbane Norge, 2009<\/li>\n<li style=\"text-align: left;\">&#8211; PGA Club Professional Arasl\u00f6v Golf &amp; Resort, Kristianstad 2010-2016<\/li>\n<li style=\"text-align: left;\">&#8211; PGA Club Professional Boa Golfklubb, Olofstr\u00f6m 2011-<\/li>\n<li style=\"text-align: left;\">&#8211; 1 hole in one, h\u00e5l 11 p\u00e5 Boa<\/li>\n<li style=\"text-align: left;\">&#8211; B\u00e4sta rundor: 63 slag (-8) Boa Golfklubb Olofstr\u00f6m, 64 slag (-8), Skjolden\u00e6sholm Golf Center, Old course.<\/li>\n<\/ul>\n<\/div><\/section><\/p><\/div>\n<div class=\"flex_column av_one_half  flex_column_div av-zero-column-padding\" style='border-radius:0px; '><p><div style='padding-bottom:10px; font-size:24px;' class='av-special-heading av-special-heading-h1  blockquote modern-quote modern-centered   av-inherit-size'><h1 class='av-special-heading-tag'  itemprop=\"headline\"  >Prislista <\/h1><div class='special-heading-border'><div class='special-heading-inner-border' ><\/div><\/div><\/div><br \/>\n<div class='avia-data-table-wrap avia_responsive_table'><table class='avia-table avia-data-table avia-table-1  avia_pricing_default'  itemscope=\"itemscope\" itemtype=\"https:\/\/schema.org\/Table\" ><tbody><tr class='avia-heading-row'><th class='avia-desc-col'><\/th><th class=''>Pris<\/th><\/tr><tr class=''><th class='avia-desc-col'>1 person and 25 minuter<\/th><td class=''>400 kr<\/td><\/tr><tr class=''><th class='avia-desc-col'>1-2 personer and 55 minuter<\/th><td class=''>700 kr<\/td><\/tr><\/tbody><\/table><\/div><style type='text\/css'>.avia-table-1 td:nth-of-type(0):before { content: ''; } .avia-table-1 td:nth-of-type(1):before { content: 'Pris'; } <\/style><br \/>\n<div class='avia-image-container  av-styling-    avia-align-center'  itemprop=\"ImageObject\" itemscope=\"itemscope\" itemtype=\"https:\/\/schema.org\/ImageObject\"  ><div class='avia-image-container-inner'><div class='avia-image-overlay-wrap'><img class='avia_image' src='https:\/\/boagk.se\/wp-content\/uploads\/2019\/01\/Klubbm\u00e4stare-2018-245x300.jpg' alt='' title='Klubbm\u00e4stare 2018' height=\"300\"width=\"245\"  itemprop=\"thumbnailUrl\"  \/><\/div><\/div><\/div><br \/>\n<div class='avia-image-container  av-styling-    avia-align-center'  itemprop=\"ImageObject\" itemscope=\"itemscope\" itemtype=\"https:\/\/schema.org\/ImageObject\"  ><div class='avia-image-container-inner'><div class='avia-image-overlay-wrap'><img class='avia_image' src='https:\/\/boagk.se\/wp-content\/uploads\/2019\/01\/PGA_2018_Professional_-e1548858434724.jpg' alt='' title='' height=\"209\"width=\"180\"  itemprop=\"thumbnailUrl\"  \/><\/div><\/div><\/div><br \/>\n<br \/>\n<\/p><\/div><\/div><\/div><\/div><!-- close content main div --><\/div><\/div><div id='av_section_1' class='avia-section main_color avia-section-default avia-no-border-styling avia-bg-style-scroll   container_wrap fullsize' style = 'background-color: #dbdbdb; background-image: '  ><div class='container' ><div class='template-page content  av-content-full alpha units'><div class='post-entry post-entry-type-page post-entry-75'><div class='entry-content-wrapper clearfix'>\n<div class=\"flex_column av_one_third  flex_column_div av-zero-column-padding first\" style='border-radius:0px; '><div style='padding-bottom:10px; font-size:24px;' class='av-special-heading av-special-heading-h1  blockquote modern-quote  av-inherit-size'><h1 class='av-special-heading-tag'  itemprop=\"headline\"  >V\u00e4lkommen att kontakta mig<\/h1><div class='special-heading-border'><div class='special-heading-inner-border' ><\/div><\/div><\/div><\/div><div class=\"flex_column av_one_third  flex_column_div av-zero-column-padding\" style='border-radius:0px; '><section class=\"av_textblock_section\"  itemscope=\"itemscope\" itemtype=\"https:\/\/schema.org\/CreativeWork\" ><div class='avia_textblock'   itemprop=\"text\" ><h4>Dennis \u00c5kesson<\/h4>\n<p><em>PGA Club Professional<\/em><br \/>\n<em> Boa Golfklubb Olofstr\u00f6m<\/em><br \/>\n<strong><a href=\"mailto:holjegolf@gmail.com\">holjegolf@gmail.com<\/a><\/strong><\/p>\n<\/div><\/section><\/div><div class=\"flex_column av_one_third  flex_column_div av-zero-column-padding\" style='border-radius:0px; '><div style='padding-bottom:10px; font-size:24px;' class='av-special-heading av-special-heading-h1  blockquote modern-quote  av-inherit-size'><h1 class='av-special-heading-tag'  itemprop=\"headline\"  >Svinga lugnt!<\/h1><div class='special-heading-border'><div class='special-heading-inner-border' ><\/div><\/div><\/div><\/div>\n<\/p>","protected":false},"excerpt":{"rendered":"","protected":false},"author":1,"featured_media":0,"parent":18,"menu_order":0,"comment_status":"closed","ping_status":"closed","template":"","meta":{"_exactmetrics_skip_tracking":false,"_exactmetrics_sitenote_active":false,"_exactmetrics_sitenote_note":"","_exactmetrics_sitenote_category":0,"footnotes":""},"class_list":["post-75","page","type-page","status-publish","hentry"],"_links":{"self":[{"href":"https:\/\/boagk.se\/en\/wp-json\/wp\/v2\/pages\/75","targetHints":{"allow":["GET"]}}],"collection":[{"href":"https:\/\/boagk.se\/en\/wp-json\/wp\/v2\/pages"}],"about":[{"href":"https:\/\/boagk.se\/en\/wp-json\/wp\/v2\/types\/page"}],"author":[{"embeddable":true,"href":"https:\/\/boagk.se\/en\/wp-json\/wp\/v2\/users\/1"}],"replies":[{"embeddable":true,"href":"https:\/\/boagk.se\/en\/wp-json\/wp\/v2\/comments?post=75"}],"version-history":[{"count":8,"href":"https:\/\/boagk.se\/en\/wp-json\/wp\/v2\/pages\/75\/revisions"}],"predecessor-version":[{"id":11142,"href":"https:\/\/boagk.se\/en\/wp-json\/wp\/v2\/pages\/75\/revisions\/11142"}],"up":[{"embeddable":true,"href":"https:\/\/boagk.se\/en\/wp-json\/wp\/v2\/pages\/18"}],"wp:attachment":[{"href":"https:\/\/boagk.se\/en\/wp-json\/wp\/v2\/media?parent=75"}],"curies":[{"name":"wp","href":"https:\/\/api.w.org\/{rel}","templated":true}]}}