{"id":71,"date":"2018-12-03T10:38:10","date_gmt":"2018-12-03T10:38:10","guid":{"rendered":"http:\/\/boagk.se.preview.binero.se\/?page_id=71"},"modified":"2026-04-01T07:30:43","modified_gmt":"2026-04-01T07:30:43","slug":"styrelsen","status":"publish","type":"page","link":"https:\/\/boagk.se\/en\/medlem\/styrelsen\/","title":{"rendered":"Council &amp; Committees"},"content":{"rendered":"<div class='av-hotspot-image-container avia_animate_when_almost_visible   av-hotspot-numbered av-mobile-fallback-active    av-non-fullwidth-hotspot-image'  itemprop=\"ImageObject\" itemscope=\"itemscope\" itemtype=\"https:\/\/schema.org\/ImageObject\"  ><div class='av-hotspot-container'><div class='av-hotspot-container-inner-cell'><div class='av-hotspot-container-inner-wrap'><img class='avia_image' src='https:\/\/boagk.se\/wp-content\/uploads\/2019\/01\/styrelse-boa-gk-olofstr\u00f6m.jpg' alt='' title='styrelse-boa gk olofstr\u00f6m'  height=\"450\"width=\"1200\"  itemprop=\"thumbnailUrl\"  \/><\/div><\/div><\/div><\/div>\n<div class=\"flex_column av_one_full  flex_column_div av-zero-column-padding first\" style='border-radius:0px; '><div class=\"tabcontainer   top_tab\">\n\n<section class=\"av_tab_section\"  itemscope=\"itemscope\" itemtype=\"https:\/\/schema.org\/CreativeWork\" >    <div data-fake-id=\"#tab-id-1\" class=\"tab active_tab\"  itemprop=\"headline\" ><strong>Council<\/strong><\/div>\n    <div id=\"tab-id-1-container\" class=\"tab_content active_tab_content\">\n        <div class=\"tab_inner_content invers-color\"  itemprop=\"text\" >\n<p><strong>Ordf\u00f6rande och VD i driftsbolaget (kontakt sker via kansliet):<\/strong><\/p>\n<p><img loading=\"lazy\" decoding=\"async\" class=\"alignnone wp-image-10457\" src=\"https:\/\/boagk.se\/wp-content\/uploads\/2024\/03\/Leif.jpg\" alt=\"\" width=\"129\" height=\"203\" srcset=\"https:\/\/boagk.se\/wp-content\/uploads\/2024\/03\/Leif.jpg 152w, https:\/\/boagk.se\/wp-content\/uploads\/2024\/03\/Leif-8x12.jpg 8w\" sizes=\"auto, (max-width: 129px) 100vw, 129px\" \/><br \/>\nLeif J\u00f6nson<\/p>\n<p><strong>Ledam\u00f6ter<\/strong><\/p>\n<p><img loading=\"lazy\" decoding=\"async\" class=\"alignnone wp-image-10453\" src=\"https:\/\/boagk.se\/wp-content\/uploads\/2024\/03\/Jan-Akesson-267x300.jpg\" alt=\"\" width=\"126\" height=\"142\" \/><br \/>\nJan \u00c5kesson<\/p>\n<p><img loading=\"lazy\" decoding=\"async\" class=\"\" src=\"http:\/\/boagk.se\/wp-content\/uploads\/2022\/04\/IMG_20220419_200840-scaled.jpg\" width=\"123\" height=\"167\" \/><br \/>\nLars Johansson<\/p>\n<p><img loading=\"lazy\" decoding=\"async\" class=\"alignnone wp-image-11583\" src=\"https:\/\/boagk.se\/wp-content\/uploads\/2025\/12\/Leif-Winberg.jpg\" alt=\"\" width=\"124\" height=\"187\" srcset=\"https:\/\/boagk.se\/wp-content\/uploads\/2025\/12\/Leif-Winberg.jpg 200w, https:\/\/boagk.se\/wp-content\/uploads\/2025\/12\/Leif-Winberg-8x12.jpg 8w\" sizes=\"auto, (max-width: 124px) 100vw, 124px\" \/><br \/>\nLeif Winberg<\/p>\n<p><img loading=\"lazy\" decoding=\"async\" class=\"alignnone wp-image-11584\" src=\"https:\/\/boagk.se\/wp-content\/uploads\/2025\/12\/Par-Persson.jpg\" alt=\"\" width=\"127\" height=\"179\" srcset=\"https:\/\/boagk.se\/wp-content\/uploads\/2025\/12\/Par-Persson.jpg 402w, https:\/\/boagk.se\/wp-content\/uploads\/2025\/12\/Par-Persson-8x12.jpg 8w\" sizes=\"auto, (max-width: 127px) 100vw, 127px\" \/><br \/>\nP\u00e4r Persson<\/p>\n<p><img loading=\"lazy\" decoding=\"async\" class=\"\" src=\"http:\/\/boagk.se\/wp-content\/uploads\/2022\/04\/IMG_20220419_200805-scaled.jpg\" width=\"128\" height=\"153\" \/><br \/>\nThomas Andersson<\/p>\n<p><img loading=\"lazy\" decoding=\"async\" class=\"alignnone wp-image-10931\" src=\"https:\/\/boagk.se\/wp-content\/uploads\/2024\/12\/Manu-2024-237x300.jpg\" alt=\"\" width=\"129\" height=\"164\" \/><br \/>\nManu Lindgren<\/p>\n<p><img loading=\"lazy\" decoding=\"async\" class=\"alignnone wp-image-10914\" src=\"https:\/\/boagk.se\/wp-content\/uploads\/2024\/12\/Steve-2024-300x300.jpg\" alt=\"\" width=\"135\" height=\"135\" srcset=\"https:\/\/boagk.se\/wp-content\/uploads\/2024\/12\/Steve-2024-300x300.jpg 300w, https:\/\/boagk.se\/wp-content\/uploads\/2024\/12\/Steve-2024-36x36.jpg 36w, https:\/\/boagk.se\/wp-content\/uploads\/2024\/12\/Steve-2024-180x180.jpg 180w, https:\/\/boagk.se\/wp-content\/uploads\/2024\/12\/Steve-2024-120x120.jpg 120w, https:\/\/boagk.se\/wp-content\/uploads\/2024\/12\/Steve-2024-450x450.jpg 450w\" sizes=\"auto, (max-width: 135px) 100vw, 135px\" \/><br \/>\nSteve Holmstr\u00f6m<\/p>\n<p><strong>Suppleanter<\/strong><\/p>\n<p><img loading=\"lazy\" decoding=\"async\" class=\"alignnone wp-image-11582\" src=\"https:\/\/boagk.se\/wp-content\/uploads\/2025\/12\/Anders-Larsson_Vy.jpg\" alt=\"\" width=\"138\" height=\"199\" srcset=\"https:\/\/boagk.se\/wp-content\/uploads\/2025\/12\/Anders-Larsson_Vy.jpg 199w, https:\/\/boagk.se\/wp-content\/uploads\/2025\/12\/Anders-Larsson_Vy-8x12.jpg 8w\" sizes=\"auto, (max-width: 138px) 100vw, 138px\" \/><br \/>\nAnders Larsson<\/p>\n<p><img loading=\"lazy\" decoding=\"async\" class=\"alignnone wp-image-11585\" src=\"https:\/\/boagk.se\/wp-content\/uploads\/2025\/12\/Sigge-Carlstrom.jpg\" alt=\"\" width=\"103\" height=\"164\" srcset=\"https:\/\/boagk.se\/wp-content\/uploads\/2025\/12\/Sigge-Carlstrom.jpg 86w, https:\/\/boagk.se\/wp-content\/uploads\/2025\/12\/Sigge-Carlstrom-8x12.jpg 8w\" sizes=\"auto, (max-width: 103px) 100vw, 103px\" \/><br \/>\nSigge Carlstr\u00f6m<\/p>\n\n        <\/div>\n    <\/div>\n<\/section>\n\n<section class=\"av_tab_section\"  itemscope=\"itemscope\" itemtype=\"https:\/\/schema.org\/CreativeWork\" >    <div data-fake-id=\"#tab-id-2\" class=\"tab\"  itemprop=\"headline\" ><strong>Revisorer<\/strong><\/div>\n    <div id=\"tab-id-2-container\" class=\"tab_content\">\n        <div class=\"tab_inner_content invers-color\"  itemprop=\"text\" >\n<p><strong>Ingvar Borgqvist<\/strong><br \/>\nTelefon:<br \/>\ningvar.borgqvist@gmail.com<\/p>\n<p><strong>Knut Hessbo<\/strong><br \/>\nTelefon:<br \/>\nknut.hessbo@andco.se<\/p>\n\n        <\/div>\n    <\/div>\n<\/section>\n\n<section class=\"av_tab_section\"  itemscope=\"itemscope\" itemtype=\"https:\/\/schema.org\/CreativeWork\" >    <div data-fake-id=\"#tab-id-3\" class=\"tab\"  itemprop=\"headline\" ><strong>Bankommitt\u00e9n<\/strong><\/div>\n    <div id=\"tab-id-3-container\" class=\"tab_content\">\n        <div class=\"tab_inner_content invers-color\"  itemprop=\"text\" >\n<p><strong>Ordf\u00f6rande:<\/strong><br \/>\nKjell Jonassen<br \/>\nTelefon: 070-205 68 98<\/p>\n<p><strong>Ledamot:<br \/>\n<\/strong>Jan \u00c5kesson<br \/>\nTelefon: 070-226 11 21<\/p>\n<p><strong>Ledamot:<\/strong><br \/>\nP\u00e4r Himberg<br \/>\nTelefon: 070-770 17 10<\/p>\n<p><strong>Ledamot:<\/strong><br \/>\nPeter Magnusson<br \/>\nTelefon: 072-544 69 37<\/p>\n<p><strong>Ledamot:<\/strong><br \/>\nRolf Svantesson<br \/>\nTelefon: 070-370 44 20<\/p>\n<h3><\/h3>\n<h3>Bankommitt\u00e9ns uppgifter<\/h3>\n<p>* Ansvara f\u00f6r att h\u00f6ja kvalit\u00e9ten p\u00e5 banan<br \/>\n* F\u00f6resl\u00e5 och aktivt delta i banf\u00f6rb\u00e4ttringar<br \/>\n* Ansvara f\u00f6r klubbens milj\u00f6arbete<br \/>\n* L\u00e4mna budgetf\u00f6rslag till styrelsen<br \/>\n* F\u00f6ra protokoll \u00f6ver sina sammantr\u00e4den<\/p>\n<h3>Information fr\u00e5n bankommitt\u00e9n<\/h3>\n<p>Vid frost, inget spel p\u00e5 ordinarie greener.<br \/>\nBollautomaten p\u00e5 driving range \u00e4r \u00f6ppen.<br \/>\nGl\u00f6m inte att laga era nedslagsm\u00e4rken.<\/p>\n\n        <\/div>\n    <\/div>\n<\/section>\n\n<section class=\"av_tab_section\"  itemscope=\"itemscope\" itemtype=\"https:\/\/schema.org\/CreativeWork\" >    <div data-fake-id=\"#tab-id-4\" class=\"tab\"  itemprop=\"headline\" ><strong>Damkommitt\u00e9n<\/strong><\/div>\n    <div id=\"tab-id-4-container\" class=\"tab_content\">\n        <div class=\"tab_inner_content invers-color\"  itemprop=\"text\" >\n<h3>Damverksamheten ing\u00e5r i styrelsens ansvar<\/h3>\n\n        <\/div>\n    <\/div>\n<\/section>\n\n<section class=\"av_tab_section\"  itemscope=\"itemscope\" itemtype=\"https:\/\/schema.org\/CreativeWork\" >    <div data-fake-id=\"#tab-id-5\" class=\"tab\"  itemprop=\"headline\" ><strong>Juniorkommitt\u00e9n<\/strong><\/div>\n    <div id=\"tab-id-5-container\" class=\"tab_content\">\n        <div class=\"tab_inner_content invers-color\"  itemprop=\"text\" >\n<p><strong>Ordf\u00f6rande:<\/strong><\/p>\n<p>Telefon:<\/p>\n<p><strong>Ledamot:<\/strong><br \/>\nDennis \u00c5kesson<br \/>\nTelefon:<br \/>\nholjegolf@gmail.com<\/p>\n<h3>Juniorkommitt\u00e9ns uppgifter<\/h3>\n<p>* Ansvara f\u00f6r klubbens junior- och ungdomsverksamhet<br \/>\n* Verka f\u00f6r ett \u00f6kat intresse bland knattar och ungdomar f\u00f6r att b\u00f6rja spela golf<br \/>\n* Arrangera speciella junior- och ungdomst\u00e4vlingar i samarbete med t\u00e4vlingskommitt\u00e9n<\/p>\n\n        <\/div>\n    <\/div>\n<\/section>\n\n<section class=\"av_tab_section\"  itemscope=\"itemscope\" itemtype=\"https:\/\/schema.org\/CreativeWork\" >    <div data-fake-id=\"#tab-id-6\" class=\"tab\"  itemprop=\"headline\" ><strong>Seniorkommitt\u00e9n<\/strong><\/div>\n    <div id=\"tab-id-6-container\" class=\"tab_content\">\n        <div class=\"tab_inner_content invers-color\"  itemprop=\"text\" >\n<p><strong>Ordf\u00f6rande:<\/strong><br \/>\nRune J\u00f6nsson<br \/>\nTelefon: 0709-942964<\/p>\n<p><strong>Ledamot:<\/strong><br \/>\nAnders Emanuelsson<br \/>\nTelefon: 0705-362154<\/p>\n<p><strong>Ledamot:<\/strong><br \/>\nRoland Porshammar<br \/>\nTelefon: 0706-903412<\/p>\n<p><strong>Ledamot:<\/strong><br \/>\nMikael Karlsson<br \/>\nTelefon: 0768-785450<\/p>\n<h3>Senior Teamets uppgifter<\/h3>\n<p>* Ansvara f\u00f6r seniorverksamheten<br \/>\n* Ansvara f\u00f6r att samarbeta med \u00f6vriga blekingeklubbar g\u00e4llande seriespelet f\u00f6r H45, H55 och H65<br \/>\n* Arrangera speciella seniort\u00e4vlingar i samarbete med t\u00e4vlingskommitt\u00e9n<br \/>\n* Arbeta f\u00f6r ett spelutbyte med seniorer i andra golfklubbar<br \/>\n* F\u00f6ra protokoll \u00f6ver sina sammantr\u00e4den<\/p>\n<h3>Information fr\u00e5n Seniorkommitt\u00e9n<\/h3>\n<p>Alla seniorer \u00e4r v\u00e4lkomna att spela och delta i v\u00e5ra aktiviteter s\u00e5v\u00e4l damer som herrar.<\/p>\n<p>Information om v\u00e5ra aktiviteter kommer att l\u00e4ggas ut p\u00e5 klubbens hemsida samt ansl\u00e5s p\u00e5 en info. tavla som finns placerad utv\u00e4ndigt p\u00e5 klubbhuset.<\/p>\n<p>Den info som kommer att delges \u00e4r bl.a. resultatlistor och lagt\u00e4vlingar i onsdags- fredagsgolfen samt m\u00e5nadsplaner f\u00f6r aktiviteterna. \u00a0Allt spel \u00e4r handikapp ronder och skall registreras i Min Golf<\/p>\n<p><strong>Onsdagsgolfen:<\/strong><\/p>\n<p>Spelas varje onsdag med start kl. 9.00. Vi spelar singel slaggolf och lagt\u00e4vling med start fr\u00e5n valfri Tee \u00f6ver s\u00e5v\u00e4l 18 som 12 h\u00e5l.<\/p>\n<p><strong>Alla b\u00f6r om\u00a0 m\u00f6jlig anm\u00e4la sig f\u00f6r spel i onsdagsgolfen i Min Golf\u00a0 https:\/\/mingolf.golf.se\/tavling\/ \u00a0<\/strong>senast kl. 8.00 t\u00e4vlingsdagen, detta p.g.a. av bokning av golfbilar sker i samband med tidsbokningen. Inga golfbilar finns tillg\u00e4ngliga f\u00f6r bokning direkt via kansliet. Bokning via appen underl\u00e4ttar \u00e4ven f\u00f6r kansliets registrering av deltagare f\u00f6r t\u00e4vlingen. <strong>Efteranm\u00e4lan godk\u00e4nnes <\/strong><\/p>\n<p>De som \u00f6nskar spela 12 h\u00e5l pga. tidsbrist eller annat hinder erbjuds detta ,men dessa ing\u00e5r ej i t\u00e4vlingen och lagspelet.<\/p>\n<p>Anm\u00e4lan sker i liggare som finns i klubbstugan. Varje spelare \u00e4r ansvarig f\u00f6r att anm\u00e4la sig senast 8.45, lottning sker 8.50. i liggaren skall anges Tee och antal h\u00e5l man skall spela.<\/p>\n<p>I onsdagsgolfen ing\u00e5r spel om BOA Oldboys pokal \u00f6ver 18 h\u00e5l f\u00f6r spelare H55+.<\/p>\n<p><strong>Fredags tolvan:<\/strong><\/p>\n<p>Spelas varje fredag utom fredagar som infaller p\u00e5 helgafton och s.k. kl\u00e4mdagar som infaller vi l\u00e5nghelger. Lottning kl. 8.50\u00a0 med start kl. 9.00 fr\u00e5n r\u00f6d Tee.<\/p>\n<p><strong>T\u00e4vlingar anordnade Blekinge golff\u00f6rbund:<\/strong><\/p>\n<p>Vi kommer att deltaga i Blekingeserien \u00a0H60 med 1 lag samt i Blekinge senior tour H55+ (individuell anm\u00e4lan i Min Golf. )<\/p>\n<p><strong>GOLFRESA:<\/strong><\/p>\n<p>Golfresa till annan klubb i n\u00e4romr\u00e5det kommer att anordnas under v\u00e5ren.<\/p>\n\n        <\/div>\n    <\/div>\n<\/section>\n\n<section class=\"av_tab_section\"  itemscope=\"itemscope\" itemtype=\"https:\/\/schema.org\/CreativeWork\" >    <div data-fake-id=\"#tab-id-7\" class=\"tab\"  itemprop=\"headline\" ><strong>Marknadskommitt\u00e9n<\/strong><\/div>\n    <div id=\"tab-id-7-container\" class=\"tab_content\">\n        <div class=\"tab_inner_content invers-color\"  itemprop=\"text\" >\n<p><strong>Ordf\u00f6rande:<\/strong><br \/>\nMats Markstr\u00f6m<br \/>\nTelefon: 0763206035<br \/>\nmats.markstrom@oktv.se<\/p>\n<p><strong>Ledamot:<br \/>\n<\/strong>Dan Hermansson<br \/>\nTelefon: 0709859082<br \/>\ndanaghermansson1@outlook.com<\/p>\n<p><strong>Ledamot:<br \/>\n<\/strong>Anders Larsson<br \/>\nanderslarsson@live.se<br \/>\nTelefon: <span data-olk-copy-source=\"MessageBody\">0702911860<\/span><\/p>\n<h3>Marknadskommitt\u00e9ns uppgifter<\/h3>\n<p>* Ansvara f\u00f6r klubbens sponsringsverksamhet<br \/>\n* Hj\u00e4lpa t\u00e4vlingskommitt\u00e9n med att ordna sponsorer och priser till klubbens t\u00e4vlingar<br \/>\n* L\u00e4mna budgetf\u00f6rslag till styrelsen<br \/>\n* F\u00f6ra protokoll \u00f6ver sina sammantr\u00e4den<\/p>\n<h3>Information fr\u00e5n Marknadskommitt\u00e9n<\/h3>\n<p>Vi ser fram emot ett fortsatt framg\u00e5ngsrikt samarbete med v\u00e5ra partners under s\u00e4songen.<\/p>\n\n        <\/div>\n    <\/div>\n<\/section>\n\n<section class=\"av_tab_section\"  itemscope=\"itemscope\" itemtype=\"https:\/\/schema.org\/CreativeWork\" >    <div data-fake-id=\"#tab-id-8\" class=\"tab\"  itemprop=\"headline\" ><strong>Utbildningskommitt\u00e9n<\/strong><\/div>\n    <div id=\"tab-id-8-container\" class=\"tab_content\">\n        <div class=\"tab_inner_content invers-color\"  itemprop=\"text\" >\n<p><strong>Ordf\u00f6rande:<\/strong><br \/>\nBodil Madisson<br \/>\nTelefon: 070-984 64 97<\/p>\n<p><strong>Ledamot:<br \/>\n<\/strong>Dennis \u00c5kesson<br \/>\nTelefon: 076-870 12 42<\/p>\n<p>Steve Holmstr\u00f6m<br \/>\nTelefon: 073-826 81 74<\/p>\n<h3><\/h3>\n<h3>Utbildningskommitt\u00e9ns uppgifter<\/h3>\n<p>* Ansvara f\u00f6r utbildning av nya medlemmar<br \/>\n* Anordna kurser och vidareutbildning av klubbens funktion\u00e4rer<br \/>\n* Kontrollera att golfreglerna f\u00f6ljs p\u00e5 banan tillsammans med erfarna spelare<br \/>\n* L\u00e4mna budgetf\u00f6rslag till styrelsen<br \/>\n* F\u00f6ra protokoll \u00f6ver sina sammantr\u00e4den<\/p>\n<h3>Information fr\u00e5n Utbildningskommitt\u00e9n<\/h3>\n<p>\u00c5rets f\u00f6rsta utbildningsomg\u00e5ng f\u00f6r Gr\u00f6nt Kort startar i mitten av april.<br \/>\nVid intresse: kontakta kansliet p\u00e5 0454 &#8211; 43366 eller boagk@oktv.se.<\/p>\n\n        <\/div>\n    <\/div>\n<\/section>\n\n<section class=\"av_tab_section\"  itemscope=\"itemscope\" itemtype=\"https:\/\/schema.org\/CreativeWork\" >    <div data-fake-id=\"#tab-id-9\" class=\"tab\"  itemprop=\"headline\" ><strong>Regel &amp; Handicapkommitt\u00e9n<\/strong><\/div>\n    <div id=\"tab-id-9-container\" class=\"tab_content\">\n        <div class=\"tab_inner_content invers-color\"  itemprop=\"text\" >\n<p><strong>Ordf\u00f6rande:<\/strong><\/p>\n<p><strong>Ledamot:<\/strong><br \/>\nBodil Madisson<br \/>\nTelefon: 0709846497<br \/>\nbodil.madisson@oktv.se<\/p>\n<h3>Regel &amp; Handicapkommitt\u00e9ns uppgifter<\/h3>\n<p>* Utf\u00e4rda lokala regler och f\u00f6reskrifter samt se till s\u00e5 att dessa \u00e4r aktuella<br \/>\n* Vid behov utf\u00e4rda tillf\u00e4lliga lokala regler<br \/>\n* Ansvara f\u00f6r att medlemmarna har ett r\u00e4ttvisande handicap som motsvarar deras spelstandard<br \/>\n* Genomf\u00f6ra \u00e5rlig revision av medlemmarnas handicap<br \/>\n* Besvara fr\u00e5gor fr\u00e5n medlemmar i regel- och handicapfr\u00e5gor<br \/>\n* L\u00e4mna budgetf\u00f6rslag till styrelsen<br \/>\n* F\u00f6ra protokoll \u00f6ver sina sammantr\u00e4den<\/p>\n<h3>Information fr\u00e5n Regel &amp; Handicapkommitt\u00e9n<\/h3>\n<p>* Fr.o.m. 1 januari 2019 har nya golfregler b\u00f6rjat att g\u00e4lla.<br \/>\n* Det \u00e4r R&amp;A (The Royal and Ancient Golf Club of St Andrews) och USGA (United States Golf Association) som tillsammans har tagit fram ett helt nytt regelverk i syfte att f\u00f6renkla och modernisera golfspelet.<br \/>\n* Detta ska bl.a. leda till ett snabbare spel och att s.k. regelf\u00e4llor inte l\u00e4ngre finns kvar.<br \/>\n* P\u00e5 R&amp;A:s hemsida (randa.org) finns 2019 \u00e5rs Regler f\u00f6r golfspel, Spelarens upplaga och Definitioner tillg\u00e4ngliga i svensk \u00f6vers\u00e4ttning.<br \/>\n* Dessutom finns Appen Rules of Golf 2019 f\u00f6r nedladdningen b\u00e5de f\u00f6r Android och f\u00f6r iPhone.<\/p>\n\n        <\/div>\n    <\/div>\n<\/section>\n\n<section class=\"av_tab_section\"  itemscope=\"itemscope\" itemtype=\"https:\/\/schema.org\/CreativeWork\" >    <div data-fake-id=\"#tab-id-10\" class=\"tab\"  itemprop=\"headline\" >Medlemskommitt\u00e9n<\/div>\n    <div id=\"tab-id-10-container\" class=\"tab_content\">\n        <div class=\"tab_inner_content invers-color\"  itemprop=\"text\" >\n<h3>Medlemskommitt\u00e9n ing\u00e5r i styrelsens ansvar<\/h3>\n\n        <\/div>\n    <\/div>\n<\/section>\n\n<section class=\"av_tab_section\"  itemscope=\"itemscope\" itemtype=\"https:\/\/schema.org\/CreativeWork\" >    <div data-fake-id=\"#tab-id-11\" class=\"tab\"  itemprop=\"headline\" >T\u00e4vlingskommitt\u00e9n<\/div>\n    <div id=\"tab-id-11-container\" class=\"tab_content\">\n        <div class=\"tab_inner_content invers-color\"  itemprop=\"text\" >\n<p><strong>Ordf\u00f6rande:<br \/>\n<\/strong> \u00c5sa Mossmyr<br \/>\nTelefon: 070-511 40 20<\/p>\n<p><strong>Ledamot:<\/strong><br \/>\nUlrika Johannisson<\/p>\n<p>Vi blir g\u00e4rna fler i t\u00e4vlingskommitt\u00e9n.<\/p>\n<p>\u00c4r ni sugna p\u00e5 att hj\u00e4lpa till s\u00e5 h\u00f6r av er till kansliet.<\/p>\n<h3>T\u00e4vlingskommitt\u00e9ns uppgifter:<\/h3>\n<p>* Ansvara f\u00f6r klubbens t\u00e4vlingsverksamhet<br \/>\n* Fastst\u00e4lla t\u00e4vlingsprogram och se till s\u00e5 att det \u00e4r startf\u00f6rbud p\u00e5 banan under t\u00e4vlingar<br \/>\n* Administrera klubbens t\u00e4vlingsverksamhet med att bl.a. sammanst\u00e4lla start- och resultatlistor<br \/>\n* Bitr\u00e4da juniorkommitt\u00e9n och damkommitt\u00e9n i samband med junior- och damt\u00e4vlingar<br \/>\n* Informera media om t\u00e4vlingsresultaten<br \/>\n* L\u00e4mna budgetf\u00f6rslag till styrelsen<br \/>\n* F\u00f6ra protokoll \u00f6ver sina sammantr\u00e4danden<\/p>\n<h3>Information fr\u00e5n T\u00e4vlingskommitt\u00e9n:<\/h3>\n<p>T\u00e4vlingsprogrammet f\u00f6r finns att l\u00e4sa under T\u00e4vlingar.<\/p>\n\n        <\/div>\n    <\/div>\n<\/section>\n\n<\/div><\/div><div class=\"flex_column av_one_half  flex_column_div av-zero-column-padding first\" style='border-radius:0px; '><\/div><\/p>\n<div class=\"flex_column av_one_full  flex_column_div av-zero-column-padding first\" style='border-radius:0px; '><\/div>","protected":false},"excerpt":{"rendered":"","protected":false},"author":1,"featured_media":0,"parent":18,"menu_order":0,"comment_status":"closed","ping_status":"closed","template":"","meta":{"_exactmetrics_skip_tracking":false,"_exactmetrics_sitenote_active":false,"_exactmetrics_sitenote_note":"","_exactmetrics_sitenote_category":0,"footnotes":""},"class_list":["post-71","page","type-page","status-publish","hentry"],"_links":{"self":[{"href":"https:\/\/boagk.se\/en\/wp-json\/wp\/v2\/pages\/71","targetHints":{"allow":["GET"]}}],"collection":[{"href":"https:\/\/boagk.se\/en\/wp-json\/wp\/v2\/pages"}],"about":[{"href":"https:\/\/boagk.se\/en\/wp-json\/wp\/v2\/types\/page"}],"author":[{"embeddable":true,"href":"https:\/\/boagk.se\/en\/wp-json\/wp\/v2\/users\/1"}],"replies":[{"embeddable":true,"href":"https:\/\/boagk.se\/en\/wp-json\/wp\/v2\/comments?post=71"}],"version-history":[{"count":130,"href":"https:\/\/boagk.se\/en\/wp-json\/wp\/v2\/pages\/71\/revisions"}],"predecessor-version":[{"id":197,"href":"https:\/\/boagk.se\/en\/wp-json\/wp\/v2\/pages\/71\/revisions\/197"}],"up":[{"embeddable":true,"href":"https:\/\/boagk.se\/en\/wp-json\/wp\/v2\/pages\/18"}],"wp:attachment":[{"href":"https:\/\/boagk.se\/en\/wp-json\/wp\/v2\/media?parent=71"}],"curies":[{"name":"wp","href":"https:\/\/api.w.org\/{rel}","templated":true}]}}