{"id":69,"date":"2018-12-03T10:37:51","date_gmt":"2018-12-03T10:37:51","guid":{"rendered":"http:\/\/boagk.se.preview.binero.se\/?page_id=69"},"modified":"2026-05-13T13:57:47","modified_gmt":"2026-05-13T13:57:47","slug":"gront-kort","status":"publish","type":"page","link":"https:\/\/boagk.se\/en\/medlem\/gront-kort\/","title":{"rendered":"Green Card"},"content":{"rendered":"<div class='av-hotspot-image-container avia_animate_when_almost_visible   av-hotspot-numbered av-mobile-fallback-active    av-non-fullwidth-hotspot-image'  itemprop=\"ImageObject\" itemscope=\"itemscope\" itemtype=\"https:\/\/schema.org\/ImageObject\"  ><div class='av-hotspot-container'><div class='av-hotspot-container-inner-cell'><div class='av-hotspot-container-inner-wrap'><img class='avia_image' src='https:\/\/boagk.se\/wp-content\/uploads\/2019\/01\/gr\u00f6nt-kort-boa-gk-olofstr\u00f6m.jpg' alt='' title='gr\u00f6nt kort-boa gk olofstr\u00f6m'  height=\"450\"width=\"1200\"  itemprop=\"thumbnailUrl\"  \/><\/div><\/div><\/div><\/div>\n<div class=\"flex_column av_one_half  flex_column_div av-zero-column-padding first\" style='border-radius:0px; '><p><div style='padding-bottom:10px; ' class='av-special-heading av-special-heading-h1  blockquote modern-quote'><h1 class='av-special-heading-tag'  itemprop=\"headline\"  >Utbildning f\u00f6r Gr\u00f6nt Kort<\/h1><div class='special-heading-border'><div class='special-heading-inner-border' ><\/div><\/div><\/div><br \/>\n<section class=\"av_textblock_section\"  itemscope=\"itemscope\" itemtype=\"https:\/\/schema.org\/CreativeWork\" ><div class='avia_textblock'   itemprop=\"text\" ><p><strong>Utbildning f\u00f6r Gr\u00f6nt Kort \u00e4r f\u00f6r dig som vill b\u00f6rja spela golf.<\/strong><\/p>\n<p>Utbildningen \u00e4r p\u00e5 ca 9 timmar, uppdelad i en praktisk del och en teoretisk del.<\/p>\n<p>Program:<br \/>\n\u2022 Praktisk golftr\u00e4ning med PGA utbildad Pro Dennis \u00c5kesson<br \/>\n\u2022 Teori (online med Svenska Golff\u00f6rbundets kunskapstester i golfvett &amp; golfregler)<br \/>\n\u2022 Banvandring med regler och golfvett.<br \/>\n\u2022 L\u00e5n av klubbor och fria bollar till driving range vid tr\u00e4ning<br \/>\n\u2022 Kursen avslutas med ett spelprov mot 54 i hcp (nytt 2020)<\/p>\n<p><span style=\"color: #ff0000;\">P\u00e5 Boa GK godk\u00e4nner vi inte Online kurser f\u00f6r Gr\u00f6nt kort<\/span><\/p>\n<\/div><\/section><\/p><\/div><div class=\"flex_column av_one_half  flex_column_div av-zero-column-padding\" style='border-radius:0px; '><p><div style='padding-bottom:10px; font-size:24px;' class='av-special-heading av-special-heading-h1  blockquote modern-quote  av-inherit-size'><h1 class='av-special-heading-tag'  itemprop=\"headline\"  >Gr\u00f6nt Kort 2026 med eller utan Medlemskap<\/h1><div class='special-heading-border'><div class='special-heading-inner-border' ><\/div><\/div><\/div><br \/>\n<div class='avia-data-table-wrap avia_responsive_table'><table class='avia-table avia-data-table avia-table-1  avia_pricing_default'  itemscope=\"itemscope\" itemtype=\"https:\/\/schema.org\/Table\" ><tbody><tr class='avia-heading-row'><th class='avia-desc-col'>Medlemskapskategori<\/th><th class=''>Medlemsavgift<\/th><\/tr><tr class=''><th class='avia-desc-col'>Provmedlemskap (Senior)<\/th><td class=''>5 900 kr<\/td><\/tr><tr class=''><th class='avia-desc-col'>Junior (13-17 \u00e5r)<\/th><td class=''>2 350 kr<\/td><\/tr><tr class=''><th class='avia-desc-col'>Junior (18-21 \u00e5r) <\/th><td class=''>2 550 kr<\/td><\/tr><tr class=''><th class='avia-desc-col'>Knatte (upp till 12 \u00e5r)<\/th><td class=''>1 350 kr<\/td><\/tr><tr class=''><th class='avia-desc-col'>Ungdom (22-30 \u00e5r)<\/th><td class=''>4 950 kr<br \/>\n<\/td><\/tr><tr class=''><th class='avia-desc-col'>Studerande (22-26 \u00e5r)<\/th><td class=''>3 350 kr<\/td><\/tr><\/tbody><\/table><\/div><style type='text\/css'>.avia-table-1 td:nth-of-type(0):before { content: 'Medlemskapskategori'; } .avia-table-1 td:nth-of-type(1):before { content: 'Medlemsavgift'; } <\/style><br \/>\n<div class='avia-data-table-wrap avia_responsive_table'><table class='avia-table avia-data-table avia-table-2  avia_pricing_default'  itemscope=\"itemscope\" itemtype=\"https:\/\/schema.org\/Table\" ><tbody><tr class='avia-heading-row'><th class='avia-desc-col'>Utan Medlemskap<\/th><th class=''>Kursavgift<\/th><\/tr><tr class=''><th class='avia-desc-col'>Enbart utbildning f\u00f6r Gr\u00f6nt Kort (Senior)<\/th><td class=''>1 695 kr<\/td><\/tr><tr class=''><th class='avia-desc-col'>Enbart utbildning f\u00f6r Gr\u00f6nt Kort (Ungdom,Junior, Knatte och Studerande)<\/th><td class=''>950 kr<\/td><\/tr><\/tbody><\/table><\/div><style type='text\/css'>.avia-table-2 td:nth-of-type(0):before { content: 'Utan Medlemskap'; } .avia-table-2 td:nth-of-type(1):before { content: 'Kursavgift'; } <\/style><br \/>\n<section class=\"av_textblock_section\"  itemscope=\"itemscope\" itemtype=\"https:\/\/schema.org\/CreativeWork\" ><div class='avia_textblock'   itemprop=\"text\" ><p style=\"text-align: center;\">Vid intresse: kontakta kansliet p\u00e5 0454 &#8211; 433 66, 0454-226384 eller <a href=\"mailto:boagk@oktv.se\">boagk@oktv.se<\/a>.<\/p>\n<\/div><\/section><\/p><\/div><\/p>","protected":false},"excerpt":{"rendered":"","protected":false},"author":1,"featured_media":0,"parent":18,"menu_order":0,"comment_status":"closed","ping_status":"closed","template":"","meta":{"_exactmetrics_skip_tracking":false,"_exactmetrics_sitenote_active":false,"_exactmetrics_sitenote_note":"","_exactmetrics_sitenote_category":0,"footnotes":""},"class_list":["post-69","page","type-page","status-publish","hentry"],"_links":{"self":[{"href":"https:\/\/boagk.se\/en\/wp-json\/wp\/v2\/pages\/69","targetHints":{"allow":["GET"]}}],"collection":[{"href":"https:\/\/boagk.se\/en\/wp-json\/wp\/v2\/pages"}],"about":[{"href":"https:\/\/boagk.se\/en\/wp-json\/wp\/v2\/types\/page"}],"author":[{"embeddable":true,"href":"https:\/\/boagk.se\/en\/wp-json\/wp\/v2\/users\/1"}],"replies":[{"embeddable":true,"href":"https:\/\/boagk.se\/en\/wp-json\/wp\/v2\/comments?post=69"}],"version-history":[{"count":30,"href":"https:\/\/boagk.se\/en\/wp-json\/wp\/v2\/pages\/69\/revisions"}],"predecessor-version":[{"id":11980,"href":"https:\/\/boagk.se\/en\/wp-json\/wp\/v2\/pages\/69\/revisions\/11980"}],"up":[{"embeddable":true,"href":"https:\/\/boagk.se\/en\/wp-json\/wp\/v2\/pages\/18"}],"wp:attachment":[{"href":"https:\/\/boagk.se\/en\/wp-json\/wp\/v2\/media?parent=69"}],"curies":[{"name":"wp","href":"https:\/\/api.w.org\/{rel}","templated":true}]}}