{"id":686,"date":"2019-02-18T07:36:07","date_gmt":"2019-02-18T07:36:07","guid":{"rendered":"http:\/\/boagk.se.preview.binero.se\/?page_id=686"},"modified":"2020-07-27T19:26:34","modified_gmt":"2020-07-27T19:26:34","slug":"boka-starttid","status":"publish","type":"page","link":"https:\/\/boagk.se\/en\/banan\/boka-starttid\/","title":{"rendered":"Book Start Time"},"content":{"rendered":"<section class=\"avia_codeblock_section  avia_code_block_0\"  itemscope=\"itemscope\" itemtype=\"https:\/\/schema.org\/CreativeWork\" ><div class='avia_codeblock'  itemprop=\"text\" > [avia_codeblock_placeholder uid=\"0\"] <\/div><\/section>\n<section class=\"av_textblock_section\"  itemscope=\"itemscope\" itemtype=\"https:\/\/schema.org\/CreativeWork\" ><div class='avia_textblock'   itemprop=\"text\" ><p><span style=\"color: #ffffff;\">.<\/span><\/p>\n<p style=\"text-align: left;\"><strong><span style=\"color: #ffffff;\">.<\/span> \u00a0 F\u00f6r att g\u00e5 direkt till Min Golf: Klicka p\u00e5 bilden nedan eller<a href=\"https:\/\/mingolf.golf.se\/Login?ReturnUrl=%2F\" target=\"_blank\" rel=\"noopener\"> Read more<\/a>.<\/strong><\/p>\n<p style=\"text-align: left;\"><a href=\"https:\/\/mingolf.golf.se\/Login?ReturnUrl=%2F\"><img loading=\"lazy\" decoding=\"async\" class=\"alignnone wp-image-4388 size-medium\" src=\"http:\/\/boagk.se\/wp-content\/uploads\/2020\/01\/Min-Golf-Inloggning-600x211.png\" alt=\"\" width=\"600\" height=\"211\" srcset=\"https:\/\/boagk.se\/wp-content\/uploads\/2020\/01\/Min-Golf-Inloggning-600x211.png 600w, https:\/\/boagk.se\/wp-content\/uploads\/2020\/01\/Min-Golf-Inloggning-768x270.png 768w, https:\/\/boagk.se\/wp-content\/uploads\/2020\/01\/Min-Golf-Inloggning-705x248.png 705w, https:\/\/boagk.se\/wp-content\/uploads\/2020\/01\/Min-Golf-Inloggning-450x158.png 450w, https:\/\/boagk.se\/wp-content\/uploads\/2020\/01\/Min-Golf-Inloggning.png 1105w\" sizes=\"auto, (max-width: 600px) 100vw, 600px\" \/><\/a><\/p>\n<p style=\"text-align: center;\"><span style=\"color: #ffffff;\">.<\/span><\/p>\n<p style=\"text-align: left;\"><strong>\u00a0 \u00a0Under v\u00e5ren och sommaren genomf\u00f6rs regelbundet kontroller ute p\u00e5 banan av erlagd greenfee och medlemsavgift.<\/strong><\/p>\n<p style=\"text-align: left;\"><strong>\u00a0 \u00a0Boa GK Olofstr\u00f6ms Policy och ordningsf\u00f6reskrifter f\u00f6r spel p\u00e5 banan finns att se\u00a0<a href=\"http:\/\/boagk.se\/wp-content\/uploads\/2020\/07\/Bilaga-4-Styrelsem\u00f6te-2020-07-22-Policy-och-ordningsf\u00f6reskrifter-Boa-GK-Olofstr\u00f6m.pdf\">H\u00e4r<\/a>.<\/strong><\/p>\n<\/div><\/section>","protected":false},"excerpt":{"rendered":"","protected":false},"author":1,"featured_media":0,"parent":20,"menu_order":0,"comment_status":"closed","ping_status":"closed","template":"","meta":{"_exactmetrics_skip_tracking":false,"_exactmetrics_sitenote_active":false,"_exactmetrics_sitenote_note":"","_exactmetrics_sitenote_category":0,"footnotes":""},"class_list":["post-686","page","type-page","status-publish","hentry"],"_links":{"self":[{"href":"https:\/\/boagk.se\/en\/wp-json\/wp\/v2\/pages\/686","targetHints":{"allow":["GET"]}}],"collection":[{"href":"https:\/\/boagk.se\/en\/wp-json\/wp\/v2\/pages"}],"about":[{"href":"https:\/\/boagk.se\/en\/wp-json\/wp\/v2\/types\/page"}],"author":[{"embeddable":true,"href":"https:\/\/boagk.se\/en\/wp-json\/wp\/v2\/users\/1"}],"replies":[{"embeddable":true,"href":"https:\/\/boagk.se\/en\/wp-json\/wp\/v2\/comments?post=686"}],"version-history":[{"count":13,"href":"https:\/\/boagk.se\/en\/wp-json\/wp\/v2\/pages\/686\/revisions"}],"predecessor-version":[{"id":10985,"href":"https:\/\/boagk.se\/en\/wp-json\/wp\/v2\/pages\/686\/revisions\/10985"}],"up":[{"embeddable":true,"href":"https:\/\/boagk.se\/en\/wp-json\/wp\/v2\/pages\/20"}],"wp:attachment":[{"href":"https:\/\/boagk.se\/en\/wp-json\/wp\/v2\/media?parent=686"}],"curies":[{"name":"wp","href":"https:\/\/api.w.org\/{rel}","templated":true}]}}