{"id":65,"date":"2018-12-03T10:37:13","date_gmt":"2018-12-03T10:37:13","guid":{"rendered":"http:\/\/boagk.se.preview.binero.se\/?page_id=65"},"modified":"2026-04-27T11:04:15","modified_gmt":"2026-04-27T11:04:15","slug":"medlemskap","status":"publish","type":"page","link":"https:\/\/boagk.se\/en\/medlem\/medlemskap\/","title":{"rendered":"Membership"},"content":{"rendered":"<div class='av-hotspot-image-container avia_animate_when_almost_visible   av-hotspot-numbered av-mobile-fallback-active    av-non-fullwidth-hotspot-image '  itemprop=\"ImageObject\" itemscope=\"itemscope\" itemtype=\"https:\/\/schema.org\/ImageObject\"  ><div class='av-hotspot-container'><div class='av-hotspot-container-inner-cell'><div class='av-hotspot-container-inner-wrap'><img class='avia_image ' src='https:\/\/boagk.se\/wp-content\/uploads\/2018\/12\/medlemskap-i-boa-gk.png' alt='' title=''  height=\"450\"width=\"1200\"  itemprop=\"thumbnailUrl\"  \/><\/div><\/div><\/div><\/div>\n<div class=\"flex_column av_one_full  flex_column_div av-zero-column-padding first  \" style='border-radius:0px; '><p><div style='padding-bottom:10px; ' class='av-special-heading av-special-heading-h1  blockquote modern-quote modern-centered   '><h1 class='av-special-heading-tag '  itemprop=\"headline\"  >Bli medlem p\u00e5 Boa GK Olofstr\u00f6m<\/h1><div class ='av-subheading av-subheading_below  ' style='font-size:15px;'><p>Inga medlemsl\u00e5n eller insatser.<br \/>\nEnbart \u00e5rsavgift.<\/p>\n<\/div><div class='special-heading-border'><div class='special-heading-inner-border' ><\/div><\/div><\/div><br \/>\n<section class=\"av_textblock_section \"  itemscope=\"itemscope\" itemtype=\"https:\/\/schema.org\/CreativeWork\" ><div class='avia_textblock  '   itemprop=\"text\" ><p style=\"text-align: center;\">\u200bVi p\u00e5 Boa GK Olofstr\u00f6m har valt att g\u00f6ra golfen mycket mer tillg\u00e4nglig. Det ska vara enkelt att spela golf, d\u00e4rf\u00f6r har vi inga medlemsl\u00e5n eller insatser. Enbart \u00e5rsavgift.\u200b<br \/>\nBoa GK Olofstr\u00f6m erbjuder f\u00f6rm\u00e5nliga medlemsavgifter, dessutom ing\u00e5r utbildning f\u00f6r gr\u00f6nt kort vid nytecknande av medlemskap.<\/p>\n<p style=\"text-align: center;\"><strong><br \/>\nSamarbete mellan Boa GK, \u00d6stra G\u00f6inge GK samt \u00c4lmhults GK inf\u00f6r s\u00e4songen 2025<\/strong><br \/>\nFr.o.m. s\u00e4song (2025) ing\u00e5r vi samarbetsavtal med genom att erbjuda v\u00e5ra fullv\u00e4rdiga medlemmar i respektive klubb<\/p>\n<p style=\"text-align: center;\">Fritt spel alla vardagar hela dagen eller p\u00e5 helger efter kl. 12.00. Erbjudandet g\u00e4ller maximalt 2 starttider per s\u00e4llskap och dag. 1 s\u00e4llskap = en 4 boll.<\/p>\n<p style=\"text-align: center;\">* Som fullv\u00e4rdig medlem r\u00e4knas den som inte betalar GreenFee p\u00e5 sin hemmaklubb<\/p>\n<p style=\"text-align: center;\">Du kan inte \u00e5ret innan du varit medlem p\u00e5 den ena klubben, byta klubb till n\u00e5gon av samarbetsklubbarna, och ta del av detta erbjudande.<\/p>\n<p style=\"text-align: center;\">Vid gruppbokning (9+) GreenFee 300:- alternativt vid st\u00f6rre s\u00e4llskap kontakta respektive kansli f\u00f6r kostnadsf\u00f6rslag<\/p>\n<p style=\"text-align: center;\">V\u00e5ra klubbar verkar \u00e4ven f\u00f6r \u00f6vriga samarbeten som g\u00e4ller utveckling av bana\/anl\u00e4ggning f\u00f6r respektive golfklubb<\/p>\n<\/div><\/section><\/p><\/div><\/div><\/div><\/div><!-- close content main div --><\/div><\/div><div id='av_section_1' class='avia-section main_color avia-section-default avia-no-border-styling avia-bg-style-scroll   container_wrap fullsize' style = 'background-color: #a6b895; background-image: '  ><div class='container' ><div class='template-page content  av-content-full alpha units'><div class='post-entry post-entry-type-page post-entry-65'><div class='entry-content-wrapper clearfix'>\n<div style='padding-bottom:10px; color:#ffffff;font-size:24px;' class='av-special-heading av-special-heading-h1 custom-color-heading blockquote modern-quote modern-centered  av-inherit-size '><h1 class='av-special-heading-tag '  itemprop=\"headline\"  >V\u00e4lkommen att kontakta kansliet f\u00f6r mer information<\/h1><div class ='av-subheading av-subheading_below av_custom_color ' style='font-size:15px;'><p>Ring 0454-433 66 eller maila till boagk@oktv.se<\/p>\n<\/div><div class='special-heading-border'><div class='special-heading-inner-border' style='border-color:#ffffff'><\/div><\/div><\/div>\n<\/p>\n<\/div><\/div><\/div><!-- close content main div --><\/div><\/div><div id='av_section_2' class='avia-section main_color avia-section-default avia-no-border-styling avia-bg-style-scroll   container_wrap fullsize' style = 'background-color: #dbdbdb; background-image: '  ><div class='container' ><div class='template-page content  av-content-full alpha units'><div class='post-entry post-entry-type-page post-entry-65'><div class='entry-content-wrapper clearfix'>\n<div style='padding-bottom:10px; ' class='av-special-heading av-special-heading-h1  blockquote modern-quote modern-centered   '><h1 class='av-special-heading-tag '  itemprop=\"headline\"  >Medlemsavgifter 2026<\/h1><div class ='av-subheading av-subheading_below  ' style='font-size:15px;'><p>S\u00e4song 1\/4 2026 &#8211; 31\/3 2027<\/p>\n<\/div><div class='special-heading-border'><div class='special-heading-inner-border' ><\/div><\/div><\/div>\n<div class=\"togglecontainer  av-minimal-toggle toggle_close_all \" >\n<section class=\"av_toggle_section\"  itemscope=\"itemscope\" itemtype=\"https:\/\/schema.org\/CreativeWork\"  >    <div class=\"single_toggle\" data-tags=\"{All} \"  >        <p data-fake-id=\"#toggle-id-1\" class=\"toggler \"  itemprop=\"headline\"  ><strong>Senior - 6 600 kr<\/strong><span class=\"toggle_icon\" >        <span class=\"vert_icon\"><\/span><span class=\"hor_icon\"><\/span><\/span><\/p>        <div id=\"toggle-id-1-container\" class=\"toggle_wrap \"  >            <div class=\"toggle_content invers-color \"  itemprop=\"text\"   ><p class=\"font_8\">(Spelavgift 6 100 kr + Medlemsavgift 500 kr)<br \/>\nFullv\u00e4rdig medlem med r\u00e4tt till spel alla dagar i veckan. Inneb\u00e4r r\u00e4tt till spel till Blekingegreenfee och till spel p\u00e5 Sydpoolen (reducerad greenfee enligt g\u00e4llande regler).<\/p>\n<div class=\"elementToProof\">Samarbetsavtalet med \u00d6stra G\u00f6inge GK och \u00c4lmhults GK ing\u00e5r.<\/div>\n            <\/div>        <\/div>    <\/div><\/section>\n<section class=\"av_toggle_section\"  itemscope=\"itemscope\" itemtype=\"https:\/\/schema.org\/CreativeWork\"  >    <div class=\"single_toggle\" data-tags=\"{All} \"  >        <p data-fake-id=\"#toggle-id-2\" class=\"toggler \"  itemprop=\"headline\"  ><strong>Provmedlemskap - 5 200 kr<\/strong><span class=\"toggle_icon\" >        <span class=\"vert_icon\"><\/span><span class=\"hor_icon\"><\/span><\/span><\/p>        <div id=\"toggle-id-2-container\" class=\"toggle_wrap \"  >            <div class=\"toggle_content invers-color \"  itemprop=\"text\"   ><p>(Spelavgift 4 700 kr + Medlemsavgift 500 kr)<br \/>\nProvmedlemskap 1 \u00e5r, 1 g\u00e5ng. Utbildning f\u00f6r <span class=\"color_5\">Gr\u00f6nt kort ing\u00e5r ej<\/span>. Fullv\u00e4rdig medlem med r\u00e4tt till spel alla dagar i veckan. Inneb\u00e4r r\u00e4tt till spel till Blekingegreenfee och till spel p\u00e5 Sydpoolen (reducerad greenfee enligt g\u00e4llande regler). G\u00e4ller f\u00f6r spelare som inte varit fullv\u00e4rdig medlem i Boa GK Olofstr\u00f6m de tv\u00e5 senaste s\u00e4songerna.<\/p>\n<div class=\"elementToProof\">Samarbetsavtalet med \u00d6stra G\u00f6inge GK och \u00c4lmhults GK ing\u00e5r.<\/div>\n            <\/div>        <\/div>    <\/div><\/section>\n<section class=\"av_toggle_section\"  itemscope=\"itemscope\" itemtype=\"https:\/\/schema.org\/CreativeWork\"  >    <div class=\"single_toggle\" data-tags=\"{All} \"  >        <p data-fake-id=\"#toggle-id-3\" class=\"toggler \"  itemprop=\"headline\"  ><strong>Provmedlemskap-Plus (Inkl. Gr\u00f6nt Kort) - 5 900 kr<\/strong><span class=\"toggle_icon\" >        <span class=\"vert_icon\"><\/span><span class=\"hor_icon\"><\/span><\/span><\/p>        <div id=\"toggle-id-3-container\" class=\"toggle_wrap \"  >            <div class=\"toggle_content invers-color \"  itemprop=\"text\"   ><p class=\"font_8\">(Spelavgift 5 400 kr + Medlemsavgift 500 kr)<br \/>\nProvmedlemskap 1 \u00e5r, 1 g\u00e5ng.\u00a0<span class=\"color_5\">Gr\u00f6nt kort utbildning ing\u00e5r<\/span>. Fullv\u00e4rdig medlem med r\u00e4tt till spel alla dagar i veckan. Inneb\u00e4r r\u00e4tt till spel till Blekingegreenfee och till spel p\u00e5 Sydpoolen (reducerad greenfee enligt g\u00e4llande regler). G\u00e4ller f\u00f6r spelare som inte har Gr\u00f6nt Kort sedan tidigare.<\/p>\n<div class=\"elementToProof\">Samarbetsavtalet med \u00d6stra G\u00f6inge GK och \u00c4lmhults GK ing\u00e5r.<\/div>\n            <\/div>        <\/div>    <\/div><\/section>\n<section class=\"av_toggle_section\"  itemscope=\"itemscope\" itemtype=\"https:\/\/schema.org\/CreativeWork\"  >    <div class=\"single_toggle\" data-tags=\"{All} \"  >        <p data-fake-id=\"#toggle-id-4\" class=\"toggler \"  itemprop=\"headline\"  ><strong>Non Resident - 3 800 kr<\/strong><span class=\"toggle_icon\" >        <span class=\"vert_icon\"><\/span><span class=\"hor_icon\"><\/span><\/span><\/p>        <div id=\"toggle-id-4-container\" class=\"toggle_wrap \"  >            <div class=\"toggle_content invers-color \"  itemprop=\"text\"   ><p class=\"font_8\">(Spelavgift 3 300 kr + Medlemsavgift 500 kr)<br \/>\nFolkbokf\u00f6rda minst 10 mil fr\u00e5n klubben\/banan. Fullv\u00e4rdig medlem med r\u00e4tt till spel alla dagar i veckan. Inneb\u00e4r r\u00e4tt till spel till Blekingegreenfee och till spel p\u00e5 Sydpoolen (reducerad greenfee enligt g\u00e4llande regler).\u200b\u200b\u200b\u200b\u200b\u200b\u200b\u200b\u200b\u200b\u200b<\/p>\n<div class=\"elementToProof\">Samarbetsavtalet med \u00d6stra G\u00f6inge GK och \u00c4lmhults GK ing\u00e5r.<\/div>\n            <\/div>        <\/div>    <\/div><\/section>\n<section class=\"av_toggle_section\"  itemscope=\"itemscope\" itemtype=\"https:\/\/schema.org\/CreativeWork\"  >    <div class=\"single_toggle\" data-tags=\"{All} \"  >        <p data-fake-id=\"#toggle-id-5\" class=\"toggler \"  itemprop=\"headline\"  ><strong>Greenfee - 1 700 kr<\/strong><span class=\"toggle_icon\" >        <span class=\"vert_icon\"><\/span><span class=\"hor_icon\"><\/span><\/span><\/p>        <div id=\"toggle-id-5-container\" class=\"toggle_wrap \"  >            <div class=\"toggle_content invers-color \"  itemprop=\"text\"   ><p>(Spelavgift 1200 kr + Medlemsavgift 500 kr)<br \/>\nBlekingegreenfee erl\u00e4ggs alltid vid spel p\u00e5 hemmabanan, Boa GK Olofstr\u00f6m. Reducerad greenfee vid spel p\u00e5 banor anslutna till Sydpoolen g\u00e4ller ej.<\/p>\n            <\/div>        <\/div>    <\/div><\/section>\n<section class=\"av_toggle_section\"  itemscope=\"itemscope\" itemtype=\"https:\/\/schema.org\/CreativeWork\"  >    <div class=\"single_toggle\" data-tags=\"{All} \"  >        <p data-fake-id=\"#toggle-id-6\" class=\"toggler \"  itemprop=\"headline\"  ><strong>Distans - 700 kr<\/strong><span class=\"toggle_icon\" >        <span class=\"vert_icon\"><\/span><span class=\"hor_icon\"><\/span><\/span><\/p>        <div id=\"toggle-id-6-container\" class=\"toggle_wrap \"  >            <div class=\"toggle_content invers-color \"  itemprop=\"text\"   ><p class=\"font_8\">(Spelavgift 200 kr + Medlemsavgift 500 kr) Greenfee erl\u00e4ggs alltid vid spel.<br \/>\nFolkbokf\u00f6rda minst 10 mil fr\u00e5n klubben\/banan.\u00a0Reducerad greenfee vid spel p\u00e5 banor anslutna till Sydpoolen g\u00e4ller ej.<\/p>\n            <\/div>        <\/div>    <\/div><\/section>\n<section class=\"av_toggle_section\"  itemscope=\"itemscope\" itemtype=\"https:\/\/schema.org\/CreativeWork\"  >    <div class=\"single_toggle\" data-tags=\"{All} \"  >        <p data-fake-id=\"#toggle-id-7\" class=\"toggler \"  itemprop=\"headline\"  ><strong>Studerande - 2 800 kr<\/strong><span class=\"toggle_icon\" >        <span class=\"vert_icon\"><\/span><span class=\"hor_icon\"><\/span><\/span><\/p>        <div id=\"toggle-id-7-container\" class=\"toggle_wrap \"  >            <div class=\"toggle_content invers-color \"  itemprop=\"text\"   ><p class=\"font_8\">(Spelavgift 2 300 kr + Medlemsavgift 500 kr)<br \/>\nFullv\u00e4rdig medlem med r\u00e4tt till spel alla dagar i veckan, t.o.m. det \u00e5ret man fyller 26 \u00e5r. Studieintyg kr\u00e4vs. I \u00f6vrigt likv\u00e4rdigt med medlemskategorin &#8221;Senior&#8221;.<\/p>\n<div class=\"elementToProof\">Samarbetsavtalet med \u00d6stra G\u00f6inge GK och \u00c4lmhults GK ing\u00e5r.<\/div>\n            <\/div>        <\/div>    <\/div><\/section>\n<section class=\"av_toggle_section\"  itemscope=\"itemscope\" itemtype=\"https:\/\/schema.org\/CreativeWork\"  >    <div class=\"single_toggle\" data-tags=\"{All} \"  >        <p data-fake-id=\"#toggle-id-8\" class=\"toggler \"  itemprop=\"headline\"  ><strong>Nyhet! Golfsmart Boa GK 995 kr<\/strong><span class=\"toggle_icon\" >        <span class=\"vert_icon\"><\/span><span class=\"hor_icon\"><\/span><\/span><\/p>        <div id=\"toggle-id-8-container\" class=\"toggle_wrap \"  >            <div class=\"toggle_content invers-color \"  itemprop=\"text\"   ><p>(spelavgift 495 kr + medlemsavgift 500 kr)<\/p>\n<p>Ing\u00e5r 2 st vardagsgreenfee, medlemskap, 25% p\u00e5 ordinarie greenfee.<\/p>\n<p>Folkbokf\u00f6rd minst 10 mil fr\u00e5n klubben\/ banan.<\/p>\n            <\/div>        <\/div>    <\/div><\/section>\n<section class=\"av_toggle_section\"  itemscope=\"itemscope\" itemtype=\"https:\/\/schema.org\/CreativeWork\"  >    <div class=\"single_toggle\" data-tags=\"{All} \"  >        <p data-fake-id=\"#toggle-id-9\" class=\"toggler \"  itemprop=\"headline\"  ><strong>Yngre senior 22 -30 \u00e5r 4400 kr<\/strong><span class=\"toggle_icon\" >        <span class=\"vert_icon\"><\/span><span class=\"hor_icon\"><\/span><\/span><\/p>        <div id=\"toggle-id-9-container\" class=\"toggle_wrap \"  >            <div class=\"toggle_content invers-color \"  itemprop=\"text\"   ><p>(spelavgift 3 900 och medlemsavgift 500 kr)<\/p>\n<p>Till och med \u00e5ret man fyller 30 \u00e5r, i \u00f6vrigt likv\u00e4rdigt med medlemskategorin &#8221;Senior&#8221;.<\/p>\n<div class=\"elementToProof\">Samarbetsavtalet med \u00d6stra G\u00f6inge GK och \u00c4lmhults GK ing\u00e5r.<\/div>\n            <\/div>        <\/div>    <\/div><\/section>\n<section class=\"av_toggle_section\"  itemscope=\"itemscope\" itemtype=\"https:\/\/schema.org\/CreativeWork\"  >    <div class=\"single_toggle\" data-tags=\"{All} \"  >        <p data-fake-id=\"#toggle-id-10\" class=\"toggler \"  itemprop=\"headline\"  ><strong>\u00c4ldre Junior 18 - 21 \u00e5r 2 000 kr<\/strong><span class=\"toggle_icon\" >        <span class=\"vert_icon\"><\/span><span class=\"hor_icon\"><\/span><\/span><\/p>        <div id=\"toggle-id-10-container\" class=\"toggle_wrap \"  >            <div class=\"toggle_content invers-color \"  itemprop=\"text\"   ><p>(Spelavgift 1 500 kr och medlemsavgift 500 kr)<\/p>\n<p>Till och med \u00e5ret man fyller 21 \u00e5r, i \u00f6vrigt likv\u00e4rdigt med medlemskategorin &#8221;Senior&#8221;.<\/p>\n<p>Samarbetsavtalet med \u00d6stra G\u00f6inge GK och \u00c4lmhults GK ing\u00e5r.<\/p>\n            <\/div>        <\/div>    <\/div><\/section>\n<section class=\"av_toggle_section\"  itemscope=\"itemscope\" itemtype=\"https:\/\/schema.org\/CreativeWork\"  >    <div class=\"single_toggle\" data-tags=\"{All} \"  >        <p data-fake-id=\"#toggle-id-11\" class=\"toggler \"  itemprop=\"headline\"  ><strong>Junior 13-17 \u00e5r - 1800 kr<\/strong><span class=\"toggle_icon\" >        <span class=\"vert_icon\"><\/span><span class=\"hor_icon\"><\/span><\/span><\/p>        <div id=\"toggle-id-11-container\" class=\"toggle_wrap \"  >            <div class=\"toggle_content invers-color \"  itemprop=\"text\"   ><p>(spelavgift 1 300 kr och 400 kr medlemsavgift)<\/p>\n<p>Till och med \u00e5ret man fyller 17 \u00e5r, i \u00f6vrigt likv\u00e4rdigt med medlemskategorin &#8221;Senior&#8221;.<\/p>\n<p><strong>Obs! Juniortr\u00e4ning ing\u00e5r<\/strong><\/p>\n<p>Samarbetsavtalet med \u00d6stra G\u00f6inge GK och \u00c4lmhults GK ing\u00e5r.<\/p>\n            <\/div>        <\/div>    <\/div><\/section>\n<section class=\"av_toggle_section\"  itemscope=\"itemscope\" itemtype=\"https:\/\/schema.org\/CreativeWork\"  >    <div class=\"single_toggle\" data-tags=\"{All} \"  >        <p data-fake-id=\"#toggle-id-12\" class=\"toggler \"  itemprop=\"headline\"  ><strong>Knatte 0-12 \u00e5r - 800 kr<\/strong><span class=\"toggle_icon\" >        <span class=\"vert_icon\"><\/span><span class=\"hor_icon\"><\/span><\/span><\/p>        <div id=\"toggle-id-12-container\" class=\"toggle_wrap \"  >            <div class=\"toggle_content invers-color \"  itemprop=\"text\"   ><p>(spelavgift 300 kr och 500 kr medlemsavgift)<\/p>\n<p>Till och med \u00e5ret man fyller 12 \u00e5r, i \u00f6vrigt likv\u00e4rdigt med medlemskategorin &#8221;Senior&#8221;.<\/p>\n<p><strong>Obs! Juniortr\u00e4ning ing\u00e5r<\/strong><\/p>\n<p>Samarbetsavtalet med \u00d6stra G\u00f6inge GK och \u00c4lmhults GK ing\u00e5r.<\/p>\n            <\/div>        <\/div>    <\/div><\/section>\n<section class=\"av_toggle_section\"  itemscope=\"itemscope\" itemtype=\"https:\/\/schema.org\/CreativeWork\"  >    <div class=\"single_toggle\" data-tags=\"{All} \"  >        <p data-fake-id=\"#toggle-id-13\" class=\"toggler \"  itemprop=\"headline\"  ><strong>St\u00f6dmedlemskap (Passiv) - 500 kr<\/strong><span class=\"toggle_icon\" >        <span class=\"vert_icon\"><\/span><span class=\"hor_icon\"><\/span><\/span><\/p>        <div id=\"toggle-id-13-container\" class=\"toggle_wrap \"  >            <div class=\"toggle_content invers-color \"  itemprop=\"text\"   ><p>F\u00f6r dig som vill st\u00f6tta klubben.<\/p>\n            <\/div>        <\/div>    <\/div><\/section>\n<section class=\"av_toggle_section\"  itemscope=\"itemscope\" itemtype=\"https:\/\/schema.org\/CreativeWork\"  >    <div class=\"single_toggle\" data-tags=\"{All} \"  >        <p data-fake-id=\"#toggle-id-14\" class=\"toggler \"  itemprop=\"headline\"  ><strong>GreenFee Unlimited Golf (f.d. \u00e5rsgreenfee) - 2 600 kr<\/strong><span class=\"toggle_icon\" >        <span class=\"vert_icon\"><\/span><span class=\"hor_icon\"><\/span><\/span><\/p>        <div id=\"toggle-id-14-container\" class=\"toggle_wrap \"  >            <div class=\"toggle_content invers-color \"  itemprop=\"text\"   ><p class=\"font_8\">Innehar fullv\u00e4rdigt medlemskap i annan klubb med minst 18 h\u00e5l inom 10 mil fr\u00e5n Boa GK Olofstr\u00f6m samt \u00e4r folkbokf\u00f6rd\u00a0inom 10 mil fr\u00e5n Boa GK Olofstr\u00f6m.\u00a0R\u00e4tt till spel alla dagar i veckan. G\u00e4ller\u00a0<strong>inte<\/strong>\u00a0f\u00f6r spelare som under de fem (5) senaste s\u00e4songerna varit medlem i Boa GK Olofstr\u00f6m.<\/p>\n            <\/div>        <\/div>    <\/div><\/section>\n<section class=\"av_toggle_section\"  itemscope=\"itemscope\" itemtype=\"https:\/\/schema.org\/CreativeWork\"  >    <div class=\"single_toggle\" data-tags=\"{All} \"  >        <p data-fake-id=\"#toggle-id-15\" class=\"toggler \"  itemprop=\"headline\"  ><strong>Gr\u00f6nt Kort Junior\/Knatte\/Studerande - 550 kr<\/strong><span class=\"toggle_icon\" >        <span class=\"vert_icon\"><\/span><span class=\"hor_icon\"><\/span><\/span><\/p>        <div id=\"toggle-id-15-container\" class=\"toggle_wrap \"  >            <div class=\"toggle_content invers-color \"  itemprop=\"text\"   >            <\/div>        <\/div>    <\/div><\/section>\n<\/div>\n<div style='height:15px' class='hr hr-invisible  '><span class='hr-inner ' ><span class='hr-inner-style'><\/span><\/span><\/div>\n\n<\/div><\/div><\/div><!-- close content main div --><\/div><\/div><div id='av_section_3' class='avia-section main_color avia-section-default avia-no-border-styling avia-bg-style-scroll   container_wrap fullsize' style = 'background-color: #dbdbdb; background-image: '  ><div class='container' ><div class='template-page content  av-content-full alpha units'><div class='post-entry post-entry-type-page post-entry-65'><div class='entry-content-wrapper clearfix'>\n<div style='padding-bottom:10px; ' class='av-special-heading av-special-heading-h1  blockquote modern-quote modern-centered  '><h1 class='av-special-heading-tag '  itemprop=\"headline\"  >Ans\u00f6k om medlemskap h\u00e4r<\/h1><div class ='av-subheading av-subheading_below  ' style='font-size:15px;'><div id=\"widgetApp\"><script>\n            var config = {\n                clubId: \"1b34add9-1c98-4ac8-969b-3fb2d041323a\",\n\t\thook: \"widgetApp\",\n\t\ttheme: \"ace\",\n\t\tcolumns: 2\n            };\n            (function (e, n, a, t, i, r, s) {\n                e[i] = {\n                    config: config,\n                };\n                r = n.createElement(a);\n                s = n.getElementsByTagName(a)[0];\n                r.async = 1;\n                r.src = t;\n                r.id = t + '-' + i;\n                s.parentNode.insertBefore(r, s);\n            })(window, document, 'script', 'https:\/\/gocdnstorage.blob.core.windows.net\/widgets\/prd\/widget-membership-application-app\/app.js', 'sgf_wmap');\n        <\/script><\/div>\n<\/div><div class='special-heading-border'><div class='special-heading-inner-border' ><\/div><\/div><\/div>\n<div style='height:15px' class='hr hr-invisible  '><span class='hr-inner ' ><span class='hr-inner-style'><\/span><\/span><\/div>\n\n<div style='padding-bottom:10px; ' class='av-special-heading av-special-heading-h1  blockquote modern-quote modern-centered   '><h1 class='av-special-heading-tag '  itemprop=\"headline\"  >Golfbilar<\/h1><div class ='av-subheading av-subheading_below  ' style='font-size:15px;'><p>Alla priser g\u00e4ller 18 h\u00e5l &#8211; Bokningar g\u00f6rs via kansliet p\u00e5 0454-433 66<\/p>\n<\/div><div class='special-heading-border'><div class='special-heading-inner-border' ><\/div><\/div><\/div>\n<div class='avia-data-table-wrap avia_responsive_table'><table class='avia-table avia-data-table avia-table-1  avia_pricing_default '  itemscope=\"itemscope\" itemtype=\"https:\/\/schema.org\/Table\" ><tbody><tr class=''><th class='avia-desc-col'>Medlem<\/th><td class=''>300 kr<\/td><\/tr><tr class=''><th class='avia-desc-col'>Medlem med l\u00e4karintyg<\/th><td class=''>200 kr<\/td><\/tr><tr class=''><th class='avia-desc-col'>Ej medlem<\/th><td class=''>400 kr<\/td><\/tr><tr class=''><th class='avia-desc-col'>Ej medlem med l\u00e4karintyg<\/th><td class=''>300 kr<\/td><\/tr><\/tbody><\/table><\/div><style type='text\/css'>.avia-table-1 td:nth-of-type(1):before { content: 'Medlem'; } <\/style>\n<\/div><\/div><\/div><!-- close content main div --><\/div><\/div><div id='av_section_4' class='avia-section main_color avia-section-default avia-no-border-styling avia-bg-style-scroll   container_wrap fullsize' style = 'background-color: #dbdbdb; background-image: '  ><div class='container' ><div class='template-page content  av-content-full alpha units'><div class='post-entry post-entry-type-page post-entry-65'><div class='entry-content-wrapper clearfix'>\n<div style='height:10px' class='hr hr-invisible  '><span class='hr-inner ' ><span class='hr-inner-style'><\/span><\/span><\/div>\n<div style='padding-bottom:10px; ' class='av-special-heading av-special-heading-h1  blockquote modern-quote modern-centered   '><h1 class='av-special-heading-tag '  itemprop=\"headline\"  >Betalningsinformation<\/h1><div class='special-heading-border'><div class='special-heading-inner-border' ><\/div><\/div><\/div>\n<section class=\"av_textblock_section \"  itemscope=\"itemscope\" itemtype=\"https:\/\/schema.org\/CreativeWork\" ><div class='avia_textblock  '   itemprop=\"text\" ><p style=\"text-align: center;\">F\u00f6r att betala medlemsavgiften via Min Golf: Logga in p\u00e5 &#8221;Min Golf&#8221; och v\u00e4lj &#8221;Mina Sidor&#8221; och sedan &#8221;Mina betalningar&#8221;.\u00a0 F\u00f6lj sedan instruktionerna.\u200b<\/p>\n<p style=\"text-align: center;\">Nu kan du ans\u00f6ka om autogiro i &#8221;Min Golf&#8221;. S\u00e5 h\u00e4r g\u00f6r du: <strong>Klicka h\u00e4r<\/strong><br \/>\nAllm\u00e4nna villkor autogiro: <strong>Klicka h\u00e4r<\/strong>\u200b<\/p>\n<\/div><\/section>\n<div  class='hr hr-short hr-center  '><span class='hr-inner ' ><span class='hr-inner-style'><\/span><\/span><\/div>\n\n<div class='avia-image-container  av-styling-    avia-align-center '  itemprop=\"ImageObject\" itemscope=\"itemscope\" itemtype=\"https:\/\/schema.org\/ImageObject\"  ><div class='avia-image-container-inner'><div class='avia-image-overlay-wrap'><a href='https:\/\/minfriskvard.se\/sv\/' class='avia_image'  ><img class='avia_image ' src='https:\/\/boagk.se\/wp-content\/uploads\/2024\/04\/Epassi-logo-color-RGB-small.webp' alt='' title='Epassi logo color RGB small'  itemprop=\"thumbnailUrl\"  \/><\/a><\/div><\/div><\/div>\n<section class=\"av_textblock_section \"  itemscope=\"itemscope\" itemtype=\"https:\/\/schema.org\/CreativeWork\" ><div class='avia_textblock  '   itemprop=\"text\" ><p style=\"text-align: center;\"><strong><a href=\"https:\/\/golf.se\/friskvardsbidrag\/\">Klicka h\u00e4r f\u00f6r att l\u00e4sa mer om friskv\u00e5dsbidraget<\/a><\/strong><\/p>\n<\/div><\/section>\n","protected":false},"excerpt":{"rendered":"","protected":false},"author":1,"featured_media":0,"parent":18,"menu_order":0,"comment_status":"closed","ping_status":"closed","template":"","meta":{"_exactmetrics_skip_tracking":false,"_exactmetrics_sitenote_active":false,"_exactmetrics_sitenote_note":"","_exactmetrics_sitenote_category":0,"footnotes":""},"class_list":["post-65","page","type-page","status-publish","hentry"],"_links":{"self":[{"href":"https:\/\/boagk.se\/en\/wp-json\/wp\/v2\/pages\/65","targetHints":{"allow":["GET"]}}],"collection":[{"href":"https:\/\/boagk.se\/en\/wp-json\/wp\/v2\/pages"}],"about":[{"href":"https:\/\/boagk.se\/en\/wp-json\/wp\/v2\/types\/page"}],"author":[{"embeddable":true,"href":"https:\/\/boagk.se\/en\/wp-json\/wp\/v2\/users\/1"}],"replies":[{"embeddable":true,"href":"https:\/\/boagk.se\/en\/wp-json\/wp\/v2\/comments?post=65"}],"version-history":[{"count":88,"href":"https:\/\/boagk.se\/en\/wp-json\/wp\/v2\/pages\/65\/revisions"}],"predecessor-version":[{"id":11840,"href":"https:\/\/boagk.se\/en\/wp-json\/wp\/v2\/pages\/65\/revisions\/11840"}],"up":[{"embeddable":true,"href":"https:\/\/boagk.se\/en\/wp-json\/wp\/v2\/pages\/18"}],"wp:attachment":[{"href":"https:\/\/boagk.se\/en\/wp-json\/wp\/v2\/media?parent=65"}],"curies":[{"name":"wp","href":"https:\/\/api.w.org\/{rel}","templated":true}]}}