{"id":46,"date":"2018-12-03T10:33:01","date_gmt":"2018-12-03T10:33:01","guid":{"rendered":"http:\/\/boagk.se.preview.binero.se\/?page_id=46"},"modified":"2026-01-27T09:08:03","modified_gmt":"2026-01-27T09:08:03","slug":"camping","status":"publish","type":"page","link":"https:\/\/boagk.se\/en\/gaster\/camping\/","title":{"rendered":"Camping"},"content":{"rendered":"<div class='av-hotspot-image-container avia_animate_when_almost_visible   av-hotspot-numbered av-mobile-fallback-active    av-non-fullwidth-hotspot-image'  itemprop=\"ImageObject\" itemscope=\"itemscope\" itemtype=\"https:\/\/schema.org\/ImageObject\"  ><div class='av-hotspot-container'><div class='av-hotspot-container-inner-cell'><div class='av-hotspot-container-inner-wrap'><img class='avia_image' src='https:\/\/boagk.se\/wp-content\/uploads\/2019\/01\/Camping-Boa-GK.jpg' alt='' title='Camping Boa GK'  height=\"450\"width=\"1200\"  itemprop=\"thumbnailUrl\"  \/><\/div><\/div><\/div><\/div>\n<div class=\"flex_column av_one_full  flex_column_div first\" style='padding:10px 0px 0px 0px ; border-radius:0px; '><section class=\"av_textblock_section\"  itemscope=\"itemscope\" itemtype=\"https:\/\/schema.org\/CreativeWork\" ><div class='avia_textblock'   itemprop=\"text\" ><h2 style=\"font-weight: 400;\"><strong>V\u00e4lkommen med husbil eller husvagn till oss!<\/strong><\/h2>\n<p style=\"font-weight: 400;\">Boa GK Olofstr\u00f6m erbjuder en camping i mysig milj\u00f6 som ligger i anslutning till klubbhuset, omkl\u00e4dningsrum, restaurang, 1:a tee och \u00f6vningsomr\u00e5de.<\/p>\n<p>Som \u00f6vernattande g\u00e4st har man tillg\u00e5ng till v\u00e5rt omkl\u00e4dningsrum d\u00e4r duschar och toaletter finns att tillg\u00e5.<\/p>\n<p style=\"font-weight: 400;\">Omkl\u00e4dningsrum och toaletter \u00e4r \u00f6ppna kl. 06.00 \u2013 22.00.<\/p>\n<p style=\"font-weight: 400;\">Vi har 10 st uppm\u00e4rkta platser med el.<\/p>\n<p style=\"font-weight: 400;\">Vi kan tyv\u00e4rr inte erbjuda t\u00f6mning av latrin.<\/p>\n<p>Wi-Fi p\u00e5 hela campingen, l\u00f6senord: golf123456<\/p>\n<p>V\u00e5ra st\u00e4llplatser bokas v\u00e4ldigt enkelt direkt via bokningskalendern lite l\u00e4ngre ner h\u00e4r p\u00e5 sidan, bara att du v\u00e4ljer \u00f6nskat in- och utcheckningsdatum s\u00e5 ser du vilka platser som finns tillg\u00e4ngliga under din \u00f6nskade vistelse.<\/p>\n<p><strong>Incheckning sker fr\u00e5n kl. 15.30<\/strong><br \/>\n<strong>Utcheckning sker senast kl. 15.00<br \/>\n<\/strong><\/p>\n<p><em>I m\u00e5n av plats kan in- och utcheckning ske n\u00e4r som helst p\u00e5 dagen. Om du ska spela golf p\u00e5 avresedagen ber vi dig att flytta din husbil\/husvagn till v\u00e5r vanliga parkering innan du sl\u00e5r ut. <\/em><\/p>\n<p><strong>Pris:<\/strong><\/p>\n<p>En st\u00e4llplats med tillg\u00e5ng till el kostar 250 kr\/natt, ej golfande g\u00e4st 350 kr\/natt.<\/p>\n<p>Fyll i ditt Golf-ID n\u00e4r du g\u00f6r din bokning om du bes\u00f6ker oss som golfande g\u00e4st, om du inte ska spela golf i samband med ditt bes\u00f6k hos oss kryssar du i rutan \u201dJag ska inte spela golf\u201d n\u00e4r du g\u00f6r din bokning.<\/p>\n<p>Betalning sker med Swish eller kort i samband med att bokningen g\u00f6rs.<\/p>\n<p><u>Notera att bokningen inte registreras om betalningen inte genomf\u00f6rs i sista steget i bokningsprocessen.<\/u> Du f\u00e5r \u00e4ven ett bekr\u00e4ftelsemail skickat till dig direkt efter att bokningen har genomf\u00f6rts korrekt.<\/p>\n<p>Har ni n\u00e5gra \u00f6vriga fr\u00e5gor? Tveka inte att h\u00f6ra av er till oss!<br \/>\nTelefon: +46(0)454-433 66<br \/>\nE-post: <a href=\"mailto:boagk@oktv.se\">boagk@oktv.se<\/a><\/p>\n<p style=\"font-weight: 400;\"><em>St\u00e4llplatserna \u00e4r prim\u00e4rt f\u00f6r v\u00e5ra golfande g\u00e4ster. Om du \u00e4r icke-golfare ber vi dig att ringa oss om tillg\u00e4nglighet.<\/em><\/p>\n<p><img loading=\"lazy\" decoding=\"async\" class=\"alignnone wp-image-9851 size-large\" src=\"https:\/\/boagk.se\/wp-content\/uploads\/2023\/05\/Boa-olofstrom-gk-stallplatskarta-1280x720-1-1500x842.png\" alt=\"\" width=\"1500\" height=\"842\" srcset=\"https:\/\/boagk.se\/wp-content\/uploads\/2023\/05\/Boa-olofstrom-gk-stallplatskarta-1280x720-1-1500x842.png 1500w, https:\/\/boagk.se\/wp-content\/uploads\/2023\/05\/Boa-olofstrom-gk-stallplatskarta-1280x720-1-600x337.png 600w, https:\/\/boagk.se\/wp-content\/uploads\/2023\/05\/Boa-olofstrom-gk-stallplatskarta-1280x720-1-768x431.png 768w, https:\/\/boagk.se\/wp-content\/uploads\/2023\/05\/Boa-olofstrom-gk-stallplatskarta-1280x720-1-1536x862.png 1536w, https:\/\/boagk.se\/wp-content\/uploads\/2023\/05\/Boa-olofstrom-gk-stallplatskarta-1280x720-1-2048x1150.png 2048w, https:\/\/boagk.se\/wp-content\/uploads\/2023\/05\/Boa-olofstrom-gk-stallplatskarta-1280x720-1-18x10.png 18w, https:\/\/boagk.se\/wp-content\/uploads\/2023\/05\/Boa-olofstrom-gk-stallplatskarta-1280x720-1-705x396.png 705w, https:\/\/boagk.se\/wp-content\/uploads\/2023\/05\/Boa-olofstrom-gk-stallplatskarta-1280x720-1-450x253.png 450w\" sizes=\"auto, (max-width: 1500px) 100vw, 1500px\" \/><\/p>\n<p><iframe loading=\"lazy\" src=\"https:\/\/onteex.ontee.com\/accommodations\/?widget=1&amp;rental-unit-type=1&amp;id=35&amp;hash=eyJhbGciOiJSUzI1NiIsImtpZCI6IkFCRkI5Q0I2Q0RGQTkyNjZDQzAwQTYzMjZGMzA3MDI3OEM3MzhFMTciLCJ0eXAiOiJKV1QiLCJ4NXQiOiJxX3VjdHMzNmttYk1BS1l5YnpCd0o0eHpqaGMifQ.eyJuYmYiOjE2MjIyMDU2NjgsImV4cCI6MTkzNzU2NTY2OCwiaXNzIjoiaHR0cHM6Ly9vbnRlZS10ZWVzaGVldC1pZHMuYXp1cmV3ZWJzaXRlcy5uZXQiLCJhdWQiOlsiaHR0cHM6Ly9vbnRlZS10ZWVzaGVldC1pZHMuYXp1cmV3ZWJzaXRlcy5uZXQvcmVzb3VyY2VzIiwidHNfYXBpIl0sImNsaWVudF9pZCI6IndpZGdldENsaWVudCIsInN1YiI6ImNhNTNhOGE1LTdkNmUtNDkxZS04ODQ2LThkMmYwOWZiYmRmNSIsImF1dGhfdGltZSI6MTYyMjIwNTY2OCwiaWRwIjoibG9jYWwiLCJyb2xlIjoiQ2x1YiBBZG1pbiIsIm5hbWUiOiJib2Fna0Bva3R2LnNlIiwic2NvcGUiOlsib3BlbmlkIiwicm9sZSIsInRzX2FwaSJdLCJhbXIiOlsiZGVsZWdhdGlvbiJdfQ.LZ-ZWLjagko_CO4EiigG_JD_esNUHPo94G2AE7H0SL_WwGB85Rm5RppJ54-DDDocSb9M2Q6iMP_kxjs7AlUDG4g8Wb9YJr26d77-AdFqpp1AVqugayn-nV5hQ37hFig3rJ0RZnR-TDGl-urdaTyrTczxYZBjXHnYz1Tz_1zel8NeAXi3BvgzGMjtFQ_E4O-7kTY2L-MVHtA0DoV9jfwJ7AOR5eHzzLht4I2IIyVmByFA3M3pJKTB2hBl6mxByyqDOQmhTxuxjwFUbgi1Jj2RYc0nCwV3255sPvDGU-GWIlZMF-8eTurfVHq4sQ0O9URYYAbVuHC0rqYNvNPb3C9v2w\" width=\"100%\" height=\"1000px\"><\/iframe><\/p>\n<\/div><\/section><\/div>","protected":false},"excerpt":{"rendered":"","protected":false},"author":1,"featured_media":0,"parent":16,"menu_order":0,"comment_status":"closed","ping_status":"closed","template":"","meta":{"_exactmetrics_skip_tracking":false,"_exactmetrics_sitenote_active":false,"_exactmetrics_sitenote_note":"","_exactmetrics_sitenote_category":0,"footnotes":""},"class_list":["post-46","page","type-page","status-publish","hentry"],"_links":{"self":[{"href":"https:\/\/boagk.se\/en\/wp-json\/wp\/v2\/pages\/46","targetHints":{"allow":["GET"]}}],"collection":[{"href":"https:\/\/boagk.se\/en\/wp-json\/wp\/v2\/pages"}],"about":[{"href":"https:\/\/boagk.se\/en\/wp-json\/wp\/v2\/types\/page"}],"author":[{"embeddable":true,"href":"https:\/\/boagk.se\/en\/wp-json\/wp\/v2\/users\/1"}],"replies":[{"embeddable":true,"href":"https:\/\/boagk.se\/en\/wp-json\/wp\/v2\/comments?post=46"}],"version-history":[{"count":29,"href":"https:\/\/boagk.se\/en\/wp-json\/wp\/v2\/pages\/46\/revisions"}],"predecessor-version":[{"id":11649,"href":"https:\/\/boagk.se\/en\/wp-json\/wp\/v2\/pages\/46\/revisions\/11649"}],"up":[{"embeddable":true,"href":"https:\/\/boagk.se\/en\/wp-json\/wp\/v2\/pages\/16"}],"wp:attachment":[{"href":"https:\/\/boagk.se\/en\/wp-json\/wp\/v2\/media?parent=46"}],"curies":[{"name":"wp","href":"https:\/\/api.w.org\/{rel}","templated":true}]}}