{"id":44,"date":"2018-12-03T10:32:42","date_gmt":"2018-12-03T10:32:42","guid":{"rendered":"http:\/\/boagk.se.preview.binero.se\/?page_id=44"},"modified":"2019-07-17T21:03:58","modified_gmt":"2019-07-17T21:03:58","slug":"introduktionskort","status":"publish","type":"page","link":"https:\/\/boagk.se\/en\/gaster\/introduktionskort\/","title":{"rendered":"Intro Card"},"content":{"rendered":"<div class='av-hotspot-image-container avia_animate_when_almost_visible   av-hotspot-numbered av-mobile-fallback-active    av-non-fullwidth-hotspot-image'  itemprop=\"ImageObject\" itemscope=\"itemscope\" itemtype=\"https:\/\/schema.org\/ImageObject\"  ><div class='av-hotspot-container'><div class='av-hotspot-container-inner-cell'><div class='av-hotspot-container-inner-wrap'><img class='avia_image' src='https:\/\/boagk.se\/wp-content\/uploads\/2019\/01\/introduktionskort.jpg' alt='' title=''  height=\"450\"width=\"1200\"  itemprop=\"thumbnailUrl\"  \/><\/div><\/div><\/div><\/div>\n<div class=\"flex_column av_one_full  flex_column_div av-zero-column-padding first\" style='border-radius:0px; '><section class=\"av_textblock_section\"  itemscope=\"itemscope\" itemtype=\"https:\/\/schema.org\/CreativeWork\" ><div class='avia_textblock'   itemprop=\"text\" ><p style=\"text-align: center;\">For more information, please contact us at 0454 - 43366 or boagk@oktv.se.<\/p>\n<p style=\"text-align: center;\">Innehavare av kort fr\u00e5n NGU, SGF, SGA, PGA, CAF samt BGF har m\u00f6jlighet att bes\u00f6ka v\u00e5r anl\u00e4ggning i studiesyfte, inkluderat fritt spel p\u00e5 v\u00e5r bana.<\/p>\n<p style=\"text-align: center;\">F\u00f6r att erh\u00e5lla denna m\u00f6jlighet ber vi er att kontakta klubben p\u00e5 0454-433 66 eller boagk@oktv.se senast dagen f\u00f6re spel (undantaget kort utf\u00e4rdat av BGF, d\u00e4r ingen f\u00f6ranm\u00e4lan beh\u00f6ver g\u00f6ras).<\/p>\n<p style=\"text-align: center;\">Utan f\u00f6ranm\u00e4lan \u00e4r inte introduktionskortet giltigt.<\/p>\n<p style=\"text-align: center;\">Varje kortinnehavare kan utnyttja sitt kort en g\u00e5ng per s\u00e4song.<\/p>\n<p style=\"text-align: center;\">Introduktionskort kan ej anv\u00e4ndas i samband med deltagande i av klubben utlyst t\u00e4vling.<\/p>\n<p style=\"text-align: center;\">Anm\u00e4lan g\u00f6rs p\u00e5 plats till kansliet innan ronden, d\u00e4r \u00e4ven introduktionskortet ska visas upp.<\/p>\n<\/div><\/section><\/div>","protected":false},"excerpt":{"rendered":"","protected":false},"author":1,"featured_media":0,"parent":16,"menu_order":0,"comment_status":"closed","ping_status":"closed","template":"","meta":{"_exactmetrics_skip_tracking":false,"_exactmetrics_sitenote_active":false,"_exactmetrics_sitenote_note":"","_exactmetrics_sitenote_category":0,"footnotes":""},"class_list":["post-44","page","type-page","status-publish","hentry"],"_links":{"self":[{"href":"https:\/\/boagk.se\/en\/wp-json\/wp\/v2\/pages\/44","targetHints":{"allow":["GET"]}}],"collection":[{"href":"https:\/\/boagk.se\/en\/wp-json\/wp\/v2\/pages"}],"about":[{"href":"https:\/\/boagk.se\/en\/wp-json\/wp\/v2\/types\/page"}],"author":[{"embeddable":true,"href":"https:\/\/boagk.se\/en\/wp-json\/wp\/v2\/users\/1"}],"replies":[{"embeddable":true,"href":"https:\/\/boagk.se\/en\/wp-json\/wp\/v2\/comments?post=44"}],"version-history":[{"count":8,"href":"https:\/\/boagk.se\/en\/wp-json\/wp\/v2\/pages\/44\/revisions"}],"predecessor-version":[{"id":2691,"href":"https:\/\/boagk.se\/en\/wp-json\/wp\/v2\/pages\/44\/revisions\/2691"}],"up":[{"embeddable":true,"href":"https:\/\/boagk.se\/en\/wp-json\/wp\/v2\/pages\/16"}],"wp:attachment":[{"href":"https:\/\/boagk.se\/en\/wp-json\/wp\/v2\/media?parent=44"}],"curies":[{"name":"wp","href":"https:\/\/api.w.org\/{rel}","templated":true}]}}