{"id":42,"date":"2018-12-03T10:32:20","date_gmt":"2018-12-03T10:32:20","guid":{"rendered":"http:\/\/boagk.se.preview.binero.se\/?page_id=42"},"modified":"2026-02-19T12:51:14","modified_gmt":"2026-02-19T12:51:14","slug":"sydpoolen","status":"publish","type":"page","link":"https:\/\/boagk.se\/en\/gaster\/sydpoolen\/","title":{"rendered":"Sydpoolen"},"content":{"rendered":"<div class='av-hotspot-image-container avia_animate_when_almost_visible   av-hotspot-numbered av-mobile-fallback-active    av-non-fullwidth-hotspot-image'  itemprop=\"ImageObject\" itemscope=\"itemscope\" itemtype=\"https:\/\/schema.org\/ImageObject\"  ><div class='av-hotspot-container'><div class='av-hotspot-container-inner-cell'><div class='av-hotspot-container-inner-wrap'><img class='avia_image' src='https:\/\/boagk.se\/wp-content\/uploads\/2019\/01\/sydpoolen.jpg' alt='' title=''  height=\"450\"width=\"1200\"  itemprop=\"thumbnailUrl\"  \/><\/div><\/div><\/div><\/div>\n<div style='height:20px' class='hr hr-invisible'><span class='hr-inner' ><span class='hr-inner-style'><\/span><\/span><\/div>\n<div class=\"flex_column av_one_full  flex_column_div av-zero-column-padding first\" style='border-radius:0px; '><section class=\"av_textblock_section\"  itemscope=\"itemscope\" itemtype=\"https:\/\/schema.org\/CreativeWork\" ><div class='avia_textblock'   itemprop=\"text\" ><p style=\"text-align: center;\">Greenfee Sydpoolen (vardagar samt l\u00f6rdagar och s\u00f6ndagar efter kl. 13:00).<\/p>\n<p style=\"text-align: center;\">Klicka p\u00e5 l\u00e4nken nedan f\u00f6r fullst\u00e4ndiga villkor samt information<\/p>\n<p style=\"text-align: center;\">om vilka klubbar som ing\u00e5r i samarbetet<\/p>\n<p style=\"text-align: center;\">Sydpoolentavla <a href=\"https:\/\/boagk.se\/wp-content\/uploads\/2026\/02\/Sydpoolentavlan-2026.pdf\">2026<\/a> x<\/p>\n<\/div><\/section><br \/>\n<div style='height:10px' class='hr hr-invisible'><span class='hr-inner' ><span class='hr-inner-style'><\/span><\/span><\/div><\/p><\/div><section class=\"av_textblock_section\"  itemscope=\"itemscope\" itemtype=\"https:\/\/schema.org\/CreativeWork\" ><div class='avia_textblock'   itemprop=\"text\" ><p style=\"text-align: center;\">* Kan variera. Best\u00e4ms av kansliet beroende p\u00e5 v\u00e4derlek och status p\u00e5 banan.<\/p>\n<\/div><\/section><\/p>","protected":false},"excerpt":{"rendered":"","protected":false},"author":1,"featured_media":0,"parent":16,"menu_order":0,"comment_status":"closed","ping_status":"closed","template":"","meta":{"_exactmetrics_skip_tracking":false,"_exactmetrics_sitenote_active":false,"_exactmetrics_sitenote_note":"","_exactmetrics_sitenote_category":0,"footnotes":""},"class_list":["post-42","page","type-page","status-publish","hentry"],"_links":{"self":[{"href":"https:\/\/boagk.se\/en\/wp-json\/wp\/v2\/pages\/42","targetHints":{"allow":["GET"]}}],"collection":[{"href":"https:\/\/boagk.se\/en\/wp-json\/wp\/v2\/pages"}],"about":[{"href":"https:\/\/boagk.se\/en\/wp-json\/wp\/v2\/types\/page"}],"author":[{"embeddable":true,"href":"https:\/\/boagk.se\/en\/wp-json\/wp\/v2\/users\/1"}],"replies":[{"embeddable":true,"href":"https:\/\/boagk.se\/en\/wp-json\/wp\/v2\/comments?post=42"}],"version-history":[{"count":11,"href":"https:\/\/boagk.se\/en\/wp-json\/wp\/v2\/pages\/42\/revisions"}],"predecessor-version":[{"id":11654,"href":"https:\/\/boagk.se\/en\/wp-json\/wp\/v2\/pages\/42\/revisions\/11654"}],"up":[{"embeddable":true,"href":"https:\/\/boagk.se\/en\/wp-json\/wp\/v2\/pages\/16"}],"wp:attachment":[{"href":"https:\/\/boagk.se\/en\/wp-json\/wp\/v2\/media?parent=42"}],"curies":[{"name":"wp","href":"https:\/\/api.w.org\/{rel}","templated":true}]}}