{"id":38,"date":"2018-12-03T10:31:31","date_gmt":"2018-12-03T10:31:31","guid":{"rendered":"http:\/\/boagk.se.preview.binero.se\/?page_id=38"},"modified":"2025-02-13T10:32:01","modified_gmt":"2025-02-13T10:32:01","slug":"pay-play","status":"publish","type":"page","link":"https:\/\/boagk.se\/en\/gaster\/pay-play\/","title":{"rendered":"Pay &amp; Play"},"content":{"rendered":"<div class='av-hotspot-image-container avia_animate_when_almost_visible   av-hotspot-numbered av-mobile-fallback-active    av-non-fullwidth-hotspot-image'  itemprop=\"ImageObject\" itemscope=\"itemscope\" itemtype=\"https:\/\/schema.org\/ImageObject\"  ><div class='av-hotspot-container'><div class='av-hotspot-container-inner-cell'><div class='av-hotspot-container-inner-wrap'><img class='avia_image' src='https:\/\/boagk.se\/wp-content\/uploads\/2019\/01\/pay-and-play.jpg' alt='' title=''  height=\"450\"width=\"1200\"  itemprop=\"thumbnailUrl\"  \/><\/div><\/div><\/div><\/div>\n<div class=\"flex_column av_one_full  flex_column_div av-zero-column-padding first\" style='border-radius:0px; '><p><div style='padding-bottom:10px; ' class='av-special-heading av-special-heading-h1  blockquote modern-quote modern-centered'><h1 class='av-special-heading-tag'  itemprop=\"headline\"  >Pay <span class='special_amp'>&amp;<\/span> Play<\/h1><div class ='av-subheading av-subheading_below' style='font-size:13px;'><p>Vi har banan \u00f6ppen p\u00e5 torsdagar (ej vecka 28-32 och r\u00f6da dagar)<\/p>\n<\/div><div class='special-heading-border'><div class='special-heading-inner-border' ><\/div><\/div><\/div><br \/>\n<section class=\"av_textblock_section\"  itemscope=\"itemscope\" itemtype=\"https:\/\/schema.org\/CreativeWork\" ><div class='avia_textblock'   itemprop=\"text\" ><p class=\"font_8\" style=\"text-align: center;\">Time booking every day at. 07: 00-17: 00th To book the start time, contact the office at +46 (0) 454-433 66. Registration and payment are made at the office before the round.<\/p>\n<p style=\"text-align: center;\"><a href=\"https:\/\/boagk.se\/en\/gaster\/greenfee\/\">Greenfeeavgifter<\/a><\/p>\n<\/div><\/section><\/p><\/div><\/div><\/div><\/div><!-- close content main div --><\/div><\/div><div id='av_section_1' class='avia-section main_color avia-section-default avia-no-border-styling avia-bg-style-scroll   container_wrap fullsize' style = 'background-color: #dbdbdb; background-image: '  ><div class='container' ><div class='template-page content  av-content-full alpha units'><div class='post-entry post-entry-type-page post-entry-38'><div class='entry-content-wrapper clearfix'>\n<div style='padding-bottom:10px; font-size:24px;' class='av-special-heading av-special-heading-h1  blockquote modern-quote modern-centered   av-inherit-size'><h1 class='av-special-heading-tag'  itemprop=\"headline\"  >Think about safety<\/h1><div class='special-heading-border'><div class='special-heading-inner-border' ><\/div><\/div><\/div>\n<section class=\"av_textblock_section\"  itemscope=\"itemscope\" itemtype=\"https:\/\/schema.org\/CreativeWork\" ><div class='avia_textblock'   itemprop=\"text\" ><p style=\"text-align: center;\"><span class=\"font_8\">Vid spel p\u00e5 torsdagar fodras ej &#8221;Gr\u00f6nt kort&#8221; men du skall kunna s\u00e5 mycket golf att du inte uts\u00e4tter dig sj\u00e4lv eller andra f\u00f6r fara. Du skall ocks\u00e5 respektera de regler som g\u00e4ller f\u00f6r samtliga spelare p\u00e5 banan. En rekommendation \u00e4r att du som nyb\u00f6rjare spelar i s\u00e4llskap med en\u00a0mer erfaren golfspelare.<\/span><\/p>\n<p style=\"text-align: center;\"><span class=\"font_8\">\u200b<\/span>For more information, please contact us at 0454 - 43366 or boagk@oktv.se.<\/p>\n<\/div><\/section>\n<div  class='hr hr-short hr-center'><span class='hr-inner' ><span class='hr-inner-style'><\/span><\/span><\/div>\n<\/p>","protected":false},"excerpt":{"rendered":"","protected":false},"author":1,"featured_media":0,"parent":16,"menu_order":0,"comment_status":"closed","ping_status":"closed","template":"","meta":{"_exactmetrics_skip_tracking":false,"_exactmetrics_sitenote_active":false,"_exactmetrics_sitenote_note":"","_exactmetrics_sitenote_category":0,"footnotes":""},"class_list":["post-38","page","type-page","status-publish","hentry"],"_links":{"self":[{"href":"https:\/\/boagk.se\/en\/wp-json\/wp\/v2\/pages\/38","targetHints":{"allow":["GET"]}}],"collection":[{"href":"https:\/\/boagk.se\/en\/wp-json\/wp\/v2\/pages"}],"about":[{"href":"https:\/\/boagk.se\/en\/wp-json\/wp\/v2\/types\/page"}],"author":[{"embeddable":true,"href":"https:\/\/boagk.se\/en\/wp-json\/wp\/v2\/users\/1"}],"replies":[{"embeddable":true,"href":"https:\/\/boagk.se\/en\/wp-json\/wp\/v2\/comments?post=38"}],"version-history":[{"count":22,"href":"https:\/\/boagk.se\/en\/wp-json\/wp\/v2\/pages\/38\/revisions"}],"predecessor-version":[{"id":337,"href":"https:\/\/boagk.se\/en\/wp-json\/wp\/v2\/pages\/38\/revisions\/337"}],"up":[{"embeddable":true,"href":"https:\/\/boagk.se\/en\/wp-json\/wp\/v2\/pages\/16"}],"wp:attachment":[{"href":"https:\/\/boagk.se\/en\/wp-json\/wp\/v2\/media?parent=38"}],"curies":[{"name":"wp","href":"https:\/\/api.w.org\/{rel}","templated":true}]}}