{"id":36,"date":"2018-12-03T10:31:09","date_gmt":"2018-12-03T10:31:09","guid":{"rendered":"http:\/\/boagk.se.preview.binero.se\/?page_id=36"},"modified":"2026-04-10T07:42:18","modified_gmt":"2026-04-10T07:42:18","slug":"golfpaket","status":"publish","type":"page","link":"https:\/\/boagk.se\/en\/gaster\/golfpaket\/","title":{"rendered":"Stay &amp; Play"},"content":{"rendered":"<div class='av-hotspot-image-container avia_animate_when_almost_visible   av-hotspot-numbered av-mobile-fallback-active    av-non-fullwidth-hotspot-image'  itemprop=\"ImageObject\" itemscope=\"itemscope\" itemtype=\"https:\/\/schema.org\/ImageObject\"  ><div class='av-hotspot-container'><div class='av-hotspot-container-inner-cell'><div class='av-hotspot-container-inner-wrap'><img class='avia_image' src='https:\/\/boagk.se\/wp-content\/uploads\/2019\/01\/Golf-paket-blekinge-1.jpg' alt='' title=''  height=\"450\"width=\"1200\"  itemprop=\"thumbnailUrl\"  \/><\/div><\/div><\/div><\/div>\n<div class=\"flex_column av_one_full  flex_column_div av-zero-column-padding first\" style='border-radius:0px; '><p><div style='padding-bottom:10px; ' class='av-special-heading av-special-heading-h1  blockquote modern-quote modern-centered'><h1 class='av-special-heading-tag'  itemprop=\"headline\"  >Welcome to Blekinge<\/h1><div class ='av-subheading av-subheading_below' style='font-size:15px;'><p>and play golf at Boa GK Olofstr\u00f6m<\/p>\n<\/div><div class='special-heading-border'><div class='special-heading-inner-border' ><\/div><\/div><\/div><br \/>\n<section class=\"av_textblock_section\"  itemscope=\"itemscope\" itemtype=\"https:\/\/schema.org\/CreativeWork\" ><div class='avia_textblock'   itemprop=\"text\" ><p style=\"text-align: center;\">Boa GK Olofstr\u00f6m is a varied open park course, where no hole is the same, built in a naturally hilly and scenic landscape. The club has been awarded both the Swedish Golf Federation's Environmental Diploma and the Olofstr\u00f6ms municipality's Environmental Prize for the active work on environmental and sustainability issues.<\/p>\n<\/div><\/section><\/p><\/div>\n<\/div><\/div><\/div><!-- close content main div --><\/div><\/div><div id='av_section_1' class='avia-section main_color avia-section-default avia-no-border-styling avia-bg-style-scroll   container_wrap fullsize' style = 'background-color: #dbdbdb; background-image: '  ><div class='container' ><div class='template-page content  av-content-full alpha units'><div class='post-entry post-entry-type-page post-entry-36'><div class='entry-content-wrapper clearfix'>\n<div style='height:10px' class='hr hr-invisible'><span class='hr-inner' ><span class='hr-inner-style'><\/span><\/span><\/div>\n<div class=\"flex_column av_one_half  flex_column_div av-zero-column-padding first\" style='border-radius:0px; '><p><div style='padding-bottom:10px; font-size:24px;' class='av-special-heading av-special-heading-h1  blockquote modern-quote modern-centered   av-inherit-size'><h1 class='av-special-heading-tag'  itemprop=\"headline\"  >Golf packages groups without accommodation<\/h1><div class ='av-subheading av-subheading_below' style='font-size:15px;'><p>Boa GK Olofstr\u00f6m<\/p>\n<\/div><div class='special-heading-border'><div class='special-heading-inner-border' ><\/div><\/div><\/div><br \/>\n<section class=\"av_textblock_section\"  itemscope=\"itemscope\" itemtype=\"https:\/\/schema.org\/CreativeWork\" ><div class='avia_textblock'   itemprop=\"text\" ><p style=\"text-align: center;\"><img loading=\"lazy\" decoding=\"async\" class=\"alignnone size-medium wp-image-694\" src=\"http:\/\/boagk.se\/wp-content\/uploads\/2019\/01\/green-17-600x400.jpg\" alt=\"\" width=\"450\" height=\"300\" srcset=\"https:\/\/boagk.se\/wp-content\/uploads\/2019\/01\/green-17-600x400.jpg 600w, https:\/\/boagk.se\/wp-content\/uploads\/2019\/01\/green-17-768x512.jpg 768w, https:\/\/boagk.se\/wp-content\/uploads\/2019\/01\/green-17-1500x1000.jpg 1500w, https:\/\/boagk.se\/wp-content\/uploads\/2019\/01\/green-17-705x470.jpg 705w, https:\/\/boagk.se\/wp-content\/uploads\/2019\/01\/green-17-450x300.jpg 450w, https:\/\/boagk.se\/wp-content\/uploads\/2019\/01\/green-17.jpg 1602w\" sizes=\"auto, (max-width: 450px) 100vw, 450px\" \/><\/p>\n<p style=\"text-align: center;\"><span style=\"color: #ff0000;\"><strong>Under uppdatering<\/strong><\/span><\/p>\n<p style=\"text-align: center;\">Greenfee + kaffe &amp; fralla:<br \/>\nkr\/person<\/p>\n<p style=\"text-align: center;\">Greenfee + lunch(inkl. kaffe):<br \/>\nkr\/person<\/p>\n<p style=\"text-align: center;\">Greenfee + kaffe &amp; fralla + lunch(inkl. kaffe):<br \/>\nkr\/person<\/p>\n<p style=\"text-align: center;\"><em>Minimum 10 personer. Bokas senast 7 dagar innan ankomst.<\/em><br \/>\n<em> Priserna g\u00e4ller vardagar 1\/4-25 &#8211; 30\/9-25.<\/em><\/p>\n<\/div><\/section><br \/>\n<div  class='hr hr-short hr-center'><span class='hr-inner' ><span class='hr-inner-style'><\/span><\/span><\/div><\/p><\/div><div class=\"flex_column av_one_half  flex_column_div av-zero-column-padding\" style='border-radius:0px; '><p><div style='padding-bottom:10px; font-size:24px;' class='av-special-heading av-special-heading-h1  blockquote modern-quote modern-centered   av-inherit-size'><h1 class='av-special-heading-tag'  itemprop=\"headline\"  >Golf package with accommodation<\/h1><div class ='av-subheading av-subheading_below' style='font-size:13px;'><p>First Hotel Olofstr\u00f6m<\/p>\n<\/div><div class='special-heading-border'><div class='special-heading-inner-border' ><\/div><\/div><\/div><br \/>\n<section class=\"av_textblock_section\"  itemscope=\"itemscope\" itemtype=\"https:\/\/schema.org\/CreativeWork\" ><div class='avia_textblock'   itemprop=\"text\" ><p style=\"text-align: center;\"><a href=\"https:\/\/www.firsthotels.se\/hotell\/sverige\/olofstrom\/first-hotel-olofstrom\/erbjudanden\/golfpaket-boa-gk\/\"><img loading=\"lazy\" decoding=\"async\" class=\"alignnone wp-image-4324 size-medium\" src=\"http:\/\/boagk.se\/wp-content\/uploads\/2020\/01\/Golfpaket-First-Hotel-2020-2-600x400.jpg\" alt=\"\" width=\"600\" height=\"400\" srcset=\"https:\/\/boagk.se\/wp-content\/uploads\/2020\/01\/Golfpaket-First-Hotel-2020-2-600x400.jpg 600w, https:\/\/boagk.se\/wp-content\/uploads\/2020\/01\/Golfpaket-First-Hotel-2020-2-768x512.jpg 768w, https:\/\/boagk.se\/wp-content\/uploads\/2020\/01\/Golfpaket-First-Hotel-2020-2-705x470.jpg 705w, https:\/\/boagk.se\/wp-content\/uploads\/2020\/01\/Golfpaket-First-Hotel-2020-2-450x300.jpg 450w, https:\/\/boagk.se\/wp-content\/uploads\/2020\/01\/Golfpaket-First-Hotel-2020-2.jpg 1200w\" sizes=\"auto, (max-width: 600px) 100vw, 600px\" \/><\/a><\/p>\n<p style=\"text-align: center;\">Golfpaketet inkluderar:<\/p>\n<p style=\"text-align: center;\">Greenfee p\u00e5 Boa GK Olofstr\u00f6m, \u00f6vernattning p\u00e5 First Hotel Olofstr\u00f6m<\/p>\n<p style=\"text-align: center;\">Dubbelrum f\u00f6r 2, frukostbuff\u00e9 &amp; greenfee <strong>Pris\u00a0 1725 kr\/natt<\/strong><\/p>\n<p style=\"text-align: center;\">\u00a0 \u00a0Enkelrum, frukostbuff\u00e9 &amp; greenfee <strong>Pris 1075 kr\/natt<\/strong><\/p>\n<p style=\"text-align: center;\">Dubbelrum f\u00f6r 2, frukostbuff\u00e9, middag &amp; greenfee <strong>Pris 2650 kr\/natt<\/strong><\/p>\n<p style=\"text-align: center;\">Enkelrum, frukostbuff\u00e9 &amp; middag &amp; greenfee <strong>Pris 1325 kr\/natt\u00a0<\/strong><\/p>\n<p style=\"text-align: center;\">N\u00e4r ni bokar n\u00e4mn att ni vill ha paket med middag.<\/p>\n<p style=\"text-align: center;\">F\u00f6r att komma till erbjudandet: Klicka p\u00e5 l\u00e4nken\u00a0 <a href=\"https:\/\/www.firsthotels.se\/erbjudanden\/hotell\/golfpaket-boa-gk\">https:\/\/www.firsthotels.se\/erbjudanden\/hotell\/golfpaket-boa-gk<\/a><\/p>\n<\/div><\/section><br \/>\n<div  class='hr hr-short hr-center'><span class='hr-inner' ><span class='hr-inner-style'><\/span><\/span><\/div><\/p><\/div><div class=\"flex_column av_one_half  flex_column_div av-zero-column-padding first\" style='border-radius:0px; '><p><div style='padding-bottom:10px; font-size:24px;' class='av-special-heading av-special-heading-h1  blockquote modern-quote modern-centered   av-inherit-size'><h1 class='av-special-heading-tag'  itemprop=\"headline\"  >Golf package with accommodation<\/h1><div class ='av-subheading av-subheading_below' style='font-size:13px;'><p>Tjusiga Liljenborg, ca 7 km fr\u00e5n banan.<\/p>\n<\/div><div class='special-heading-border'><div class='special-heading-inner-border' ><\/div><\/div><\/div><br \/>\n<section class=\"av_textblock_section\"  itemscope=\"itemscope\" itemtype=\"https:\/\/schema.org\/CreativeWork\" ><div class='avia_textblock'   itemprop=\"text\" ><p style=\"text-align: center;\"><a href=\"http:\/\/www.liljenborg.se\/\"><img loading=\"lazy\" decoding=\"async\" class=\"alignnone wp-image-332 size-medium\" src=\"http:\/\/boagk.se\/wp-content\/uploads\/2019\/01\/liljenborg-300x206.jpg\" alt=\"\" width=\"300\" height=\"206\" srcset=\"https:\/\/boagk.se\/wp-content\/uploads\/2019\/01\/liljenborg-300x206.jpg 300w, https:\/\/boagk.se\/wp-content\/uploads\/2019\/01\/liljenborg-705x483.jpg 705w, https:\/\/boagk.se\/wp-content\/uploads\/2019\/01\/liljenborg-450x308.jpg 450w, https:\/\/boagk.se\/wp-content\/uploads\/2019\/01\/liljenborg.jpg 750w\" sizes=\"auto, (max-width: 300px) 100vw, 300px\" \/><\/a><\/p>\n<h4 style=\"text-align: center;\">Del i dubbelrum inkl. frukost samt 1 st heldagsgreenfee:<\/h4>\n<p style=\"text-align: center;\">Pris kommer snart (kr\/person och natt.)<\/p>\n<p style=\"text-align: center;\"><em>Transport till och fr\u00e5n banan erbjuds.<\/em><\/p>\n<p style=\"text-align: center;\">F\u00f6r mer information om Liljenborg: Klicka p\u00e5 bilden ovan eller <a href=\"http:\/\/liljenborg.se\/\" target=\"_blank\" rel=\"noopener\">Read more<\/a>.<\/p>\n<p style=\"text-align: center;\">F\u00f6r att se en informationsskylt om erbjudandet <a href=\"http:\/\/boagk.se\/wp-content\/uploads\/2020\/06\/Golfpaket-Liljenborg-3.jpg\" target=\"_blank\" rel=\"noopener\">Read more<\/a>.<\/p>\n<p style=\"text-align: center;\"><strong><em>Kontakta Miran Rampre p\u00e5 tel +46(0)733840823\u00a0<\/em><em>f\u00f6r bokning eller prisf\u00f6rfr\u00e5gan f\u00f6r fler n\u00e4tter.<\/em><\/strong><\/p>\n<\/div><\/section><\/p><\/div><div class=\"flex_column av_one_half  flex_column_div av-zero-column-padding\" style='border-radius:0px; '><\/div><div class=\"flex_column av_one_half  flex_column_div av-zero-column-padding first\" style='border-radius:0px; '><p><div style='padding-bottom:10px; font-size:24px;' class='av-special-heading av-special-heading-h1  blockquote modern-quote modern-centered   av-inherit-size'><h1 class='av-special-heading-tag'  itemprop=\"headline\"  >Sveriges Golfkust<\/h1><div class ='av-subheading av-subheading_below' style='font-size:13px;'><p>I samarbete med Visit Blekinge<\/p>\n<\/div><div class='special-heading-border'><div class='special-heading-inner-border' ><\/div><\/div><\/div><br \/>\n<section class=\"av_textblock_section\"  itemscope=\"itemscope\" itemtype=\"https:\/\/schema.org\/CreativeWork\" ><div class='avia_textblock'   itemprop=\"text\" ><p style=\"text-align: center;\"><a href=\"https:\/\/www.visitblekinge.se\/sveriges-golfkust\"><img loading=\"lazy\" decoding=\"async\" class=\"alignnone wp-image-4331 size-full\" src=\"http:\/\/boagk.se\/wp-content\/uploads\/2020\/01\/Sveriges-Golfkust.png\" alt=\"\" width=\"320\" height=\"320\" srcset=\"https:\/\/boagk.se\/wp-content\/uploads\/2020\/01\/Sveriges-Golfkust.png 320w, https:\/\/boagk.se\/wp-content\/uploads\/2020\/01\/Sveriges-Golfkust-300x300.png 300w, https:\/\/boagk.se\/wp-content\/uploads\/2020\/01\/Sveriges-Golfkust-36x36.png 36w, https:\/\/boagk.se\/wp-content\/uploads\/2020\/01\/Sveriges-Golfkust-180x180.png 180w, https:\/\/boagk.se\/wp-content\/uploads\/2020\/01\/Sveriges-Golfkust-120x120.png 120w\" sizes=\"auto, (max-width: 320px) 100vw, 320px\" \/><\/a><\/p>\n<p style=\"text-align: center;\">Mer information om boende finns p\u00e5 Sveriges Golfkust och Visit Blekinges hemsida.<\/p>\n<p style=\"text-align: center;\">Klicka p\u00e5 bilden ovan eller <a href=\"https:\/\/www.visitblekinge.se\/sveriges-golfkust\" target=\"_blank\" rel=\"noopener\">Read more<\/a>.<\/p>\n<\/div><\/section><\/p><\/div><div class=\"flex_column av_one_half  flex_column_div av-zero-column-padding\" style='border-radius:0px; '><p><div style='padding-bottom:10px; font-size:24px;' class='av-special-heading av-special-heading-h1  blockquote modern-quote modern-centered   av-inherit-size'><h1 class='av-special-heading-tag'  itemprop=\"headline\"  >Olofstr\u00f6ms kommun<\/h1><div class ='av-subheading av-subheading_below' style='font-size:13px;'><p>Visit Olofstr\u00f6m<\/p>\n<\/div><div class='special-heading-border'><div class='special-heading-inner-border' ><\/div><\/div><\/div><br \/>\n<section class=\"av_textblock_section\"  itemscope=\"itemscope\" itemtype=\"https:\/\/schema.org\/CreativeWork\" ><div class='avia_textblock'   itemprop=\"text\" ><p style=\"text-align: center;\"><a href=\"https:\/\/www.visitblekinge.se\/olofstrom\"><img loading=\"lazy\" decoding=\"async\" class=\"alignnone wp-image-4351 size-medium\" src=\"http:\/\/boagk.se\/wp-content\/uploads\/2020\/01\/Visit-Olofstr\u00f6m-600x262.png\" alt=\"\" width=\"400\" height=\"150\" \/><\/a><\/p>\n<p style=\"text-align: center;\">Mer information om olika former av boende i Olofstr\u00f6m kommun finns ocks\u00e5 p\u00e5 Visit Olofstr\u00f6ms hemsida.<\/p>\n<p style=\"text-align: center;\">Klicka p\u00e5 bilden ovan eller <a href=\"https:\/\/www.visitblekinge.se\/olofstrom\/boende\/lista\" target=\"_blank\" rel=\"noopener\">Read more<\/a>.<\/p>\n<\/div><\/section><\/p><\/div>","protected":false},"excerpt":{"rendered":"","protected":false},"author":1,"featured_media":0,"parent":16,"menu_order":0,"comment_status":"closed","ping_status":"closed","template":"","meta":{"_exactmetrics_skip_tracking":false,"_exactmetrics_sitenote_active":false,"_exactmetrics_sitenote_note":"","_exactmetrics_sitenote_category":0,"footnotes":""},"class_list":["post-36","page","type-page","status-publish","hentry"],"_links":{"self":[{"href":"https:\/\/boagk.se\/en\/wp-json\/wp\/v2\/pages\/36","targetHints":{"allow":["GET"]}}],"collection":[{"href":"https:\/\/boagk.se\/en\/wp-json\/wp\/v2\/pages"}],"about":[{"href":"https:\/\/boagk.se\/en\/wp-json\/wp\/v2\/types\/page"}],"author":[{"embeddable":true,"href":"https:\/\/boagk.se\/en\/wp-json\/wp\/v2\/users\/1"}],"replies":[{"embeddable":true,"href":"https:\/\/boagk.se\/en\/wp-json\/wp\/v2\/comments?post=36"}],"version-history":[{"count":47,"href":"https:\/\/boagk.se\/en\/wp-json\/wp\/v2\/pages\/36\/revisions"}],"predecessor-version":[{"id":11797,"href":"https:\/\/boagk.se\/en\/wp-json\/wp\/v2\/pages\/36\/revisions\/11797"}],"up":[{"embeddable":true,"href":"https:\/\/boagk.se\/en\/wp-json\/wp\/v2\/pages\/16"}],"wp:attachment":[{"href":"https:\/\/boagk.se\/en\/wp-json\/wp\/v2\/media?parent=36"}],"curies":[{"name":"wp","href":"https:\/\/api.w.org\/{rel}","templated":true}]}}