{"id":30,"date":"2018-12-03T10:29:59","date_gmt":"2018-12-03T10:29:59","guid":{"rendered":"http:\/\/boagk.se.preview.binero.se\/?page_id=30"},"modified":"2026-02-18T10:22:29","modified_gmt":"2026-02-18T10:22:29","slug":"greenfee","status":"publish","type":"page","link":"https:\/\/boagk.se\/en\/gaster\/greenfee\/","title":{"rendered":"Greenfee"},"content":{"rendered":"<div class='av-hotspot-image-container avia_animate_when_almost_visible   av-hotspot-numbered av-mobile-fallback-active    av-non-fullwidth-hotspot-image'  itemprop=\"ImageObject\" itemscope=\"itemscope\" itemtype=\"https:\/\/schema.org\/ImageObject\"  ><div class='av-hotspot-container'><div class='av-hotspot-container-inner-cell'><div class='av-hotspot-container-inner-wrap'><img class='avia_image' src='https:\/\/boagk.se\/wp-content\/uploads\/2019\/01\/Greenfee-Boa-GK-Olofstr\u00f6m.jpg' alt='' title='Greenfee Boa GK Olofstr\u00f6m'  height=\"450\"width=\"1200\"  itemprop=\"thumbnailUrl\"  \/><\/div><\/div><\/div><\/div>\n<div class=\"flex_column av_one_full  flex_column_div av-zero-column-padding first\" style='border-radius:0px; '><p><div style='padding-bottom:10px; ' class='av-special-heading av-special-heading-h1  blockquote modern-quote modern-centered'><h1 class='av-special-heading-tag'  itemprop=\"headline\"  >Greenfee 2026<\/h1><div class='special-heading-border'><div class='special-heading-inner-border' ><\/div><\/div><\/div><br \/>\n<div class='avia-data-table-wrap avia_responsive_table'><table class='avia-table avia-data-table avia-table-1  avia_pricing_default'  itemscope=\"itemscope\" itemtype=\"https:\/\/schema.org\/Table\" ><tbody><tr class='avia-heading-row'><th class='avia-desc-col'>L\u00e5gs\u00e4song 1\/11-31\/3<\/th><th class=''>M\u00e5ndag<\/th><th class=''>Tisdag<\/th><th class=''>Onsdag<\/th><th class=''>Torsdag<\/th><th class=''>Fredag<\/th><th class=''>L\u00f6rdag<\/th><th class=''>S\u00f6ndag<\/th><\/tr><tr class=''><th class='avia-desc-col'>06.00-08.59<\/th><td class=''>250 kr<\/td><td class=''>250 kr<\/td><td class=''>250 kr<\/td><td class=''>250 kr<\/td><td class=''>250 kr<\/td><td class=''>250 kr<\/td><td class=''>250 kr<\/td><\/tr><tr class=''><th class='avia-desc-col'>09.00-12.59<\/th><td class=''>300 kr<\/td><td class=''>300 kr <\/td><td class=''>300 kr<\/td><td class=''>300 kr<\/td><td class=''>300 kr<\/td><td class=''>300 kr<\/td><td class=''>300 kr<\/td><\/tr><tr class=''><th class='avia-desc-col'>13.00-15.29<\/th><td class=''>300 kr<\/td><td class=''>300 kr <\/td><td class=''>300 kr<\/td><td class=''>300 kr<\/td><td class=''>300 kr<\/td><td class=''>300 kr<\/td><td class=''>300 kr<\/td><\/tr><tr class=''><th class='avia-desc-col'>15.30-20.00<\/th><td class=''>250 kr<\/td><td class=''>250 kr<\/td><td class=''>250 kr<\/td><td class=''>250 kr<\/td><td class=''>250 kr<\/td><td class=''>250 kr<\/td><td class=''>250 kr<\/td><\/tr><tr class=''><th class='avia-desc-col'><\/th><td class=''><\/td><td class=''><\/td><td class=''><\/td><td class=''><\/td><td class=''><\/td><td class=''><\/td><td class=''><\/td><\/tr><tr class=''><th class='avia-desc-col'>Mellans\u00e4song 1\/4-25\/5 och 1\/9-31\/10<\/th><td class=''>M\u00e5ndag<\/td><td class=''>Tisdag<\/td><td class=''>Onsdag<\/td><td class=''>Torsdag<\/td><td class=''>Fredag<\/td><td class=''>L\u00f6rdag<\/td><td class=''>S\u00f6ndag<\/td><\/tr><tr class=''><th class='avia-desc-col'>06.00-08.59<\/th><td class=''>300 kr<\/td><td class=''>300 kr<\/td><td class=''>300 kr<\/td><td class=''>300 kr<\/td><td class=''>300 kr<\/td><td class=''>350 kr<\/td><td class=''>350 kr<\/td><\/tr><tr class=''><th class='avia-desc-col'>09.00-12.59<\/th><td class=''>550 kr<\/td><td class=''>550 kr<\/td><td class=''>550 kr<\/td><td class=''>550 kr<\/td><td class=''>550 kr<\/td><td class=''>550 kr<\/td><td class=''>550 kr<\/td><\/tr><tr class=''><th class='avia-desc-col'>13.00-15.29<\/th><td class=''>350 kr<\/td><td class=''>350 kr<\/td><td class=''>350 kr<\/td><td class=''>350 kr<\/td><td class=''>350 kr<\/td><td class=''>450 kr<\/td><td class=''>450 kr<\/td><\/tr><tr class=''><th class='avia-desc-col'>15.30-20.00<\/th><td class=''>300 kr<\/td><td class=''>300 kr<\/td><td class=''>300 kr<\/td><td class=''>300 kr<\/td><td class=''>300 kr<\/td><td class=''>350 kr<\/td><td class=''>350 kr<\/td><\/tr><tr class=''><th class='avia-desc-col'><\/th><td class=''><\/td><td class=''><\/td><td class=''><\/td><td class=''><\/td><td class=''><\/td><td class=''><\/td><td class=''><\/td><\/tr><tr class=''><th class='avia-desc-col'>H\u00f6gs\u00e4song 26\/5-31\/8<\/th><td class=''>M\u00e5ndag<\/td><td class=''>Tisdag<\/td><td class=''>Onsdag<\/td><td class=''>Torsdag<\/td><td class=''>Fredag<\/td><td class=''>L\u00f6rdag<\/td><td class=''>S\u00f6ndag<\/td><\/tr><tr class=''><th class='avia-desc-col'>06.00-08.59<\/th><td class=''>350 kr<\/td><td class=''>350 kr<\/td><td class=''>350 kr<\/td><td class=''>350 kr<\/td><td class=''>400 kr<\/td><td class=''>450 kr<\/td><td class=''>450 kr<\/td><\/tr><tr class=''><th class='avia-desc-col'>09.00-12.59<\/th><td class=''>650 kr<\/td><td class=''>650 kr<\/td><td class=''>650 kr<\/td><td class=''>650 kr<\/td><td class=''>650 kr<\/td><td class=''>650 kr<\/td><td class=''>650 kr<\/td><\/tr><tr class=''><th class='avia-desc-col'>13.00-15.29<\/th><td class=''>450 kr<\/td><td class=''>450 kr<\/td><td class=''>450 kr<\/td><td class=''>450 kr<\/td><td class=''>500 kr<\/td><td class=''>550 kr<\/td><td class=''>550 kr<\/td><\/tr><tr class=''><th class='avia-desc-col'>15.30-20.00<\/th><td class=''>350 kr<\/td><td class=''>350 kr<\/td><td class=''>350 kr<\/td><td class=''>350 kr<\/td><td class=''>400 kr<\/td><td class=''>450 kr<\/td><td class=''>450 kr<\/td><\/tr><tr class=''><th class='avia-desc-col'><\/th><td class=''><\/td><td class=''><\/td><td class=''><\/td><td class=''><\/td><td class=''><\/td><td class=''><\/td><td class=''><\/td><\/tr><tr class=''><th class='avia-desc-col'>Junior upp till 21 \u00e5r<\/th><td class=''>50% p\u00e5 g\u00e4llande greenfee<\/td><td class=''>50% p\u00e5 g\u00e4llande greenfee<\/td><td class=''>50% p\u00e5 g\u00e4llande greenfee<\/td><td class=''>50% p\u00e5 g\u00e4llande greenfee<\/td><td class=''>50% p\u00e5 g\u00e4llande greenfee<\/td><td class=''>50% p\u00e5 g\u00e4llande greenfee<\/td><td class=''>50% p\u00e5 g\u00e4llande greenfee<\/td><\/tr><tr class=''><th class='avia-desc-col'><\/th><td class=''><\/td><td class=''><\/td><td class=''><\/td><td class=''><\/td><td class=''><\/td><td class=''><\/td><td class=''><\/td><\/tr><tr class=''><th class='avia-desc-col'>Sydpoolen<\/th><td class=''>Sydpoolen 25% rabatt p\u00e5 dagens h\u00f6gsta greenfee dock l\u00e4gst 300 kr. Junior 150 kr<br \/>\nVardagar och efter kl 13 helger.<\/p>\n<p>G\u00e4ller f\u00f6r fullv\u00e4rdiga medlemmar.<\/td><td class=''><\/td><td class=''><\/td><td class=''><\/td><td class=''><\/td><td class=''><\/td><td class=''><\/td><\/tr><tr class=''><th class='avia-desc-col'>Blekinge-<br \/>\ngreenfee<\/th><td class=''>Blekinge greenfee 30% rabatt p\u00e5 dagens h\u00f6gsta greenfee dock l\u00e4gst 400 kr.<br \/>\nJunior upp till 17 \u00e5r 100 kr, 18-21 \u00e5r 150 kr<br \/>\nG\u00e4ller f\u00f6r fullv\u00e4rdiga medlemmar.<\/td><td class=''><\/td><td class=''><\/td><td class=''><\/td><td class=''><\/td><td class=''><\/td><td class=''><\/td><\/tr><\/tbody><\/table><\/div><style type='text\/css'>.avia-table-1 td:nth-of-type(0):before { content: 'L\u00e5gs\u00e4song 1\/11-31\/3'; } .avia-table-1 td:nth-of-type(1):before { content: 'M\u00e5ndag'; } .avia-table-1 td:nth-of-type(2):before { content: 'Tisdag'; } .avia-table-1 td:nth-of-type(3):before { content: 'Onsdag'; } .avia-table-1 td:nth-of-type(4):before { content: 'Torsdag'; } .avia-table-1 td:nth-of-type(5):before { content: 'Fredag'; } .avia-table-1 td:nth-of-type(6):before { content: 'L\u00f6rdag'; } .avia-table-1 td:nth-of-type(7):before { content: 'S\u00f6ndag'; } <\/style><br \/>\n<section class=\"av_textblock_section\"  itemscope=\"itemscope\" itemtype=\"https:\/\/schema.org\/CreativeWork\" ><div class='avia_textblock'   itemprop=\"text\" ><p style=\"text-align: center;\">Vi har en gl\u00e4djande nyhet f\u00f6r v\u00e5ra fullv\u00e4rdiga medlemmar<\/p>\n<p style=\"text-align: center;\"><strong>Samarbete mellan Boa GK, \u00d6stra G\u00f6inge GK &amp; \u00c4lmhults GK\u00a0<\/strong><br \/>\nF\u00f6r kommande s\u00e4song (2025) ing\u00e5r vi samarbetsavtal med genom att erbjuda v\u00e5ra fullv\u00e4rdiga medlemmar i respektive klubb<\/p>\n<p style=\"text-align: center;\">Fritt spel alla dagar vardagar hela dagen och efter kl. 13.00 p\u00e5 helger. Erbjudandet g\u00e4ller maximalt 2 starttider per s\u00e4llskap och dag. 1 s\u00e4llskap = en 4 boll.<\/p>\n<p style=\"text-align: center;\">* Som fullv\u00e4rdig medlem r\u00e4knas den som inte betalar greenfee p\u00e5 sin hemmaklubb<\/p>\n<p style=\"text-align: center;\">Samarbete med Emmaboda GK<br \/>\nDetta inneb\u00e4r \u00e4r fullv\u00e4rdiga medlemmar endast betalar 280kr (senior) junior 200 kr i greenfee p\u00e5 respektive bana.<\/p>\n<p style=\"text-align: center;\">* Kan variera. Best\u00e4ms av kansliet beroende p\u00e5 v\u00e4derlek och status p\u00e5 banan.<\/p>\n<p style=\"text-align: center;\">Vill man spela 2 x 18-h\u00e5l samma dag s\u00e5 \u00e4r det 100 kr i rabatt p\u00e5 rond 2.<\/p>\n<\/div><\/section><br \/>\n<div  class='hr hr-short hr-center'><span class='hr-inner' ><span class='hr-inner-style'><\/span><\/span><\/div><\/p><\/div><\/div><\/div><\/div><!-- close content main div --><\/div><\/div><div id='av_section_1' class='avia-section main_color avia-section-default avia-no-border-styling avia-bg-style-scroll   container_wrap fullsize' style = 'background-color: #dbdbdb; background-image: '  ><div class='container' ><div class='template-page content  av-content-full alpha units'><div class='post-entry post-entry-type-page post-entry-30'><div class='entry-content-wrapper clearfix'>\n<div style='padding-bottom:10px; ' class='av-special-heading av-special-heading-h1  blockquote modern-quote modern-centered'><h1 class='av-special-heading-tag'  itemprop=\"headline\"  >Greenfee Golfamore<\/h1><div class ='av-subheading av-subheading_below' style='font-size:15px;'><p>50 % av h\u00f6gsta dagsgreenfee<\/p>\n<\/div><div class='special-heading-border'><div class='special-heading-inner-border' ><\/div><\/div><\/div>\n<section class=\"av_textblock_section\"  itemscope=\"itemscope\" itemtype=\"https:\/\/schema.org\/CreativeWork\" ><div class='avia_textblock'   itemprop=\"text\" ><p style=\"text-align: center;\">* Greenfee med Golfamore \u00e4r alltid 50 % av h\u00f6gsta dagspris.<\/p>\n<p style=\"text-align: center;\">L\u00e5gs\u00e4song 2\/11 &#8211; 29\/3<\/p>\n<p style=\"text-align: center;\">300 kr med Golfamore 150 kr<\/p>\n<p style=\"text-align: center;\">Mellans\u00e4song 30\/3 &#8211; 31\/5 och 7\/9 &#8211; 1\/11<\/p>\n<p style=\"text-align: center;\">550 kr med Golfamore 275 kr<\/p>\n<p style=\"text-align: center;\">H\u00f6gs\u00e4song 1\/6 &#8211; 6\/9<\/p>\n<p style=\"text-align: center;\">650 kr med Golfamore 325 kr<\/p>\n<\/div><\/section>\n<div  class='hr hr-short hr-center'><span class='hr-inner' ><span class='hr-inner-style'><\/span><\/span><\/div>\n<\/p>\n<div class=\"flex_column av_one_full  flex_column_div av-zero-column-padding first\" style='border-radius:0px; '><p><div style='padding-bottom:10px; ' class='av-special-heading av-special-heading-h1  blockquote modern-quote modern-centered'><h1 class='av-special-heading-tag'  itemprop=\"headline\"  >Greenfee Competition<\/h1><div class='special-heading-border'><div class='special-heading-inner-border' ><\/div><\/div><\/div><br \/>\n<div class='avia-data-table-wrap avia_responsive_table'><table class='avia-table avia-data-table avia-table-2  avia_pricing_default'  itemscope=\"itemscope\" itemtype=\"https:\/\/schema.org\/Table\" ><tbody><tr class='avia-heading-row'><th class='avia-desc-col'><\/th><th class=''>All Season<\/th><\/tr><tr class=''><th class='avia-desc-col'>Senior<\/th><td class=''>225 kr<\/td><\/tr><tr class=''><th class='avia-desc-col'>Junior<\/th><td class=''>100 kr<\/td><\/tr><tr class=''><th class='avia-desc-col'>Par<\/th><td class=''>300 kr<\/td><\/tr><\/tbody><\/table><\/div><style type='text\/css'>.avia-table-2 td:nth-of-type(0):before { content: ''; } .avia-table-2 td:nth-of-type(1):before { content: 'Hela S\u00e4songen'; } <\/style><br \/>\n<div  class='hr hr-short hr-center'><span class='hr-inner' ><span class='hr-inner-style'><\/span><\/span><\/div><\/p><\/div>\n<\/div><\/div><\/div><!-- close content main div --><\/div><\/div><div id='av_section_2' class='avia-section main_color avia-section-default avia-no-border-styling avia-bg-style-scroll   container_wrap fullsize' style = 'background-color: #dbdbdb; background-image: '  ><div class='container' ><div class='template-page content  av-content-full alpha units'><div class='post-entry post-entry-type-page post-entry-30'><div class='entry-content-wrapper clearfix'>\n<div style='padding-bottom:10px; ' class='av-special-heading av-special-heading-h1  blockquote modern-quote modern-centered'><h1 class='av-special-heading-tag'  itemprop=\"headline\"  >More<\/h1><div class='special-heading-border'><div class='special-heading-inner-border' ><\/div><\/div><\/div>\n<div class='avia-data-table-wrap avia_responsive_table'><table class='avia-table avia-data-table avia-table-3  avia_pricing_default'  itemscope=\"itemscope\" itemtype=\"https:\/\/schema.org\/Table\" ><tbody><tr class='avia-heading-row'><th class='avia-desc-col'><\/th><th class=''>All Season<\/th><\/tr><tr class=''><th class='avia-desc-col'>Golfbil 18 h\u00e5l, medlem<\/th><td class=''>300 kr<\/td><\/tr><tr class=''><th class='avia-desc-col'>Golf cart 18 holes, guest<\/th><td class=''>400 kr<\/td><\/tr><tr class=''><th class='avia-desc-col'>Golf cart 18 holes, member with medical certificate<\/th><td class=''>200 kr<\/td><\/tr><tr class=''><th class='avia-desc-col'>Golf cart 18 holes, guest with medical certificate<\/th><td class=''>300 kr<\/td><\/tr><tr class=''><th class='avia-desc-col'>Golf trolley (3 wheel)<\/th><td class=''>50 kr<\/td><\/tr><tr class=''><th class='avia-desc-col'>Camping (day)<\/th><td class=''>250 kr<\/td><\/tr><tr class=''><th class='avia-desc-col'>Driving range<br \/>\n70 uttag <\/th><td class=''>1 000 kr<\/td><\/tr><tr class=''><th class='avia-desc-col'>Driving range<br \/>\n30 uttag<\/th><td class=''>500 kr<\/td><\/tr><tr class=''><th class='avia-desc-col'>Driving range,junior<br \/>\n50 uttag<\/th><td class=''>500 kr<\/td><\/tr><\/tbody><\/table><\/div><style type='text\/css'>.avia-table-3 td:nth-of-type(0):before { content: ''; } .avia-table-3 td:nth-of-type(1):before { content: 'Hela S\u00e4songen'; } <\/style>\n<div  class='hr hr-short hr-center'><span class='hr-inner' ><span class='hr-inner-style'><\/span><\/span><\/div>\n\n<section class=\"av_textblock_section\"  itemscope=\"itemscope\" itemtype=\"https:\/\/schema.org\/CreativeWork\" ><div class='avia_textblock'   itemprop=\"text\" ><h6 style=\"text-align: center;\">Policy och ordningsf\u00f6reskrifter f\u00f6r spel p\u00e5 Boa GK Olofstr\u00f6m:\u00a0<a href=\"http:\/\/boagk.se\/wp-content\/uploads\/2020\/07\/Bilaga-4-Styrelsem\u00f6te-2020-07-22-Policy-och-ordningsf\u00f6reskrifter-Boa-GK-Olofstr\u00f6m.pdf\">Klicka H\u00e4r<\/a><\/h6>\n<\/div><\/section>","protected":false},"excerpt":{"rendered":"","protected":false},"author":1,"featured_media":0,"parent":16,"menu_order":0,"comment_status":"closed","ping_status":"closed","template":"","meta":{"_exactmetrics_skip_tracking":false,"_exactmetrics_sitenote_active":false,"_exactmetrics_sitenote_note":"","_exactmetrics_sitenote_category":0,"footnotes":""},"class_list":["post-30","page","type-page","status-publish","hentry"],"_links":{"self":[{"href":"https:\/\/boagk.se\/en\/wp-json\/wp\/v2\/pages\/30","targetHints":{"allow":["GET"]}}],"collection":[{"href":"https:\/\/boagk.se\/en\/wp-json\/wp\/v2\/pages"}],"about":[{"href":"https:\/\/boagk.se\/en\/wp-json\/wp\/v2\/types\/page"}],"author":[{"embeddable":true,"href":"https:\/\/boagk.se\/en\/wp-json\/wp\/v2\/users\/1"}],"replies":[{"embeddable":true,"href":"https:\/\/boagk.se\/en\/wp-json\/wp\/v2\/comments?post=30"}],"version-history":[{"count":90,"href":"https:\/\/boagk.se\/en\/wp-json\/wp\/v2\/pages\/30\/revisions"}],"predecessor-version":[{"id":11651,"href":"https:\/\/boagk.se\/en\/wp-json\/wp\/v2\/pages\/30\/revisions\/11651"}],"up":[{"embeddable":true,"href":"https:\/\/boagk.se\/en\/wp-json\/wp\/v2\/pages\/16"}],"wp:attachment":[{"href":"https:\/\/boagk.se\/en\/wp-json\/wp\/v2\/media?parent=30"}],"curies":[{"name":"wp","href":"https:\/\/api.w.org\/{rel}","templated":true}]}}