{"id":28,"date":"2018-12-03T10:29:14","date_gmt":"2018-12-03T10:29:14","guid":{"rendered":"http:\/\/boagk.se.preview.binero.se\/?page_id=28"},"modified":"2024-12-02T09:47:14","modified_gmt":"2024-12-02T09:47:14","slug":"gastinformation","status":"publish","type":"page","link":"https:\/\/boagk.se\/en\/gaster\/gastinformation\/","title":{"rendered":"Guest information"},"content":{"rendered":"<div class='av-hotspot-image-container avia_animate_when_almost_visible   av-hotspot-numbered av-mobile-fallback-active    av-non-fullwidth-hotspot-image'  itemprop=\"ImageObject\" itemscope=\"itemscope\" itemtype=\"https:\/\/schema.org\/ImageObject\"  ><div class='av-hotspot-container'><div class='av-hotspot-container-inner-cell'><div class='av-hotspot-container-inner-wrap'><img class='avia_image' src='https:\/\/boagk.se\/wp-content\/uploads\/2019\/01\/g\u00e4stinformation.jpg' alt='' title=''  height=\"450\"width=\"1200\"  itemprop=\"thumbnailUrl\"  \/><\/div><\/div><\/div><\/div>\n<div class=\"flex_column av_one_full  flex_column_div av-zero-column-padding first\" style='border-radius:0px; '><p><div style='padding-bottom:10px; ' class='av-special-heading av-special-heading-h1  blockquote modern-quote modern-centered'><h1 class='av-special-heading-tag'  itemprop=\"headline\"  >Welcome as guest at Boa GK Olofstr\u00f6m<\/h1><div class='special-heading-border'><div class='special-heading-inner-border' ><\/div><\/div><\/div><br \/>\n<section class=\"av_textblock_section\"  itemscope=\"itemscope\" itemtype=\"https:\/\/schema.org\/CreativeWork\" ><div class='avia_textblock'  style='font-size:14px; '  itemprop=\"text\" ><p style=\"text-align: center;\">Vi erbjuder en h\u00e4rlig golfupplevelse i Blekinges fina natur, Sveriges tr\u00e4dg\u00e5rd. Boa GK Olofstr\u00f6m \u00e4r en intressant och utmanande parkbana, anlagd med omsorg i ett naturligt kuperat och mycket natursk\u00f6nt landskap. Alltid god tillg\u00e4nglighet \u00e5ret runt.\u00a0Banan \u00e4r bel\u00e4gen vid Boa Nyg\u00e5rd, centralt l\u00e4ge utmed v\u00e4g 15 endast 10 km fr\u00e5n Olofstr\u00f6ms centrum och 7 km fr\u00e5n Pukavik.\u200b\u200b<\/p>\n<p style=\"text-align: center;\"><strong>Restaurant:<\/strong> \u00d6ppnar i april.<br \/>\n<strong>Kiosk:<\/strong>\u00a0Between hole 11 and hole 12.<br \/>\n<strong>Toilets:<\/strong> Finns i klubbhuset, samt efter h\u00e5l 8 och vid kiosken h\u00e5l 12.<br \/>\n<strong>Golf Cart and Golf Trolley:<\/strong> Finns att hyra i kansliet.\u00a0<a href=\"http:\/\/boagk.se\/en\/gaster\/greenfee\/\">Klicka h\u00e4r f\u00f6r mer information.<\/a><br \/>\n<strong>Driving Range:<\/strong> Pay with Visa or Mastercard or buy tokens in our reception.<br \/>\n<strong>Camping: <\/strong>M\u00f6jlighet till camping finns.\u00a0<a href=\"http:\/\/boagk.se\/en\/gaster\/camping\/\">Klicka h\u00e4r f\u00f6r mer information.<\/a><br \/>\n<b>Defibrillators: <\/b>Heart starter is just inside the entrance of the clubhouse.<\/p>\n<p style=\"text-align: center;\">Dogs are allowed on the course and on driving range, if they are put on the lead\/leash.<\/p>\n<\/div><\/section><\/p><\/div>","protected":false},"excerpt":{"rendered":"","protected":false},"author":1,"featured_media":0,"parent":16,"menu_order":0,"comment_status":"closed","ping_status":"closed","template":"","meta":{"_exactmetrics_skip_tracking":false,"_exactmetrics_sitenote_active":false,"_exactmetrics_sitenote_note":"","_exactmetrics_sitenote_category":0,"footnotes":""},"class_list":["post-28","page","type-page","status-publish","hentry"],"_links":{"self":[{"href":"https:\/\/boagk.se\/en\/wp-json\/wp\/v2\/pages\/28","targetHints":{"allow":["GET"]}}],"collection":[{"href":"https:\/\/boagk.se\/en\/wp-json\/wp\/v2\/pages"}],"about":[{"href":"https:\/\/boagk.se\/en\/wp-json\/wp\/v2\/types\/page"}],"author":[{"embeddable":true,"href":"https:\/\/boagk.se\/en\/wp-json\/wp\/v2\/users\/1"}],"replies":[{"embeddable":true,"href":"https:\/\/boagk.se\/en\/wp-json\/wp\/v2\/comments?post=28"}],"version-history":[{"count":26,"href":"https:\/\/boagk.se\/en\/wp-json\/wp\/v2\/pages\/28\/revisions"}],"predecessor-version":[{"id":11650,"href":"https:\/\/boagk.se\/en\/wp-json\/wp\/v2\/pages\/28\/revisions\/11650"}],"up":[{"embeddable":true,"href":"https:\/\/boagk.se\/en\/wp-json\/wp\/v2\/pages\/16"}],"wp:attachment":[{"href":"https:\/\/boagk.se\/en\/wp-json\/wp\/v2\/media?parent=28"}],"curies":[{"name":"wp","href":"https:\/\/api.w.org\/{rel}","templated":true}]}}