{"id":26,"date":"2018-12-03T10:28:52","date_gmt":"2018-12-03T10:28:52","guid":{"rendered":"http:\/\/boagk.se.preview.binero.se\/?page_id=26"},"modified":"2026-04-03T10:05:24","modified_gmt":"2026-04-03T10:05:24","slug":"kontakt","status":"publish","type":"page","link":"https:\/\/boagk.se\/en\/kontakt\/","title":{"rendered":"Contact Us"},"content":{"rendered":"<div class='av-hotspot-image-container avia_animate_when_almost_visible   av-hotspot-numbered av-mobile-fallback-active    av-non-fullwidth-hotspot-image'  itemprop=\"ImageObject\" itemscope=\"itemscope\" itemtype=\"https:\/\/schema.org\/ImageObject\"  ><div class='av-hotspot-container'><div class='av-hotspot-container-inner-cell'><div class='av-hotspot-container-inner-wrap'><img class='avia_image' src='https:\/\/boagk.se\/wp-content\/uploads\/2018\/12\/kontaktuppgifter-boa.png' alt='' title=''  height=\"450\"width=\"1200\"  itemprop=\"thumbnailUrl\"  \/><\/div><\/div><\/div><\/div>\n<div class=\"flex_column av_one_half  flex_column_div av-zero-column-padding first\" style='border-radius:0px; '><p><div style='padding-bottom:10px; font-size:24px;' class='av-special-heading av-special-heading-h1  blockquote modern-quote   av-inherit-size'><h1 class='av-special-heading-tag'  itemprop=\"headline\"  >Welcome to contact us<\/h1><div class='special-heading-border'><div class='special-heading-inner-border' ><\/div><\/div><\/div><br \/>\n<section class=\"av_textblock_section\"  itemscope=\"itemscope\" itemtype=\"https:\/\/schema.org\/CreativeWork\" ><div class='avia_textblock'   itemprop=\"text\" ><p>Welcome to contact us<\/p>\n<p>Ring: 0454 &#8211; 433 66<\/p>\n<p>Email:\u00a0<a class=\"auto-generated-link\" href=\"mailto:boagk@oktv.se\" data-auto-recognition=\"true\" data-content=\"boagk@oktv.se\" data-type=\"mail\">boagk@oktv.se<\/a><\/p>\n<p><strong><span class=\"color_25\">Address<\/span><\/strong><br \/>\nBoa GK Olofstr\u00f6m<br \/>\nBoa Nyg\u00e5rdsv\u00e4gen 150<br \/>\n293 93 Olofstr\u00f6m<\/p>\n<\/div><\/section><\/p><\/div>\n<div class=\"flex_column av_one_half  flex_column_div av-zero-column-padding\" style='border-radius:0px; '><p><div style='padding-bottom:10px; font-size:24px;' class='av-special-heading av-special-heading-h1  blockquote modern-quote   av-inherit-size'><h1 class='av-special-heading-tag'  itemprop=\"headline\"  >Reception opening hours<\/h1><div class='special-heading-border'><div class='special-heading-inner-border' ><\/div><\/div><\/div><br \/>\n<section class=\"av_textblock_section\"  itemscope=\"itemscope\" itemtype=\"https:\/\/schema.org\/CreativeWork\" ><div class='avia_textblock'   itemprop=\"text\" ><p><strong>\u00d6ppettider reception<\/strong><\/p>\n<p>v. 14<br \/>\nM\u00e5ndag &#8211; torsdag kl 9 -14, l\u00e5ngfredag ,\u00a0 p\u00e5skdagen\u00a0 &amp; annandag p\u00e5sk kl. 8.30 &#8211; 13<br \/>\nP\u00e5skafton st\u00e4ngt<\/p>\n<p>Fr.o.m. v. 15<br \/>\nM\u00e5ndag &#8211; fredag kl. 8.30 &#8211; 15, l\u00f6rdag, s\u00f6ndag och helgdag kl. 8.30 &#8211; 13<\/p>\n<p>Betala din \u00e5rsavgift via &#8221;Min Golf&#8221; \u00f6nskar ni kvitto p\u00e5 spelavgiften s\u00e5 skicka ett mail till boagk@oktv.se<\/p>\n<div><\/div>\n<p>N\u00e4r kansliet \u00e4r obemannat g\u00e5r det bra att betala kostnaden f\u00f6r greenfee med\u00a0 Swish till nummer 123\u00a0495 57 61 och uppge datum, namn och golf-ID. Det g\u00e5r ocks\u00e5 bra att betala bokade tider via &#8221;min golf&#8221;.<\/p>\n<p class=\"font_8\">Tidsbokning 22\/3-16\/11 kl. 7.00-18.00. \u00d6vrig tid bollr\u00e4nna.<\/p>\n<p>St\u00f6d Boa GK Olofstr\u00f6m via Svenska Spels &#8221;Gr\u00e4sroten&#8221;: <a href=\"https:\/\/www.svenskaspel.se\/grasroten\/forening\/21997-boa-gk-olofstrom?tduid=1eeadbd530c170e563e342a238c2c1d3&amp;affId=2176386&amp;utm_source=tradedoubler&amp;utm_medium=affiliate&amp;utm_campaign=Svea+%C3%B6vriga+f%C3%B6reningar \" target=\"_blank\" rel=\"noopener\">Klicka H\u00e4r<\/a>.<\/p>\n<\/div><\/section><\/p><\/div><\/div><\/div><\/div><!-- close content main div --><\/div><\/div><div id='av_section_1' class='avia-section main_color avia-section-default avia-no-border-styling avia-bg-style-scroll   container_wrap fullsize' style = 'background-color: #dbdbdb; background-image: '  ><div class='container' ><div class='template-page content  av-content-full alpha units'><div class='post-entry post-entry-type-page post-entry-26'><div class='entry-content-wrapper clearfix'>\n<div style='padding-bottom:10px; font-size:30px;' class='av-special-heading av-special-heading-h1  blockquote modern-quote modern-centered   av-inherit-size'><h1 class='av-special-heading-tag'  itemprop=\"headline\"  >Welcome to send us an email<\/h1><div class='special-heading-border'><div class='special-heading-inner-border' ><\/div><\/div><\/div>\n<form action=\"https:\/\/boagk.se\/en\/kontakt\/\" method=\"post\"  class=\"avia_ajax_form av-form-labels-visible   av-centered-form\" data-avia-form-id=\"1\" data-avia-redirect='' data-trp-original-action=\"https:\/\/boagk.se\/en\/kontakt\/\"><fieldset><p class='first_form  form_element form_fullwidth' id='element_avia_1_1'><label for=\"avia_1_1\">Namn <abbr class=\"required\" title=\"required\">*<\/abbr><\/label> <input name=\"avia_1_1\" class=\"text_input is_empty\" type=\"text\" id=\"avia_1_1\" value=\"\" \/><\/p><p class='first_form  form_element form_fullwidth' id='element_avia_2_1'><label for=\"avia_2_1\">Email <abbr class=\"required\" title=\"required\">*<\/abbr><\/label> <input name=\"avia_2_1\" class=\"text_input is_email\" type=\"text\" id=\"avia_2_1\" value=\"\" \/><\/p><p class='first_form  form_element form_fullwidth' id='element_avia_3_1'><label for=\"avia_3_1\">\u00c4mne <abbr class=\"required\" title=\"required\">*<\/abbr><\/label> <input name=\"avia_3_1\" class=\"text_input is_empty\" type=\"text\" id=\"avia_3_1\" value=\"\" \/><\/p><p class='first_form  form_element form_fullwidth' id='element_avia_4_1'>\t <label for=\"avia_4_1\" class=\"textare_label hidden textare_label_avia_4_1\">Meddelande <abbr class=\"required\" title=\"required\">*<\/abbr><\/label>\t <textarea  name=\"avia_4_1\" class=\"text_area is_empty\" cols=\"40\" rows=\"7\" id=\"avia_4_1\" ><\/textarea><\/p><p class=\"hidden\"><input type=\"text\" name=\"avia_5_1\" class=\"hidden\" id=\"avia_5_1\" value=\"\" \/><\/p><p class='' id='element_avia_6_1'>    <span class='value_verifier_label'>4 + 3 = ?<\/span>    <input name=\"avia_6_1_verifier\" type=\"hidden\" id=\"avia_6_1_verifier\" value=\"536734753\"\/><label for=\"avia_6_1\">Please prove that you are human by solving the equation <abbr class=\"required\" title=\"required\">*<\/abbr><\/label>    <input name=\"avia_6_1\" class=\"text_input captcha\" type=\"text\" id=\"avia_6_1\" value=\"\"\/><\/p><p class=\"form_element\"><input type=\"hidden\" value=\"1\" name=\"avia_generated_form1\" \/><input type=\"submit\" value=\"Skicka\" class=\"button\"  data-sending-label=\"Sending\"\/><\/p><\/fieldset><input type=\"hidden\" name=\"trp-form-language\" value=\"en\"\/><\/form><div id=\"ajaxresponse_1\" class=\"ajaxresponse ajaxresponse_1 hidden\"><\/div>\n<\/p>\n<div style='padding-bottom:10px; font-size:30px;' class='av-special-heading av-special-heading-h1  blockquote modern-quote modern-centered   av-inherit-size'><h1 class='av-special-heading-tag'  itemprop=\"headline\"  >Find us<\/h1><div class='special-heading-border'><div class='special-heading-inner-border' ><\/div><\/div><\/div>\n<div style='height:10px' class='hr hr-invisible'><span class='hr-inner' ><span class='hr-inner-style'><\/span><\/span><\/div>\n<section class=\"avia_codeblock_section  avia_code_block_0\"  itemscope=\"itemscope\" itemtype=\"https:\/\/schema.org\/CreativeWork\" ><div class='avia_codeblock'  itemprop=\"text\" > [avia_codeblock_placeholder uid=\"0\"] <\/div><\/section>","protected":false},"excerpt":{"rendered":"","protected":false},"author":1,"featured_media":0,"parent":0,"menu_order":0,"comment_status":"closed","ping_status":"closed","template":"","meta":{"_exactmetrics_skip_tracking":false,"_exactmetrics_sitenote_active":false,"_exactmetrics_sitenote_note":"","_exactmetrics_sitenote_category":0,"footnotes":""},"class_list":["post-26","page","type-page","status-publish","hentry"],"_links":{"self":[{"href":"https:\/\/boagk.se\/en\/wp-json\/wp\/v2\/pages\/26","targetHints":{"allow":["GET"]}}],"collection":[{"href":"https:\/\/boagk.se\/en\/wp-json\/wp\/v2\/pages"}],"about":[{"href":"https:\/\/boagk.se\/en\/wp-json\/wp\/v2\/types\/page"}],"author":[{"embeddable":true,"href":"https:\/\/boagk.se\/en\/wp-json\/wp\/v2\/users\/1"}],"replies":[{"embeddable":true,"href":"https:\/\/boagk.se\/en\/wp-json\/wp\/v2\/comments?post=26"}],"version-history":[{"count":198,"href":"https:\/\/boagk.se\/en\/wp-json\/wp\/v2\/pages\/26\/revisions"}],"predecessor-version":[{"id":11781,"href":"https:\/\/boagk.se\/en\/wp-json\/wp\/v2\/pages\/26\/revisions\/11781"}],"wp:attachment":[{"href":"https:\/\/boagk.se\/en\/wp-json\/wp\/v2\/media?parent=26"}],"curies":[{"name":"wp","href":"https:\/\/api.w.org\/{rel}","templated":true}]}}