{"id":22,"date":"2018-12-03T10:28:21","date_gmt":"2018-12-03T10:28:21","guid":{"rendered":"http:\/\/boagk.se.preview.binero.se\/?page_id=22"},"modified":"2025-02-26T07:55:41","modified_gmt":"2025-02-26T07:55:41","slug":"partners","status":"publish","type":"page","link":"https:\/\/boagk.se\/en\/partners\/","title":{"rendered":"Partners"},"content":{"rendered":"<div class='av-hotspot-image-container avia_animate_when_almost_visible   av-hotspot-numbered av-mobile-fallback-active    av-non-fullwidth-hotspot-image'  itemprop=\"ImageObject\" itemscope=\"itemscope\" itemtype=\"https:\/\/schema.org\/ImageObject\"  ><div class='av-hotspot-container'><div class='av-hotspot-container-inner-cell'><div class='av-hotspot-container-inner-wrap'><img class='avia_image' src='https:\/\/boagk.se\/wp-content\/uploads\/2018\/12\/partners-boa-gk-1.png' alt='' title=''  height=\"450\"width=\"1200\"  itemprop=\"thumbnailUrl\"  \/><\/div><\/div><\/div><\/div>\n<div class=\"flex_column av_one_full  flex_column_div av-zero-column-padding first\" style='border-radius:0px; '><section class=\"av_textblock_section\"  itemscope=\"itemscope\" itemtype=\"https:\/\/schema.org\/CreativeWork\" ><div class='avia_textblock'   itemprop=\"text\" ><p style=\"text-align: center;\"><span style=\"color: #008000;\"><strong>Vill ni bli samarbetspartner med Boa GK Olofstr\u00f6m?<\/strong><\/span><\/p>\n<p><strong>Uppt\u00e4ck Boa GK Olofstr\u00f6m \u2013 Din Perfekta M\u00f6tesplats!<\/strong><\/p>\n<p style=\"text-align: center;\">Boa GK Olofstr\u00f6m erbjuder en unik och avslappnad milj\u00f6 d\u00e4r du kan utveckla v\u00e4rdefulla relationer. V\u00e5r golfbana \u00e4r den perfekta platsen f\u00f6r att koppla av med v\u00e4nner, arbetskamrater och aff\u00e4rsbekanta, samtidigt som du njuter av en fantastisk golfupplevelse. Som Partner f\u00e5r du en exklusiv m\u00f6jlighet att synas tillsammans med oss.<\/p>\n<p style=\"text-align: center;\">Vi \u00e4r en v\u00e4lfungerande ideell f\u00f6rening k\u00e4nd f\u00f6r v\u00e5r goda trivsel och starka gemenskap. V\u00e5rt m\u00e5l \u00e4r att skapa en rik fritidsmilj\u00f6 f\u00f6r v\u00e5ra medlemmar, med fokus p\u00e5 b\u00e5de fysisk och psykisk h\u00e4lsa.<\/p>\n<p style=\"text-align: center;\">Boa GK Olofstr\u00f6m \u00e4r en viktig reklampelare f\u00f6r kommunen och n\u00e4ringslivet, och vi bidrar till syssels\u00e4ttning f\u00f6r lokala underleverant\u00f6rer. Genom att samarbeta med oss f\u00e5r ditt f\u00f6retag en unik chans att exponera ert varum\u00e4rke, b\u00e5de lokalt, regionalt och nationellt.<\/p>\n<p style=\"text-align: center;\">Med \u00f6ver 60 000 speltimmar per \u00e5r fr\u00e5n b\u00e5de medlemmar och g\u00e4ster, samt flera \u00e5rliga t\u00e4vlingar med deltagare fr\u00e5n hela s\u00f6dra Sverige, erbjuder vi en oslagbar plattform f\u00f6r att synas och v\u00e4xa.<\/p>\n<p style=\"text-align: center;\">Vi kan erbjuda olika typer av uppl\u00e4gg f\u00f6r v\u00e5ra partners.<\/p>\n<p><strong>Partnerpaket hos Boa GK Olofstr\u00f6m \u2013 Din M\u00f6jlighet till Exponering!<\/strong><\/p>\n<p><strong>1. Hel h\u00e5lpartner: <\/strong>Tv\u00e5 reklamskyltar p\u00e5 valfritt h\u00e5l \u2013 maximal synlighet f\u00f6r ditt varum\u00e4rke.<\/p>\n<p><strong>2. Halv h\u00e5lpartner: <\/strong>En reklamskylt p\u00e5 valfritt h\u00e5l \u2013 effektiv exponering d\u00e4r det r\u00e4knas.<\/p>\n<p><strong>3. Partnerskylt: <\/strong>Reklamskylt vid klubbens parkering \u2013 f\u00e5nga uppm\u00e4rksamheten direkt<\/p>\n<p><strong>4. Partnerskylt p\u00e5 Golfbil:<\/strong>\u00a0R\u00f6rlig reklam som syns \u00f6ver hela banan.<\/p>\n<p><strong>5. Partnerskylt vid Hj\u00e4rtstartare: <\/strong>Visa ditt st\u00f6d f\u00f6r s\u00e4kerhet och h\u00e4lsa p\u00e5 golfbanan.<\/p>\n<p><strong>Som partner f\u00f6r Alternativ 1-3 f\u00e5r du ocks\u00e5:<\/strong><\/p>\n<ul>\n<li><strong>Logotyp p\u00e5 Samlingsskylt: <\/strong>Din logotyp syns v\u00e4l p\u00e5 en samlingsskylt vid klubbhusomr\u00e5det.<\/li>\n<li><strong>Exponering p\u00e5 Hemsidan: <\/strong>Din logotyp med l\u00e4nk till din hemsida visas p\u00e5 startsidan p\u00e5 Boa GK Olofstr\u00f6ms hemsida, boagk.se.<\/li>\n<li><strong>Partnergolf:<\/strong> Inbjudan till partnergolf med 2 deltagare fr\u00e5n varje Partner.<\/li>\n<\/ul>\n<p><strong>Greenfee-biljetter:<\/strong>\u00a0<em>Ett antal Greenfee-biljetter ing\u00e5r i samtliga alternativ, perfekt f\u00f6r att bjuda in kunder eller anst\u00e4llda.<\/em><\/p>\n<p><span style=\"color: #000000;\"><strong>Ytterligare F\u00f6rm\u00e5ner:<\/strong><\/span><\/p>\n<ul>\n<li><strong>F\u00f6retagsinriktad Prova-p\u00e5 Dag: <\/strong>Bjud in dina anst\u00e4llda till en inspirerande dag p\u00e5 golfbanan.<\/li>\n<li><strong>Konferens med Lunchservering: <\/strong>Kombinera aff\u00e4rer med n\u00f6je i en avkopplande milj\u00f6.<\/li>\n<\/ul>\n<p><strong>Flexibla Priser:<\/strong>\u00a0Kostnaden f\u00f6r sponsorpaketen varierar beroende p\u00e5 avtalets omfattning. Kontakta oss f\u00f6r att skr\u00e4ddarsy ett paket som passar just ditt f\u00f6retag.<\/p>\n<p><strong>Har du andra kreativa id\u00e9er?<\/strong>\u00a0L\u00e5t oss diskutera! Vi \u00e4r \u00f6ppna f\u00f6r f\u00f6rslag och ser fram emot att skapa ett framg\u00e5ngsrikt partnerskap med dig.<\/p>\n<p>Vill du komma i kontakt med oss i Marknadskommitt\u00e9n? \u00a0H\u00f6r av dig!<\/p>\n<p>Mats Markstr\u00f6m \u00a0\u00a0<a href=\"mailto:mats.markstrom@oktv.se\">mats.markstrom@oktv.se<\/a>\u00a0\u00a0\u00a0\u00a0\u00a0\u00a0\u00a0\u00a0\u00a0\u00a0\u00a0\u00a0\u00a0\u00a0\u00a0 Mobil: 076-3206035<\/p>\n<p>Dan Hermansson <a href=\"mailto:danaghermansson@gmail.com\">danaghermansson@gmail.com<\/a>\u00a0\u00a0\u00a0\u00a0\u00a0\u00a0 Mobil: 070-9859082<\/p>\n<p>Anders Larsson\u00a0\u00a0\u00a0 <a href=\"mailto:anderslarsson@live.se\">anderslarsson@live.se<\/a> \u00a0\u00a0\u00a0\u00a0\u00a0\u00a0\u00a0\u00a0\u00a0\u00a0\u00a0\u00a0\u00a0\u00a0\u00a0\u00a0\u00a0\u00a0\u00a0\u00a0\u00a0 Mobil: 070-8675581<\/p>\n<p style=\"text-align: center;\"><strong><u>V\u00c5R VERKSAMHETSID\u00c9<\/u><\/strong><\/p>\n<p><strong>Vi vill p\u00e5 alla niv\u00e5er bedriva v\u00e5r idrott s\u00e5 att den utvecklar m\u00e4nniskor positivt s\u00e5v\u00e4l fysiskt och psykiskt som socialt och kulturellt<\/strong><\/p>\n<p><strong>\u00a0<\/strong><\/p>\n<p><strong>D\u00e4rf\u00f6r vill vi utforma v\u00e5r idrott s\u00e5 att<\/strong><\/p>\n<ul>\n<li>Den i alla led st\u00e4ndigt utvecklas och f\u00f6rb\u00e4ttras till form och inneh\u00e5ll<\/li>\n<li>Alla som vill oavsett etniskt ursprung, religion, \u00e5lder, k\u00f6n, nationalitet, fysiska<br \/>\noch psykiska f\u00f6ruts\u00e4ttningar, f\u00e5r vara med i f\u00f6reningsdriven idrottsverksamhet<\/li>\n<li>Den ger upplevelser och skapar kontakt mellan m\u00e4nniskor ur olika samh\u00e4llsgrupperingar<\/li>\n<li>De som deltar f\u00e5r vara med och best\u00e4mma och ta ansvar f\u00f6r sin verksamhet.<\/li>\n<li>Den ger alla som deltar en kamratlig och trygg social gemenskap.<\/li>\n<\/ul>\n<\/div><\/section><\/div>","protected":false},"excerpt":{"rendered":"","protected":false},"author":1,"featured_media":0,"parent":0,"menu_order":0,"comment_status":"closed","ping_status":"closed","template":"","meta":{"_exactmetrics_skip_tracking":false,"_exactmetrics_sitenote_active":false,"_exactmetrics_sitenote_note":"","_exactmetrics_sitenote_category":0,"footnotes":""},"class_list":["post-22","page","type-page","status-publish","hentry"],"_links":{"self":[{"href":"https:\/\/boagk.se\/en\/wp-json\/wp\/v2\/pages\/22","targetHints":{"allow":["GET"]}}],"collection":[{"href":"https:\/\/boagk.se\/en\/wp-json\/wp\/v2\/pages"}],"about":[{"href":"https:\/\/boagk.se\/en\/wp-json\/wp\/v2\/types\/page"}],"author":[{"embeddable":true,"href":"https:\/\/boagk.se\/en\/wp-json\/wp\/v2\/users\/1"}],"replies":[{"embeddable":true,"href":"https:\/\/boagk.se\/en\/wp-json\/wp\/v2\/comments?post=22"}],"version-history":[{"count":117,"href":"https:\/\/boagk.se\/en\/wp-json\/wp\/v2\/pages\/22\/revisions"}],"predecessor-version":[{"id":11060,"href":"https:\/\/boagk.se\/en\/wp-json\/wp\/v2\/pages\/22\/revisions\/11060"}],"wp:attachment":[{"href":"https:\/\/boagk.se\/en\/wp-json\/wp\/v2\/media?parent=22"}],"curies":[{"name":"wp","href":"https:\/\/api.w.org\/{rel}","templated":true}]}}